{"id":36683,"date":"2024-07-25T15:27:56","date_gmt":"2024-07-25T20:27:56","guid":{"rendered":"https:\/\/ipautomationinc.com\/?page_id=36683"},"modified":"2026-02-24T10:16:57","modified_gmt":"2026-02-24T16:16:57","slug":"rada-i-d-ss","status":"publish","type":"page","link":"https:\/\/ipautomationinc.com\/cs\/i-d-ss-series\/","title":{"rendered":"Dvouhlav\u00e1 3D CNC oh\u00fdba\u010dka dr\u00e1tu \u0159ady iD-SS"},"content":{"rendered":"<h6 class=\"wp-block-heading\">Dvouhlav\u00e1 3D CNC oh\u00fdba\u010dka dr\u00e1tu iD-SS je ide\u00e1ln\u00ed pro velkoobjemov\u00e9 3D oh\u00fdb\u00e1n\u00ed jednoduch\u00fdch dr\u00e1t\u016f. iD-SS je schopen vytv\u00e1\u0159et mnoho b\u011b\u017en\u00fdch 3D tvar\u016f, kter\u00e9 iD-MS nab\u00edz\u00ed, ale s v\u00fdrazn\u011b v\u011bt\u0161\u00edm\u2026 <strong>ni\u017e\u0161\u00ed cena<\/strong>. iD-SS lze efektivn\u011b pou\u017e\u00edt k p\u0159id\u00e1n\u00ed v\u00fdznamn\u00e9 kapacity a hospod\u00e1rnosti k provozu va\u0161eho v\u00fdpisu dr\u00e1tu p\u0159esm\u011brov\u00e1n\u00edm jednodu\u0161\u0161\u00edch d\u00edl\u016f na levn\u011bj\u0161\u00ed stroj.&nbsp;<\/h6>\n\n\n\n<p><span class=\"builder2seo\"><\/span>Dvouhlav\u00e1 3D CNC oh\u00fdba\u010dka dr\u00e1tu<br><br>\u0158ada i-D-SS<br><br><img decoding=\"async\" src=\"https:\/\/ipautomationinc.com\/wp-content\/uploads\/2024\/07\/i4-D-SS-RGB.png#36680\" alt=\"i-D-SS Single Stage Double Head CNC Wire Bender\"><br>iD-SS Dvouhlav\u00e1 3D CNC oh\u00fdba\u010dka dr\u00e1tu<br>400 pixel\u016f<br><br>Kliknut\u00edm sem zobraz\u00edte video<br><a href=\"https:\/\/ipautomationinc.com\/cs\/rada-i-d-ss\/#video\">https:\/\/ipautomationinc.com\/i-d-ss-series\/#video<\/a><br>fas fa-play-circle<br>button_theme<br><br>36695,36697,36696,36698,1546<br>#0455B3<br>3px 3px 3px 3px<br>Zvyk<br><br><h4>The i-D-SS is perfect for high volume 3D bending capability on simple listing wires. The i-D-SS is capable of creating many of the common 3D shapes that the i-D-MS can, but with significantly lower cost.<\/h4><br><br><h4>iD-SS lze efektivn\u011b pou\u017e\u00edt k p\u0159id\u00e1n\u00ed v\u00fdznamn\u00e9 kapacity a hospod\u00e1rnosti k provozu va\u0161eho v\u00fdpisu dr\u00e1tu p\u0159esm\u011brov\u00e1n\u00edm jednodu\u0161\u0161\u00edch d\u00edl\u016f na levn\u011bj\u0161\u00ed stroj.\u00a0<\/h4><br><br><h3>Aplikace<\/h3><h4>P\u0159esn\u00e9 za\u0159azen\u00ed a sedlov\u00e9 dr\u00e1ty. D\u00edly s p\u0159esnou toleranc\u00ed pro operace zalisov\u00e1n\u00ed. <br><br><\/h4><br>#EBEBEB<br><br><br><img decoding=\"async\" src=\"https:\/\/ipautomationinc.com\/wp-content\/uploads\/2024\/07\/i4-D-SS-RGB.png#36680\" alt=\"i-D-SS Single Stage Double Head CNC Wire Bender\"><br>iD-SS Dvouhlav\u00e1 3D CNC oh\u00fdba\u010dka dr\u00e1tu<br>Zvyk<br>100%<br><br>Kliknut\u00edm sem zobraz\u00edte video<br><a href=\"https:\/\/ipautomationinc.com\/cs\/rada-i-d-ss\/#video\">https:\/\/ipautomationinc.com\/i-d-ss-series\/#video<\/a><br>fas fa-play-circle<br>button_theme<br><br>1546,36695,36697,36696<br>#0455B3<br>3px 3px 3px 3px<br>Zvyk<br>80%<br><br><h4>Dvouhlav\u00e1 CNC oh\u00fdba\u010dka dr\u00e1tu iD-SS je ide\u00e1ln\u00ed pro velkoobjemov\u00e9 3D oh\u00fdb\u00e1n\u00ed jednoduch\u00fdch dr\u00e1t\u016f. iD-SS je schopen vytv\u00e1\u0159et mnoho b\u011b\u017en\u00fdch 3D tvar\u016f jako iD-MS, ale s v\u00fdrazn\u011b ni\u017e\u0161\u00edmi n\u00e1klady. iD-SS lze efektivn\u011b vyu\u017e\u00edt k v\u00fdznamn\u00e9mu zv\u00fd\u0161en\u00ed kapacity a \u00faspornosti va\u0161eho procesu v\u00fdroby dr\u00e1t\u016f t\u00edm, \u017ee se jednodu\u0161\u0161\u00ed d\u00edly p\u0159esm\u011bruj\u00ed na levn\u011bj\u0161\u00ed stroj.<\/h4><br><br><h3>Aplikace<\/h3><h4>P\u0159esn\u00e9 za\u0159azen\u00ed a sedlov\u00e9 dr\u00e1ty. D\u00edly s p\u0159esnou toleranc\u00ed pro operace zalisov\u00e1n\u00ed. <br><br><\/h4><br>#EBEBEB<br><br><br>M\u00e9dia<br><br>;C;;<br><br>36694,36692,36693,36699<br>velk\u00fd<br>200 pixel\u016f<br>168 pixel\u016f<br>p\u0159ekryt\u00ed_titulku_img<br><br><br>Funkce<br><br>Oh\u00fdb\u00e1n\u00ed<br>Programov\u00e1n\u00ed<br>Podrobnosti<br>Uspo\u0159\u00e1d\u00e1n\u00ed stroje<br><br><br>\t8 servoos: X \u2013 posuv, C \u2013 \u0159eza\u010dka, Y \u2013 ot\u00e1\u010den\u00ed \u010depu oh\u00fdba\u010dky (2X), P \u2013 v\u00fd\u0161ka oh\u00fdbac\u00ed hlavy (2X), p\u0159enos osy X, ot\u00e1\u010den\u00ed p\u0159enosu<br><br>\tA\u017e 2 r\u00e1diusy<br><br>In\u017een\u00fd\u0159i IP Automation a CNC stroje v\u0161echny oh\u00fdbac\u00ed hlavy, \u0159eza\u010dky a v\u00e1le\u010dky pro pod\u00e1v\u00e1n\u00ed dr\u00e1tu vlastn\u00ed za rozumnou cenu s rychlou obr\u00e1tkou<br><br><br><br><br>\t<a href=\"https:\/\/ipautomationinc.com\/cs\/schopnosti-stroje\/\">Software Intellibend <\/a> v opera\u010dn\u00edm syst\u00e9mu Windows 10<br><br>Form\u00e1t CNC programu d\u00e9lka-rotace-\u00fahel<br><br>\tIntegrovan\u00fd v\u00fdrobn\u00ed dashboard, funkce \u0159\u00edzen\u00ed \u0161ar\u017e\u00ed<br><br>\t21,5\u2033 multidotykov\u00fd displej<br><br>\tVzd\u00e1len\u00e9 p\u0159ipojen\u00ed p\u0159es VPN tunel<br><br>\tProtokol OPC-UA pro pr\u016fmysl 4.0<br><br>\t<br><br><br>Odv\u00edjen\u00ed dr\u00e1tu s kapacitou ramene s line\u00e1rn\u00edm pohybem: 3000 lb. (mo\u017enost 4500 lbs. k dispozici) <br><br>7\u2032 (2,13 m) bezpe\u010dnostn\u00ed klec s bezpe\u010dnostn\u00edm blokov\u00e1n\u00edm dve\u0159\u00ed<br><br>4 rovinn\u00e1 rovna\u010dka dr\u00e1tu<br><br>V\u0161echny syst\u00e9my posuvu a ohybu maj\u00ed tvrzen\u00e1 ozuben\u00e1 kola a jsou pln\u011b uzav\u0159en\u00e9.<br><br>Rychloup\u00ednac\u00ed tvrzen\u00e9 pod\u00e1vac\u00ed v\u00e1le\u010dky pro 2 velikosti dr\u00e1tu<br><br>Line\u00e1rn\u00ed enkod\u00e9r na posuvu dr\u00e1tu pro p\u0159esnost a detekci skluzu<br><br>K dispozici \u0161kolen\u00ed na m\u00edst\u011b<br><br>Mo\u017enost robotick\u00e9 integrace<br><br><br><div class=\"image_frame image_item scale-with-grid element_classes no_border hover-disable mfn-img-box\"  role=\"link\" aria-label=\"Obr\u00e1zek s odkazy\" tabindex=\"0\"><div class=\"image_wrapper\"><a href=\"https:\/\/ipautomationinc.com\/wp-content\/uploads\/2024\/07\/i4-D-SS-Front-View-Layout.jpg\" rel=\"prettyphoto\"   class=\"\"  tabindex=\"-1\" title=\"\"><div class=\"mask\"><\/div><img decoding=\"async\" class=\"scale-with-grid\" src=\"https:\/\/ipautomationinc.com\/wp-content\/uploads\/2024\/07\/i4-D-SS-Front-View-Layout.jpg\" fetchpriority=\"high\" alt=\"Rozvr\u017een\u00ed \u010deln\u00edho pohledu i4-D-SS\" title=\"\" width=\"420\" height=\"512\" style=\"\"\/><\/a><div class=\"image_links\"><a href=\"https:\/\/ipautomationinc.com\/wp-content\/uploads\/2024\/07\/i4-D-SS-Front-View-Layout.jpg\" class=\"zoom\" rel=\"prettyphoto\" tabindex=\"-1\" aria-label=\"zv\u011bt\u0161it obr\u00e1zek\" title=\"\"><svg viewbox=\"0 0 26 26\"><defs><style>.path{fill:none;stroke:#333;stroke-miterlimit:10;stroke-width:1.5px;}<\/style><\/defs><circle cx=\"11.35\" cy=\"11.35\" r=\"6\" class=\"path\"\/><line x1=\"15.59\" y1=\"15.59\" x2=\"20.65\" y2=\"20.65\" class=\"path\"\/><\/svg><\/a><\/div><\/div><p class=\"wp-caption-text\">iD-SS \u010deln\u00ed pohled<\/p><\/div>\n<br><br><br><br><div class=\"image_frame image_item scale-with-grid element_classes no_border hover-disable mfn-img-box\"  role=\"link\" aria-label=\"Obr\u00e1zek s odkazy\" tabindex=\"0\"><div class=\"image_wrapper\"><a href=\"https:\/\/ipautomationinc.com\/wp-content\/uploads\/2024\/07\/i4-D-SS-Top-View-Layout.jpg\" rel=\"prettyphoto\"   class=\"\"  tabindex=\"-1\" title=\"\"><div class=\"mask\"><\/div><img decoding=\"async\" class=\"scale-with-grid\" src=\"https:\/\/ipautomationinc.com\/wp-content\/uploads\/2024\/07\/i4-D-SS-Top-View-Layout.jpg\" fetchpriority=\"high\" alt=\"i4-D-SS rozvr\u017een\u00ed pohledu shora\" title=\"\" width=\"420\" height=\"540\" style=\"\"\/><\/a><div class=\"image_links\"><a href=\"https:\/\/ipautomationinc.com\/wp-content\/uploads\/2024\/07\/i4-D-SS-Top-View-Layout.jpg\" class=\"zoom\" rel=\"prettyphoto\" tabindex=\"-1\" aria-label=\"zv\u011bt\u0161it obr\u00e1zek\" title=\"\"><svg viewbox=\"0 0 26 26\"><defs><style>.path{fill:none;stroke:#333;stroke-miterlimit:10;stroke-width:1.5px;}<\/style><\/defs><circle cx=\"11.35\" cy=\"11.35\" r=\"6\" class=\"path\"\/><line x1=\"15.59\" y1=\"15.59\" x2=\"20.65\" y2=\"20.65\" class=\"path\"\/><\/svg><\/a><\/div><\/div><p class=\"wp-caption-text\">iD-SS pohled shora<\/p><\/div>\n<br>#EBEBEB<br>#222222<br><br><br>Specifikace<br><br><br><br><p>*Schopnost minim\u00e1ln\u00edho a maxim\u00e1ln\u00edho pr\u016fm\u011bru je ovlivn\u011bna pevnost\u00ed dr\u00e1tu v tahu. Kontaktujte n\u00e1s pro objasn\u011bn\u00ed rozsahu min\/max pro v\u00e1\u0161 typ dr\u00e1tu.<\/p><br><br><br>Mo\u017enosti stroje<br><br>Inteligentn\u00ed robotika<br>s p\u0159izp\u016fsoben\u00fdm EOAT<br><img decoding=\"async\" src=\"https:\/\/ipautomationinc.com\/wp-content\/uploads\/2022\/06\/machine-options_robot.png#1271\" alt=\"robot-mo\u017enosti_stroje\"><br><a href=\"https:\/\/ipautomationinc.com\/cs\/prislusenstvi\/roboticka\/\">https:\/\/ipautomationinc.com\/accessories\/robotics\/<\/a><br>krabicov\u00e9 m\u011b\u0159\u00edtko<br>70%<br><br><br>Mo\u017enosti stroje<br><br>Inteligentn\u00ed robotika<br>s p\u0159izp\u016fsoben\u00fdm EOAT<br><img decoding=\"async\" src=\"https:\/\/ipautomationinc.com\/wp-content\/uploads\/2022\/06\/machine-options_robot.png\" alt=\"robot-mo\u017enosti_stroje\"><br><a href=\"https:\/\/ipautomationinc.com\/cs\/prislusenstvi\/roboticka\/\">https:\/\/ipautomationinc.com\/accessories\/robotics\/<\/a><br>krabicov\u00e9 m\u011b\u0159\u00edtko<br>70%<br><br>BW-45 sv\u00e1\u0159e\u010dka na tupo<br>s oto\u010dn\u00fdm kle\u0161t\u011bm<br><img decoding=\"async\" src=\"https:\/\/ipautomationinc.com\/wp-content\/uploads\/2023\/08\/machine-options_BW-45.png#29270\" alt=\"\"><br><a href=\"https:\/\/ipautomationinc.com\/cs\/prislusenstvi\/automatizovane-svarecky\/\">https:\/\/ipautomationinc.com\/accessories\/automated-welders\/<\/a><br>krabicov\u00e9 m\u011b\u0159\u00edtko<br>70%<br><br>Kontrola zraku<br><img decoding=\"async\" src=\"https:\/\/ipautomationinc.com\/wp-content\/uploads\/2022\/06\/machine-options_vision-inspection-closeup.png\" alt=\"machine-options_vision-inspection-closeup\"><br>krabicov\u00e9 m\u011b\u0159\u00edtko<br>70%<br><br>Krimpovac\u00ed lis<br><img decoding=\"async\" src=\"https:\/\/ipautomationinc.com\/wp-content\/uploads\/2024\/01\/crimping-press-icon.png#35637\" alt=\"\"><br><a href=\"https:\/\/ipautomationinc.com\/cs\/prislusenstvi\/krimpovaci-lis\/\">https:\/\/ipautomationinc.com\/accessories\/crimping-press\/<\/a><br>krabicov\u00e9 m\u011b\u0159\u00edtko<br>70%<br><br>Servo lis<br><img decoding=\"async\" src=\"https:\/\/ipautomationinc.com\/wp-content\/uploads\/2022\/06\/machine-options_servo-press.png\" alt=\"machine-options_servo-press\"><br>krabicov\u00e9 m\u011b\u0159\u00edtko<br>70%<br><br>Studen\u00e1 hlavi\u010dka<br><img decoding=\"async\" src=\"https:\/\/ipautomationinc.com\/wp-content\/uploads\/2022\/06\/machine-options_cold-heading.png\" alt=\"stroj-volby_studen\u00fd-hlavice\"><br>krabicov\u00e9 m\u011b\u0159\u00edtko<br>70%<br><br>Stanice pro uvoln\u011bn\u00ed stresu<br><img decoding=\"async\" src=\"https:\/\/ipautomationinc.com\/wp-content\/uploads\/2022\/06\/machine-options_stress-relieving.png\" alt=\"strojov\u00e9 mo\u017enosti_uvol\u0148uj\u00edc\u00ed stres\"><br>krabicov\u00e9 m\u011b\u0159\u00edtko<br>70%<br><br>Z\u00edskejte cenu hned te\u010f!<br>ikona vp\u0159ed<br><a href=\"https:\/\/ipautomationinc.com\/cs\/kontaktujte-nas\/#form\">https:\/\/ipautomationinc.com\/contact-us\/#form<\/a><br>50 pixel\u016f<br><br>Dal\u0161\u00ed CNC oh\u00fdba\u010dky dr\u00e1tu<br><br><h4>Oh\u00fdba\u010dky dr\u00e1tu s jednou hlavou<\/h4><br><br><p><hr class=\"no_line\" style=\"margin: 0 auto 0px auto\"\/>\n <a href=\"https:\/\/ipautomationinc.com\/cs\/jednohlave-cnc-ohybacky-dratu\/\"> <img decoding=\"async\" src=\"https:\/\/ipautomationinc.com\/wp-content\/uploads\/2023\/02\/i8-S-RGB-1.png\" alt=\"iS CNC Wire Former\"> <\/a> <hr class=\"no_line\" style=\"margin: 0 auto 0px auto\"\/>\n <a class=\"mfn-link mfn-link-1\" href=\"\" style=\"\" data-hover=\"\"   ><span data-hover=\"\"><\/span><\/a><\/p><br>neopakovat;vlevo naho\u0159e;;<br>auto<br><br><h4>2D oh\u00fdba\u010dky dr\u00e1tu<\/h4><br><br><p><hr class=\"no_line\" style=\"margin: 0 auto 0px auto\"\/>\n <a href=\"https:\/\/ipautomationinc.com\/cs\/rada-2d\/\"> <img decoding=\"async\" src=\"https:\/\/ipautomationinc.com\/wp-content\/uploads\/2026\/02\/i10-S-2D-2D-CNC-Wire-Bending-Machine-With-Automated-Welder.png\" alt=\"2D oh\u00fdba\u010dka dr\u00e1tu\"> <\/a> <hr class=\"no_line\" style=\"margin: 0 auto 0px auto\"\/>\n <a class=\"mfn-link mfn-link-1\" href=\"\" style=\"\" data-hover=\"\"   ><span data-hover=\"\"><\/span><\/a><\/p><br>neopakovat;vlevo naho\u0159e;;<br>auto<br><br><\/p>","protected":false},"excerpt":{"rendered":"<p>The i-D-SS double head 3D CNC wire bender is perfect for high volume 3D bending capability on simple listing wires.<span class=\"excerpt-hellip\"> [\u2026]<\/span><\/p>\n","protected":false},"author":3,"featured_media":0,"parent":0,"menu_order":0,"comment_status":"closed","ping_status":"closed","template":"","meta":{"footnotes":""},"class_list":["post-36683","page","type-page","status-publish","hentry"],"yoast_head":"<!-- This site is optimized with the Yoast SEO plugin v27.3 - https:\/\/yoast.com\/product\/yoast-seo-wordpress\/ -->\n<title>i-D-SS Series Double Head 3D CNC Wire Bender | IP Automation Inc<\/title>\n<meta name=\"description\" content=\"The i-D-SS double head 3D CNC bender is perfect for high volume 3D bending capability on simple listing wires.\" \/>\n<meta name=\"robots\" content=\"index, follow, max-snippet:-1, max-image-preview:large, max-video-preview:-1\" \/>\n<link rel=\"canonical\" href=\"https:\/\/ipautomationinc.com\/cs\/rada-i-d-ss\/\" \/>\n<meta property=\"og:locale\" content=\"cs_CZ\" \/>\n<meta property=\"og:type\" content=\"article\" \/>\n<meta property=\"og:title\" content=\"i-D-SS Series Double Head 3D CNC Wire Bender | IP Automation Inc\" \/>\n<meta property=\"og:description\" content=\"The i-D-SS double head 3D CNC bender is perfect for high volume 3D bending capability on simple listing wires.\" \/>\n<meta property=\"og:url\" content=\"https:\/\/ipautomationinc.com\/cs\/rada-i-d-ss\/\" \/>\n<meta property=\"og:site_name\" content=\"IP Automation Inc\" \/>\n<meta property=\"article:publisher\" content=\"https:\/\/www.facebook.com\/ipautomationinc\/\" \/>\n<meta property=\"article:modified_time\" content=\"2026-02-24T16:16:57+00:00\" \/>\n<meta property=\"og:image\" content=\"https:\/\/ipautomationinc.com\/wp-content\/uploads\/2024\/07\/i4-D-SS-RGB.png#36680\" \/>\n<script type=\"application\/ld+json\" class=\"yoast-schema-graph\">{\"@context\":\"https:\\\/\\\/schema.org\",\"@graph\":[{\"@type\":\"WebPage\",\"@id\":\"https:\\\/\\\/ipautomationinc.com\\\/i-d-ss-series\\\/\",\"url\":\"https:\\\/\\\/ipautomationinc.com\\\/i-d-ss-series\\\/\",\"name\":\"i-D-SS Series Double Head 3D CNC Wire Bender | IP Automation Inc\",\"isPartOf\":{\"@id\":\"https:\\\/\\\/ipautomationinc.com\\\/#website\"},\"primaryImageOfPage\":{\"@id\":\"https:\\\/\\\/ipautomationinc.com\\\/i-d-ss-series\\\/#primaryimage\"},\"image\":{\"@id\":\"https:\\\/\\\/ipautomationinc.com\\\/i-d-ss-series\\\/#primaryimage\"},\"thumbnailUrl\":\"https:\\\/\\\/ipautomationinc.com\\\/wp-content\\\/uploads\\\/2024\\\/07\\\/i4-D-SS-RGB.png#36680\",\"datePublished\":\"2024-07-25T20:27:56+00:00\",\"dateModified\":\"2026-02-24T16:16:57+00:00\",\"description\":\"The i-D-SS double head 3D CNC bender is perfect for high volume 3D bending capability on simple listing wires.\",\"inLanguage\":\"cs\",\"potentialAction\":[{\"@type\":\"ReadAction\",\"target\":[\"https:\\\/\\\/ipautomationinc.com\\\/i-d-ss-series\\\/\"]}]},{\"@type\":\"ImageObject\",\"inLanguage\":\"cs\",\"@id\":\"https:\\\/\\\/ipautomationinc.com\\\/i-d-ss-series\\\/#primaryimage\",\"url\":\"https:\\\/\\\/ipautomationinc.com\\\/wp-content\\\/uploads\\\/2024\\\/07\\\/i4-D-SS-RGB.png#36680\",\"contentUrl\":\"https:\\\/\\\/ipautomationinc.com\\\/wp-content\\\/uploads\\\/2024\\\/07\\\/i4-D-SS-RGB.png#36680\"},{\"@type\":\"WebSite\",\"@id\":\"https:\\\/\\\/ipautomationinc.com\\\/#website\",\"url\":\"https:\\\/\\\/ipautomationinc.com\\\/\",\"name\":\"IP Automation Inc\",\"description\":\"Concept... Creation... Reality...\",\"publisher\":{\"@id\":\"https:\\\/\\\/ipautomationinc.com\\\/#organization\"},\"potentialAction\":[{\"@type\":\"SearchAction\",\"target\":{\"@type\":\"EntryPoint\",\"urlTemplate\":\"https:\\\/\\\/ipautomationinc.com\\\/?s={search_term_string}\"},\"query-input\":{\"@type\":\"PropertyValueSpecification\",\"valueRequired\":true,\"valueName\":\"search_term_string\"}}],\"inLanguage\":\"cs\"},{\"@type\":\"Organization\",\"@id\":\"https:\\\/\\\/ipautomationinc.com\\\/#organization\",\"name\":\"IP Automation Inc\",\"url\":\"https:\\\/\\\/ipautomationinc.com\\\/\",\"logo\":{\"@type\":\"ImageObject\",\"inLanguage\":\"cs\",\"@id\":\"https:\\\/\\\/ipautomationinc.com\\\/#\\\/schema\\\/logo\\\/image\\\/\",\"url\":\"https:\\\/\\\/ipautomationinc.com\\\/wp-content\\\/uploads\\\/2022\\\/05\\\/IPA-Favicon.png\",\"contentUrl\":\"https:\\\/\\\/ipautomationinc.com\\\/wp-content\\\/uploads\\\/2022\\\/05\\\/IPA-Favicon.png\",\"width\":513,\"height\":513,\"caption\":\"IP Automation Inc\"},\"image\":{\"@id\":\"https:\\\/\\\/ipautomationinc.com\\\/#\\\/schema\\\/logo\\\/image\\\/\"},\"sameAs\":[\"https:\\\/\\\/www.facebook.com\\\/ipautomationinc\\\/\",\"https:\\\/\\\/www.linkedin.com\\\/company\\\/ip-automation-inc\\\/\",\"https:\\\/\\\/www.youtube.com\\\/@IPAutomation\"]}]}<\/script>\n<!-- \/ Yoast SEO plugin. -->","yoast_head_json":{"title":"Dvouhlav\u00e1 3D CNC oh\u00fdba\u010dka dr\u00e1tu \u0159ady i-D-SS | IP Automation Inc","description":"Dvouhlav\u00e1 3D CNC oh\u00fdba\u010dka iD-SS je ide\u00e1ln\u00ed pro velkoobjemov\u00e9 3D oh\u00fdb\u00e1n\u00ed na jednoduch\u00fdch dr\u00e1tech.","robots":{"index":"index","follow":"follow","max-snippet":"max-snippet:-1","max-image-preview":"max-image-preview:large","max-video-preview":"max-video-preview:-1"},"canonical":"https:\/\/ipautomationinc.com\/cs\/rada-i-d-ss\/","og_locale":"cs_CZ","og_type":"article","og_title":"i-D-SS Series Double Head 3D CNC Wire Bender | IP Automation Inc","og_description":"The i-D-SS double head 3D CNC bender is perfect for high volume 3D bending capability on simple listing wires.","og_url":"https:\/\/ipautomationinc.com\/cs\/rada-i-d-ss\/","og_site_name":"IP Automation Inc","article_publisher":"https:\/\/www.facebook.com\/ipautomationinc\/","article_modified_time":"2026-02-24T16:16:57+00:00","og_image":[{"url":"https:\/\/ipautomationinc.com\/wp-content\/uploads\/2024\/07\/i4-D-SS-RGB.png#36680","type":"","width":"","height":""}],"schema":{"@context":"https:\/\/schema.org","@graph":[{"@type":"WebPage","@id":"https:\/\/ipautomationinc.com\/i-d-ss-series\/","url":"https:\/\/ipautomationinc.com\/i-d-ss-series\/","name":"Dvouhlav\u00e1 3D CNC oh\u00fdba\u010dka dr\u00e1tu \u0159ady i-D-SS | IP Automation Inc","isPartOf":{"@id":"https:\/\/ipautomationinc.com\/#website"},"primaryImageOfPage":{"@id":"https:\/\/ipautomationinc.com\/i-d-ss-series\/#primaryimage"},"image":{"@id":"https:\/\/ipautomationinc.com\/i-d-ss-series\/#primaryimage"},"thumbnailUrl":"https:\/\/ipautomationinc.com\/wp-content\/uploads\/2024\/07\/i4-D-SS-RGB.png#36680","datePublished":"2024-07-25T20:27:56+00:00","dateModified":"2026-02-24T16:16:57+00:00","description":"Dvouhlav\u00e1 3D CNC oh\u00fdba\u010dka iD-SS je ide\u00e1ln\u00ed pro velkoobjemov\u00e9 3D oh\u00fdb\u00e1n\u00ed na jednoduch\u00fdch dr\u00e1tech.","inLanguage":"cs","potentialAction":[{"@type":"ReadAction","target":["https:\/\/ipautomationinc.com\/i-d-ss-series\/"]}]},{"@type":"ImageObject","inLanguage":"cs","@id":"https:\/\/ipautomationinc.com\/i-d-ss-series\/#primaryimage","url":"https:\/\/ipautomationinc.com\/wp-content\/uploads\/2024\/07\/i4-D-SS-RGB.png#36680","contentUrl":"https:\/\/ipautomationinc.com\/wp-content\/uploads\/2024\/07\/i4-D-SS-RGB.png#36680"},{"@type":"WebSite","@id":"https:\/\/ipautomationinc.com\/#website","url":"https:\/\/ipautomationinc.com\/","name":"IP Automation Inc","description":"Koncept... Tvorba... Realita...","publisher":{"@id":"https:\/\/ipautomationinc.com\/#organization"},"potentialAction":[{"@type":"SearchAction","target":{"@type":"EntryPoint","urlTemplate":"https:\/\/ipautomationinc.com\/?s={search_term_string}"},"query-input":{"@type":"PropertyValueSpecification","valueRequired":true,"valueName":"search_term_string"}}],"inLanguage":"cs"},{"@type":"Organization","@id":"https:\/\/ipautomationinc.com\/#organization","name":"IP Automation Inc","url":"https:\/\/ipautomationinc.com\/","logo":{"@type":"ImageObject","inLanguage":"cs","@id":"https:\/\/ipautomationinc.com\/#\/schema\/logo\/image\/","url":"https:\/\/ipautomationinc.com\/wp-content\/uploads\/2022\/05\/IPA-Favicon.png","contentUrl":"https:\/\/ipautomationinc.com\/wp-content\/uploads\/2022\/05\/IPA-Favicon.png","width":513,"height":513,"caption":"IP Automation Inc"},"image":{"@id":"https:\/\/ipautomationinc.com\/#\/schema\/logo\/image\/"},"sameAs":["https:\/\/www.facebook.com\/ipautomationinc\/","https:\/\/www.linkedin.com\/company\/ip-automation-inc\/","https:\/\/www.youtube.com\/@IPAutomation"]}]}},"_links":{"self":[{"href":"https:\/\/ipautomationinc.com\/cs\/wp-json\/wp\/v2\/pages\/36683","targetHints":{"allow":["GET"]}}],"collection":[{"href":"https:\/\/ipautomationinc.com\/cs\/wp-json\/wp\/v2\/pages"}],"about":[{"href":"https:\/\/ipautomationinc.com\/cs\/wp-json\/wp\/v2\/types\/page"}],"author":[{"embeddable":true,"href":"https:\/\/ipautomationinc.com\/cs\/wp-json\/wp\/v2\/users\/3"}],"replies":[{"embeddable":true,"href":"https:\/\/ipautomationinc.com\/cs\/wp-json\/wp\/v2\/comments?post=36683"}],"version-history":[{"count":6,"href":"https:\/\/ipautomationinc.com\/cs\/wp-json\/wp\/v2\/pages\/36683\/revisions"}],"predecessor-version":[{"id":39493,"href":"https:\/\/ipautomationinc.com\/cs\/wp-json\/wp\/v2\/pages\/36683\/revisions\/39493"}],"wp:attachment":[{"href":"https:\/\/ipautomationinc.com\/cs\/wp-json\/wp\/v2\/media?parent=36683"}],"curies":[{"name":"wp","href":"https:\/\/api.w.org\/{rel}","templated":true}]}}