{"id":35632,"date":"2024-06-18T14:23:37","date_gmt":"2024-06-18T19:23:37","guid":{"rendered":"https:\/\/ipautomationinc.com\/?page_id=35632"},"modified":"2026-04-06T10:20:12","modified_gmt":"2026-04-06T15:20:12","slug":"rada-ip","status":"publish","type":"page","link":"https:\/\/ipautomationinc.com\/cs\/i-p-series\/","title":{"rendered":"P Series Single Piece CNC Wire Bender"},"content":{"rendered":"<p>The P series Single Piece CNC wire bender is designed to make easy work of your challenging parts and part mixes that require versatility and flexibility for low volume applications. For low volume applications, setup and changeover is faster with fewer elements to adjust. For special materials, tubing, pre-machined rods, and end formed parts that cannot be fed from coil, the pre-cut piece loading will allow you to have incredible 3D CNC bending capability. A magazine feeding option is available for a significant increase in production and un-attended operation.<\/p>\n\n\n\n<p><span class=\"builder2seo\"><\/span>Jednod\u00edln\u00e1 3D CNC oh\u00fdba\u010dka dr\u00e1tu<br><br>\u0158ada iP<br><br><img decoding=\"async\" src=\"https:\/\/ipautomationinc.com\/wp-content\/uploads\/2026\/02\/i10-S\u00b2-P-Single-Piece-3D-CNC-Wire-Bender-and-Kiosk.png#39503\" alt=\"i10-S\u00b2-P Single Piece 3D CNC Wire Bender and Kiosk\"><br>CNC oh\u00fdba\u010dka dr\u00e1tu i-S\u00b2-T<br>400 pixel\u016f<br><br>Kliknut\u00edm sem zobraz\u00edte let\u00e1k v PDF<br><a href=\"https:\/\/ipautomationinc.com\/wp-content\/uploads\/2026\/03\/i-P-Flyer.pdf\">https:\/\/ipautomationinc.com\/wp-content\/uploads\/2026\/03\/i-P-Flyer.pdf<\/a><br>fas fa-file-pdf<br>button_theme<br>https:\/\/ipautomationinc.com\/wp-content\/uploads\/2026\/03\/i-P-Flyer.pdf<br><br>35673,35674,36656,36655<br>#0455B3<br>3px 3px 3px 3px<br><br><h4>CNC oh\u00fdba\u010dka dr\u00e1tu iP Single Piece je navr\u017eena tak, aby usnadnila pr\u00e1ci s n\u00e1ro\u010dn\u00fdmi d\u00edly a kombinacemi d\u00edl\u016f, kter\u00e9 vy\u017eaduj\u00ed v\u0161estrannost a flexibilitu pro n\u00edzkoobjemov\u00e9 aplikace.<\/h4><br><br><h4>U aplikac\u00ed s n\u00edzkou hlasitost\u00ed je nastaven\u00ed a zm\u011bna rychlej\u0161\u00ed s men\u0161\u00edm po\u010dtem prvk\u016f k \u00faprav\u011b.<\/h4><br><br><h4>U speci\u00e1ln\u00edch materi\u00e1l\u016f, trubek, p\u0159edem opracovan\u00fdch ty\u010d\u00ed a koncov\u00fdch tvarovan\u00fdch d\u00edl\u016f, kter\u00e9 nelze pod\u00e1vat ze svitku, v\u00e1m vkl\u00e1d\u00e1n\u00ed p\u0159edem na\u0159ezan\u00fdch kus\u016f umo\u017en\u00ed m\u00edt neuv\u011b\u0159itelnou schopnost 3D CNC oh\u00fdb\u00e1n\u00ed.<\/h4><br><br><h4>Pro v\u00fdrazn\u00e9 zv\u00fd\u0161en\u00ed produkce a bezobslu\u017en\u00fd provoz je k dispozici mo\u017enost pod\u00e1v\u00e1n\u00ed ze z\u00e1sobn\u00edku. Mo\u017enost jedn\u00e9 nebo dvou oh\u00fdbac\u00edch hlav.<\/h4><br><br><h3>Aplikace<\/h3><br><br><h4>V\u00fdfukov\u00e9 z\u00e1v\u011bsy, n\u00edzkoobjemov\u00e9 d\u00edly s vysok\u00fdm mixem, topn\u00e1 t\u011blesa a d\u00edly s uzav\u0159en\u00fdm koncem.<\/h4><br>#EBEBEB<br><br><img decoding=\"async\" src=\"https:\/\/ipautomationinc.com\/wp-content\/uploads\/2026\/02\/i10-S\u00b2-P-Single-Piece-3D-CNC-Wire-Bender-and-Kiosk.png#39503\" alt=\"i10-S\u00b2-P Single Piece 3D CNC Wire Bender and Kiosk\"><br>CNC oh\u00fdba\u010dka dr\u00e1tu i-S\u00b2-T<br><br>Kliknut\u00edm sem zobraz\u00edte let\u00e1k v PDF<br><a href=\"https:\/\/ipautomationinc.com\/wp-content\/uploads\/2026\/03\/i-P-Flyer.pdf\">https:\/\/ipautomationinc.com\/wp-content\/uploads\/2026\/03\/i-P-Flyer.pdf<\/a><br>fas fa-file-pdf<br>button_theme<br>https:\/\/ipautomationinc.com\/wp-content\/uploads\/2026\/03\/i-P-Flyer.pdf<br><br>36656,36655,35674,35673<br>#0455B3<br>3px 3px 3px 3px<br>Zvyk<br>80%<br><br><h4>CNC oh\u00fdba\u010dka dr\u00e1tu iP Single Piece je navr\u017eena tak, aby usnadnila pr\u00e1ci s n\u00e1ro\u010dn\u00fdmi d\u00edly a kombinacemi d\u00edl\u016f, kter\u00e9 vy\u017eaduj\u00ed v\u0161estrannost a flexibilitu pro n\u00edzkoobjemov\u00e9 aplikace.<\/h4><br><br><h4>U aplikac\u00ed s n\u00edzkou hlasitost\u00ed je nastaven\u00ed a zm\u011bna rychlej\u0161\u00ed s men\u0161\u00edm po\u010dtem prvk\u016f k \u00faprav\u011b.<\/h4><br><br><h4>U speci\u00e1ln\u00edch materi\u00e1l\u016f, trubek, p\u0159edem opracovan\u00fdch ty\u010d\u00ed a koncov\u00fdch tvarovan\u00fdch d\u00edl\u016f, kter\u00e9 nelze pod\u00e1vat ze svitku, v\u00e1m vkl\u00e1d\u00e1n\u00ed p\u0159edem na\u0159ezan\u00fdch kus\u016f umo\u017en\u00ed m\u00edt neuv\u011b\u0159itelnou schopnost 3D CNC oh\u00fdb\u00e1n\u00ed.<\/h4><br><br><h4>Pro v\u00fdrazn\u00e9 zv\u00fd\u0161en\u00ed produkce a bezobslu\u017en\u00fd provoz je k dispozici mo\u017enost pod\u00e1v\u00e1n\u00ed ze z\u00e1sobn\u00edku. Mo\u017enost jedn\u00e9 nebo dvou oh\u00fdbac\u00edch hlav.<\/h4><br><br><h3>Aplikace<\/h3><br><br><h4>V\u00fdfukov\u00e9 z\u00e1v\u011bsy, n\u00edzkoobjemov\u00e9 d\u00edly s vysok\u00fdm mixem, topn\u00e1 t\u011blesa a d\u00edly s uzav\u0159en\u00fdm koncem<\/h4><br>#EBEBEB<br><br><br>M\u00e9dia<br><br>velk\u00fd<br><br><br>Funkce<br><br>Oh\u00fdb\u00e1n\u00ed<br>Programov\u00e1n\u00ed<br>Podrobnosti<br>Uspo\u0159\u00e1d\u00e1n\u00ed stroje<br><br><br><p>S\u00b2 (S-\u010dtvercov\u00e1) ohebn\u00e1 hlava<\/p><br><br>Dv\u011b hlavy s a\u017e 16 r\u00e1diusy nebo vlastn\u00ed oh\u00fdbac\u00ed n\u00e1stroje<br><br>Zm\u011bna polohy na po\u017e\u00e1d\u00e1n\u00ed na kteroukoli oh\u00fdbac\u00ed hlavu pro trn, nos a generovan\u00e9 oh\u00fdb\u00e1n\u00ed<br><br>Servo \u0159\u00edzen\u00e1 v\u00fd\u0161ka oh\u00fdbac\u00ed hlavy umo\u017e\u0148uje v\u00edcevrstv\u00e9 obr\u00e1b\u011bn\u00ed<br><br>Mimo\u0159ad\u00e9 oh\u00fdb\u00e1n\u00ed je mo\u017en\u00e9 s absolutn\u00edm polohov\u00e1n\u00edm oh\u00fdbac\u00ed hlavy<br><br>Modul\u00e1rn\u00ed konstrukce n\u00e1stroj\u016f se vyzna\u010duje snadnou v\u00fdm\u011bnou oh\u00fdbac\u00edho \u010depu<br><br>Polohov\u00e1n\u00ed mimo rovinu umo\u017e\u0148uje n\u00e1stroje pro oh\u00fdb\u00e1n\u00ed trubek a rychl\u00e9 a p\u0159esn\u00e9 oh\u00fdb\u00e1n\u00ed ve stylu trnu<br><br><p>Dut\u00fd up\u00ednac\u00ed mechanismus a v\u00fdsuvn\u00e9 veden\u00ed<\/p><br><br>Dut\u00e1 sv\u011brka pneumaticky uchopuje materi\u00e1l a umo\u017e\u0148uje \u0159\u00edzen\u00fd pohyb v ose x k oh\u00fdbac\u00ed hlav\u011b<br><br>D\u00edly mohou b\u00fdt o mnoho metr\u016f del\u0161\u00ed ne\u017e stroj, pokud jsou spr\u00e1vn\u011b podep\u0159eny<br><br>Oh\u00fdbac\u00ed hlava m\u016f\u017ee dr\u017eet d\u00edl nehybn\u011b, zat\u00edmco svorky se pohybuj\u00ed zp\u011bt k uchopen\u00ed<br><br>Zasouvac\u00ed vod\u00edtko poskytuje podporu b\u011bhem pod\u00e1v\u00e1n\u00ed a oh\u00fdb\u00e1n\u00ed a pohybuje se mimo cestu, aby se pohybliv\u00e1 sv\u011brka mohla pohybovat a\u017e k oh\u00fdbac\u00ed hlav\u011b<br><br><br><br><br>\t<a href=\"https:\/\/ipautomationinc.com\/cs\/schopnosti-stroje\/\">Software Intellibend <\/a> v opera\u010dn\u00edm syst\u00e9mu Windows 10<br><br>Form\u00e1t CNC programu d\u00e9lka-rotace-\u00fahel<br><br>\tV\u00fdrobn\u00ed panel s programov\u00e1n\u00edm sazeb a d\u00e1vek v re\u00e1ln\u00e9m \u010dase<br><br>\t18,5\u2033 multidotykov\u00e1 obrazovka integrovan\u00e1 s pr\u016fmyslov\u00fdm PC<br><br>\tVzd\u00e1len\u00e9 p\u0159ipojen\u00ed p\u0159es VPN tunel<br><br>\tProtokol OPC-UA pro pr\u016fmysl 4.0<br><br>K dispozici jsou vlastn\u00ed I\/O funkce<br><br><p>Ovl\u00e1dac\u00ed centrum kiosku<\/p><br><br>V \u0159\u00eddic\u00ed jednotce kiosku je um\u00edst\u011bn po\u010d\u00edta\u010d se softwarem Intellibend a E-stop<br><br>Poskytuje flexibiln\u00ed um\u00edst\u011bn\u00ed pro r\u016fzn\u00e9 konfigurace bun\u011bk<br><br>Umo\u017e\u0148uje v\u011bt\u0161\u00ed v\u016fli p\u0159i pou\u017eit\u00ed z\u00e1sobn\u00edku<br><br><br><br>\t<br><br><br>P\u0159ebrousiteln\u00fd povrch fr\u00e9zy<br><br>K dispozici \u0161kolen\u00ed na m\u00edst\u011b<br><br>Mo\u017enost robotick\u00e9 integrace<br><div class=\"image_frame image_item scale-with-grid element_classes no_border hover-disable mfn-img-box\"  role=\"link\" aria-label=\"Obr\u00e1zek s odkazy\" tabindex=\"0\"><div class=\"image_wrapper\"><a href=\"https:\/\/ipautomationinc.com\/wp-content\/uploads\/2024\/02\/i10-S\u00b2-T-layout.jpg\" rel=\"prettyphoto\"   class=\"\"  tabindex=\"-1\" title=\"\"><div class=\"mask\"><\/div><img decoding=\"async\" class=\"scale-with-grid\" src=\"https:\/\/ipautomationinc.com\/wp-content\/uploads\/2024\/02\/i10-S\u00b2-T-layout.jpg\" fetchpriority=\"high\" alt=\"i10-S\u00b2-T rozlo\u017een\u00ed\" title=\"\" width=\"300\" height=\"901\" style=\"\"\/><\/a><div class=\"image_links\"><a href=\"https:\/\/ipautomationinc.com\/wp-content\/uploads\/2024\/02\/i10-S\u00b2-T-layout.jpg\" class=\"zoom\" rel=\"prettyphoto\" tabindex=\"-1\" aria-label=\"zv\u011bt\u0161it obr\u00e1zek\" title=\"\"><svg viewbox=\"0 0 26 26\"><defs><style>.path{fill:none;stroke:#333;stroke-miterlimit:10;stroke-width:1.5px;}<\/style><\/defs><circle cx=\"11.35\" cy=\"11.35\" r=\"6\" class=\"path\"\/><line x1=\"15.59\" y1=\"15.59\" x2=\"20.65\" y2=\"20.65\" class=\"path\"\/><\/svg><\/a><\/div><\/div><p class=\"wp-caption-text\">i-S\u00b2-T rozlo\u017een\u00ed<\/p><\/div>\n<br>#EBEBEB<br>#222222<br><br><br>Specifikace<br><br><br><br><p>*Schopnost minim\u00e1ln\u00edho a maxim\u00e1ln\u00edho pr\u016fm\u011bru je ovlivn\u011bna pevnost\u00ed dr\u00e1tu v tahu. Kontaktujte n\u00e1s pro objasn\u011bn\u00ed rozsahu min\/max pro v\u00e1\u0161 typ dr\u00e1tu.<\/p><br><br>Z\u00edskejte cenu hned te\u010f!<br>ikona vp\u0159ed<br><a href=\"https:\/\/ipautomationinc.com\/cs\/kontaktujte-nas\/#form\">https:\/\/ipautomationinc.com\/contact-us\/#form<\/a><br>50 pixel\u016f<br><br>Dal\u0161\u00ed CNC oh\u00fdba\u010dky dr\u00e1tu<br><br><h4>Oh\u00fdba\u010dky dr\u00e1tu s jednou hlavou<\/h4><br><br><p><hr class=\"no_line\" style=\"margin: 0 auto 0px auto\"\/>\n <a href=\"https:\/\/ipautomationinc.com\/cs\/jednohlave-cnc-ohybacky-dratu\/\"> <img decoding=\"async\" src=\"https:\/\/ipautomationinc.com\/wp-content\/uploads\/2023\/02\/i8-S-RGB-1.png\" alt=\"iS CNC Wire Former\"> <\/a> <hr class=\"no_line\" style=\"margin: 0 auto 0px auto\"\/>\n <a class=\"mfn-link mfn-link-1\" href=\"\" style=\"\" data-hover=\"\"   ><span data-hover=\"\"><\/span><\/a><\/p><br>neopakovat;vlevo naho\u0159e;;<br>auto<br><br><h4>Dvouhlav\u00e9 oh\u00fdba\u010dky dr\u00e1tu<\/h4><br><br><p><hr class=\"no_line\" style=\"margin: 0 auto 0px auto\"\/>\n <a href=\"https:\/\/ipautomationinc.com\/cs\/dvouhlave-cnc-ohybacky-dratu\/\"> <img decoding=\"async\" src=\"https:\/\/ipautomationinc.com\/wp-content\/uploads\/2024\/07\/i8-D-double-head-1.png\" alt=\"\"> <\/a> <hr class=\"no_line\" style=\"margin: 0 auto 0px auto\"\/>\n <a class=\"mfn-link mfn-link-1\" href=\"\" style=\"\" data-hover=\"\"   ><span data-hover=\"\"><\/span><\/a><\/p><br>neopakovat;vlevo naho\u0159e;;<br>auto<br><br><h4>2D oh\u00fdba\u010dky dr\u00e1tu<\/h4><br><br><p><hr class=\"no_line\" style=\"margin: 0 auto 0px auto\"\/>\n <a href=\"https:\/\/ipautomationinc.com\/cs\/rada-2d\/\"> <img decoding=\"async\" src=\"https:\/\/ipautomationinc.com\/wp-content\/uploads\/2026\/02\/i10-S-2D-2D-CNC-Wire-Bending-Machine-With-Automated-Welder.png\" alt=\"2D cnc oh\u00fdba\u010dka dr\u00e1tu\"> <\/a> <hr class=\"no_line\" style=\"margin: 0 auto 0px auto\"\/>\n <a class=\"mfn-link mfn-link-1\" href=\"\" style=\"\" data-hover=\"\"   ><span data-hover=\"\"><\/span><\/a><\/p><br>neopakovat;vlevo naho\u0159e;;<br>auto<br><br><\/p>","protected":false},"excerpt":{"rendered":"<p>The P series Single Piece CNC wire bender is designed to make easy work of your challenging parts and part<span class=\"excerpt-hellip\"> [\u2026]<\/span><\/p>\n","protected":false},"author":3,"featured_media":0,"parent":0,"menu_order":0,"comment_status":"closed","ping_status":"closed","template":"","meta":{"footnotes":""},"class_list":["post-35632","page","type-page","status-publish","hentry"],"yoast_head":"<!-- This site is optimized with the Yoast SEO plugin v27.4 - https:\/\/yoast.com\/product\/yoast-seo-wordpress\/ -->\n<title>P Series Single Piece CNC Wire Bender | IP Automation Inc<\/title>\n<meta name=\"description\" content=\"The P series single piece CNC wire bender is designed to make easy work of your challenging parts and part mixes that require versatility and flexibility.\" \/>\n<meta name=\"robots\" content=\"index, follow, max-snippet:-1, max-image-preview:large, max-video-preview:-1\" \/>\n<link rel=\"canonical\" href=\"https:\/\/ipautomationinc.com\/cs\/rada-ip\/\" \/>\n<meta property=\"og:locale\" content=\"cs_CZ\" \/>\n<meta property=\"og:type\" content=\"article\" \/>\n<meta property=\"og:title\" content=\"P Series Single Piece CNC Wire Bender | IP Automation Inc\" \/>\n<meta property=\"og:description\" content=\"The P series single piece CNC wire bender is designed to make easy work of your challenging parts and part mixes that require versatility and flexibility.\" \/>\n<meta property=\"og:url\" content=\"https:\/\/ipautomationinc.com\/cs\/rada-ip\/\" \/>\n<meta property=\"og:site_name\" content=\"IP Automation Inc\" \/>\n<meta property=\"article:publisher\" content=\"https:\/\/www.facebook.com\/ipautomationinc\/\" \/>\n<meta property=\"article:modified_time\" content=\"2026-04-06T15:20:12+00:00\" \/>\n<meta property=\"og:image\" content=\"https:\/\/ipautomationinc.com\/wp-content\/uploads\/2023\/02\/i8-S-RGB-1.png\" \/>\n<script type=\"application\/ld+json\" class=\"yoast-schema-graph\">{\"@context\":\"https:\\\/\\\/schema.org\",\"@graph\":[{\"@type\":\"WebPage\",\"@id\":\"https:\\\/\\\/ipautomationinc.com\\\/i-p-series\\\/\",\"url\":\"https:\\\/\\\/ipautomationinc.com\\\/i-p-series\\\/\",\"name\":\"P Series Single Piece CNC Wire Bender | IP Automation Inc\",\"isPartOf\":{\"@id\":\"https:\\\/\\\/ipautomationinc.com\\\/#website\"},\"primaryImageOfPage\":{\"@id\":\"https:\\\/\\\/ipautomationinc.com\\\/i-p-series\\\/#primaryimage\"},\"image\":{\"@id\":\"https:\\\/\\\/ipautomationinc.com\\\/i-p-series\\\/#primaryimage\"},\"thumbnailUrl\":\"https:\\\/\\\/ipautomationinc.com\\\/wp-content\\\/uploads\\\/2023\\\/02\\\/i8-S-RGB-1.png\",\"datePublished\":\"2024-06-18T19:23:37+00:00\",\"dateModified\":\"2026-04-06T15:20:12+00:00\",\"description\":\"The P series single piece CNC wire bender is designed to make easy work of your challenging parts and part mixes that require versatility and flexibility.\",\"inLanguage\":\"cs\",\"potentialAction\":[{\"@type\":\"ReadAction\",\"target\":[\"https:\\\/\\\/ipautomationinc.com\\\/i-p-series\\\/\"]}]},{\"@type\":\"ImageObject\",\"inLanguage\":\"cs\",\"@id\":\"https:\\\/\\\/ipautomationinc.com\\\/i-p-series\\\/#primaryimage\",\"url\":\"https:\\\/\\\/ipautomationinc.com\\\/wp-content\\\/uploads\\\/2023\\\/02\\\/i8-S-RGB-1.png\",\"contentUrl\":\"https:\\\/\\\/ipautomationinc.com\\\/wp-content\\\/uploads\\\/2023\\\/02\\\/i8-S-RGB-1.png\"},{\"@type\":\"WebSite\",\"@id\":\"https:\\\/\\\/ipautomationinc.com\\\/#website\",\"url\":\"https:\\\/\\\/ipautomationinc.com\\\/\",\"name\":\"IP Automation Inc\",\"description\":\"Concept... Creation... Reality...\",\"publisher\":{\"@id\":\"https:\\\/\\\/ipautomationinc.com\\\/#organization\"},\"potentialAction\":[{\"@type\":\"SearchAction\",\"target\":{\"@type\":\"EntryPoint\",\"urlTemplate\":\"https:\\\/\\\/ipautomationinc.com\\\/?s={search_term_string}\"},\"query-input\":{\"@type\":\"PropertyValueSpecification\",\"valueRequired\":true,\"valueName\":\"search_term_string\"}}],\"inLanguage\":\"cs\"},{\"@type\":\"Organization\",\"@id\":\"https:\\\/\\\/ipautomationinc.com\\\/#organization\",\"name\":\"IP Automation Inc\",\"url\":\"https:\\\/\\\/ipautomationinc.com\\\/\",\"logo\":{\"@type\":\"ImageObject\",\"inLanguage\":\"cs\",\"@id\":\"https:\\\/\\\/ipautomationinc.com\\\/#\\\/schema\\\/logo\\\/image\\\/\",\"url\":\"https:\\\/\\\/ipautomationinc.com\\\/wp-content\\\/uploads\\\/2022\\\/05\\\/IPA-Favicon.png\",\"contentUrl\":\"https:\\\/\\\/ipautomationinc.com\\\/wp-content\\\/uploads\\\/2022\\\/05\\\/IPA-Favicon.png\",\"width\":513,\"height\":513,\"caption\":\"IP Automation Inc\"},\"image\":{\"@id\":\"https:\\\/\\\/ipautomationinc.com\\\/#\\\/schema\\\/logo\\\/image\\\/\"},\"sameAs\":[\"https:\\\/\\\/www.facebook.com\\\/ipautomationinc\\\/\",\"https:\\\/\\\/www.linkedin.com\\\/company\\\/ip-automation-inc\\\/\",\"https:\\\/\\\/www.youtube.com\\\/@IPAutomation\"]}]}<\/script>\n<!-- \/ Yoast SEO plugin. -->","yoast_head_json":{"title":"Jednod\u00edln\u00e1 CNC oh\u00fdba\u010dka dr\u00e1tu \u0159ady P | IP Automation Inc","description":"CNC oh\u00fdba\u010dka dr\u00e1tu \u0159ady P je navr\u017eena tak, aby usnadnila pr\u00e1ci s n\u00e1ro\u010dn\u00fdmi d\u00edly a kombinacemi d\u00edl\u016f, kter\u00e9 vy\u017eaduj\u00ed v\u0161estrannost a flexibilitu.","robots":{"index":"index","follow":"follow","max-snippet":"max-snippet:-1","max-image-preview":"max-image-preview:large","max-video-preview":"max-video-preview:-1"},"canonical":"https:\/\/ipautomationinc.com\/cs\/rada-ip\/","og_locale":"cs_CZ","og_type":"article","og_title":"P Series Single Piece CNC Wire Bender | IP Automation Inc","og_description":"The P series single piece CNC wire bender is designed to make easy work of your challenging parts and part mixes that require versatility and flexibility.","og_url":"https:\/\/ipautomationinc.com\/cs\/rada-ip\/","og_site_name":"IP Automation Inc","article_publisher":"https:\/\/www.facebook.com\/ipautomationinc\/","article_modified_time":"2026-04-06T15:20:12+00:00","og_image":[{"url":"https:\/\/ipautomationinc.com\/wp-content\/uploads\/2023\/02\/i8-S-RGB-1.png","type":"","width":"","height":""}],"schema":{"@context":"https:\/\/schema.org","@graph":[{"@type":"WebPage","@id":"https:\/\/ipautomationinc.com\/i-p-series\/","url":"https:\/\/ipautomationinc.com\/i-p-series\/","name":"Jednod\u00edln\u00e1 CNC oh\u00fdba\u010dka dr\u00e1tu \u0159ady P | IP Automation Inc","isPartOf":{"@id":"https:\/\/ipautomationinc.com\/#website"},"primaryImageOfPage":{"@id":"https:\/\/ipautomationinc.com\/i-p-series\/#primaryimage"},"image":{"@id":"https:\/\/ipautomationinc.com\/i-p-series\/#primaryimage"},"thumbnailUrl":"https:\/\/ipautomationinc.com\/wp-content\/uploads\/2023\/02\/i8-S-RGB-1.png","datePublished":"2024-06-18T19:23:37+00:00","dateModified":"2026-04-06T15:20:12+00:00","description":"CNC oh\u00fdba\u010dka dr\u00e1tu \u0159ady P je navr\u017eena tak, aby usnadnila pr\u00e1ci s n\u00e1ro\u010dn\u00fdmi d\u00edly a kombinacemi d\u00edl\u016f, kter\u00e9 vy\u017eaduj\u00ed v\u0161estrannost a flexibilitu.","inLanguage":"cs","potentialAction":[{"@type":"ReadAction","target":["https:\/\/ipautomationinc.com\/i-p-series\/"]}]},{"@type":"ImageObject","inLanguage":"cs","@id":"https:\/\/ipautomationinc.com\/i-p-series\/#primaryimage","url":"https:\/\/ipautomationinc.com\/wp-content\/uploads\/2023\/02\/i8-S-RGB-1.png","contentUrl":"https:\/\/ipautomationinc.com\/wp-content\/uploads\/2023\/02\/i8-S-RGB-1.png"},{"@type":"WebSite","@id":"https:\/\/ipautomationinc.com\/#website","url":"https:\/\/ipautomationinc.com\/","name":"IP Automation Inc","description":"Koncept... Tvorba... Realita...","publisher":{"@id":"https:\/\/ipautomationinc.com\/#organization"},"potentialAction":[{"@type":"SearchAction","target":{"@type":"EntryPoint","urlTemplate":"https:\/\/ipautomationinc.com\/?s={search_term_string}"},"query-input":{"@type":"PropertyValueSpecification","valueRequired":true,"valueName":"search_term_string"}}],"inLanguage":"cs"},{"@type":"Organization","@id":"https:\/\/ipautomationinc.com\/#organization","name":"IP Automation Inc","url":"https:\/\/ipautomationinc.com\/","logo":{"@type":"ImageObject","inLanguage":"cs","@id":"https:\/\/ipautomationinc.com\/#\/schema\/logo\/image\/","url":"https:\/\/ipautomationinc.com\/wp-content\/uploads\/2022\/05\/IPA-Favicon.png","contentUrl":"https:\/\/ipautomationinc.com\/wp-content\/uploads\/2022\/05\/IPA-Favicon.png","width":513,"height":513,"caption":"IP Automation Inc"},"image":{"@id":"https:\/\/ipautomationinc.com\/#\/schema\/logo\/image\/"},"sameAs":["https:\/\/www.facebook.com\/ipautomationinc\/","https:\/\/www.linkedin.com\/company\/ip-automation-inc\/","https:\/\/www.youtube.com\/@IPAutomation"]}]}},"_links":{"self":[{"href":"https:\/\/ipautomationinc.com\/cs\/wp-json\/wp\/v2\/pages\/35632","targetHints":{"allow":["GET"]}}],"collection":[{"href":"https:\/\/ipautomationinc.com\/cs\/wp-json\/wp\/v2\/pages"}],"about":[{"href":"https:\/\/ipautomationinc.com\/cs\/wp-json\/wp\/v2\/types\/page"}],"author":[{"embeddable":true,"href":"https:\/\/ipautomationinc.com\/cs\/wp-json\/wp\/v2\/users\/3"}],"replies":[{"embeddable":true,"href":"https:\/\/ipautomationinc.com\/cs\/wp-json\/wp\/v2\/comments?post=35632"}],"version-history":[{"count":9,"href":"https:\/\/ipautomationinc.com\/cs\/wp-json\/wp\/v2\/pages\/35632\/revisions"}],"predecessor-version":[{"id":39657,"href":"https:\/\/ipautomationinc.com\/cs\/wp-json\/wp\/v2\/pages\/35632\/revisions\/39657"}],"wp:attachment":[{"href":"https:\/\/ipautomationinc.com\/cs\/wp-json\/wp\/v2\/media?parent=35632"}],"curies":[{"name":"wp","href":"https:\/\/api.w.org\/{rel}","templated":true}]}}