{"id":32686,"date":"2026-02-10T16:33:39","date_gmt":"2026-02-10T22:33:39","guid":{"rendered":"https:\/\/ipautomationinc.com\/?page_id=32686"},"modified":"2026-02-17T14:05:01","modified_gmt":"2026-02-17T20:05:01","slug":"kariery","status":"publish","type":"page","link":"https:\/\/ipautomationinc.com\/cs\/careers\/","title":{"rendered":"Kari\u00e9ra"},"content":{"rendered":"<p>IP Automation Inc is an industry leader in CNC wire bending machinery. We design and manufacture precision equipment used by manufacturers across a range of industries. Our work is driven by quality, reliability, and attention to detail. We\u2019re looking for individuals who take pride in their work and want to contribute to a well-run, growing company. Below you\u2019ll find our current open positions and links to apply.<\/p>\n\n\n\n<p><span class=\"builder2seo\"><\/span>Kari\u00e9ra<br><br><p><span>Spole\u010dnost IP Automation Inc. je l\u00eddrem v oboru CNC oh\u00fdba\u010dek dr\u00e1tu. Navrhujeme a vyr\u00e1b\u00edme p\u0159esn\u00e1 za\u0159\u00edzen\u00ed pou\u017e\u00edvan\u00e1 v\u00fdrobci v cel\u00e9 \u0159ad\u011b odv\u011btv\u00ed. Na\u0161e pr\u00e1ce je poh\u00e1n\u011bna kvalitou, spolehlivost\u00ed a d\u016frazem na detail. Hled\u00e1me jednotlivce, kte\u0159\u00ed jsou na svou pr\u00e1ci hrd\u00ed a cht\u011bj\u00ed p\u0159isp\u00edvat k dob\u0159e funguj\u00edc\u00ed a rostouc\u00ed spole\u010dnosti.<\/span><\/p><br><br><p><span>N\u00ed\u017ee naleznete na\u0161e aktu\u00e1ln\u011b voln\u00e9 pozice a odkazy, kde se m\u016f\u017eete uch\u00e1zet o pozici.<\/span><\/p><br><br>Stroj\u00edrensk\u00fd technik<br><br><br><p>Zodpov\u00edd\u00e1 za v\u00fdvoj a testov\u00e1n\u00ed \u0159e\u0161en\u00ed technick\u00fdch probl\u00e9m\u016f ve v\u00fdzkumu a v\u00fdvoji automatizovan\u00fdch oh\u00fdba\u010dek a robotick\u00fdch mont\u00e1\u017en\u00edch syst\u00e9m\u016f. Pom\u00e1h\u00e1 in\u017een\u00fdr\u016fm, kontroluje v\u00fdrobky, prov\u00e1d\u00ed testy a ov\u011b\u0159uje, zda za\u0159\u00edzen\u00ed spl\u0148uje specifikace.<\/p><br><br>Hlavn\u00ed odpov\u011bdnosti<br>Za\u017e\u00edt<br>\u0160kolstv\u00ed<br><br><br>Vytv\u00e1\u0159ejte \u0159e\u0161en\u00ed slo\u017eit\u00fdch technick\u00fdch probl\u00e9m\u016f v r\u016fzn\u00fdch odv\u011btv\u00edch<br><br>Pom\u00e1hat in\u017een\u00fdr\u016fm a obchodn\u00edmu t\u00fdmu p\u0159i vytv\u00e1\u0159en\u00ed, \u00faprav\u00e1ch a navrhov\u00e1n\u00ed produkt\u016f a proces\u016f<br><br>Pomoc z\u00e1kazn\u00edk\u016fm se \u0161kolen\u00edm a technickou podporou<br><br>Pomoc s n\u00e1vrhem, v\u00fdvojem a v\u00fdrobou produkt\u016f<br><br>Sestavit a nastavit vybaven\u00ed<br><br>Programov\u00e1n\u00ed a pomoc s dohledem nad konstrukc\u00ed CNC stroj\u016f na tv\u00e1\u0159en\u00ed dr\u00e1t\u016f a robotick\u00fdch za\u0159\u00edzen\u00ed<br><br>M\u016f\u017ee vyu\u017e\u00edvat po\u010d\u00edta\u010dem podporovan\u00e9 navrhov\u00e1n\u00ed a kreslic\u00ed za\u0159\u00edzen\u00ed b\u011bhem f\u00e1ze n\u00e1vrhu nebo k ov\u011b\u0159ov\u00e1n\u00ed n\u00e1vrh\u016f<br><br>Testov\u00e1n\u00ed a v\u00fdroba elektrick\u00fdch a elektronick\u00fdch za\u0159\u00edzen\u00ed, jako jsou elektrick\u00e9 rozvad\u011b\u010de, v\u00edcevodi\u010dov\u00e9 kabelov\u00e9 sestavy a po\u010d\u00edta\u010de<br><br>V\u00fdroba a testov\u00e1n\u00ed elektronick\u00fdch a po\u010d\u00edta\u010dem \u0159\u00edzen\u00fdch mechanick\u00fdch syst\u00e9m\u016f<br><br>Vyv\u00edjet metody pou\u017e\u00edvan\u00e9 v prevenci, kontrole nebo n\u00e1prav\u011b environment\u00e1ln\u00edch rizik<br><br>Programov\u00e1n\u00ed robotick\u00fdch syst\u00e9m\u016f<br><br>Zdvih a\u017e 30%<br><br><br><br><br>Alespo\u0148 2 roky zku\u0161enost\u00ed s automatizovan\u00fdmi mechanick\u00fdmi syst\u00e9my nebo automatizovan\u00fdmi elektronick\u00fdmi syst\u00e9my. Zku\u0161enosti s automobilov\u00fdm pr\u016fmyslem jsou tak\u00e9 v\u00edt\u00e1ny.<br><br>Zku\u0161enosti s CNC obr\u00e1b\u011bn\u00edm v\u00fdhodou<br><br><br><br><br>Vysoko\u0161kolsk\u00fd titul v oboru stroj\u00edrenstv\u00ed nebo praktick\u00e9 zku\u0161enosti s konstrukc\u00ed a \u0159e\u0161en\u00edm probl\u00e9m\u016f automatizovan\u00fdch stroj\u016f<br><br><br>unordered<br>enable<br>fas fa-plus<br>fas fa-minus<br>rotate<br>12px<br><br>Zobrazit cel\u00fd seznam a p\u0159ihl\u00e1sit se<br><a href=\"https:\/\/www.indeed.com\/viewjob?jk=08578505451981bb&amp;from=shareddesktop_copy\">https:\/\/www.indeed.com\/viewjob?jk=08578505451981bb&amp;from=shareddesktop_copy<\/a><br>button_theme<br><br>CNC obr\u00e1b\u011b\u010d \/ program\u00e1tor 1. sm\u011bna<br><br><br><p>Budete sou\u010d\u00e1st\u00ed praktick\u00e9ho t\u00fdmu, kter\u00fd zaji\u0161\u0165uje chod v\u00fdroby \u2013 budete pracovat na stroj\u00edch, spolupracovat s kolegy a zaji\u0161\u0165ovat, aby ka\u017ed\u00fd hotov\u00fd d\u00edl spl\u0148oval na\u0161e o\u010dek\u00e1v\u00e1n\u00ed ohledn\u011b kvality.<\/p><br><br>Hlavn\u00ed odpov\u011bdnosti<br>Za\u017e\u00edt<br>\u0160kolstv\u00ed<br><br><br>Programov\u00e1n\u00ed a nastaven\u00ed CNC stroj\u016f pro vysokosm\u00ed\u0161en\u00e9 i n\u00edzkoobjemov\u00e9 s\u00e9rie a sledov\u00e1n\u00ed kvality b\u011bhem provozu<br><br>Vkl\u00e1dejte suroviny a sou\u010d\u00e1sti do CNC stroj\u016f s opatrnost\u00ed a pozornost\u00ed k detailu<br><br>Prov\u00e1d\u011bjte \u00fapravy dle pot\u0159eby, aby d\u00edly z\u016fstaly v souladu se specifikac\u00ed a aby byla zachov\u00e1na konzistentn\u00ed kvalita<br><br>Obsluhovat ru\u010dn\u00ed stroje, jako jsou fr\u00e9zky, soustruhy, rovinn\u00e9 brusky a p\u00e1sov\u00e9 pily, pro obr\u00e1b\u011bn\u00ed p\u0159esn\u00fdch d\u00edl\u016f<br><br>Spolupracujte s technick\u00fdm t\u00fdmem na vylep\u0161en\u00ed n\u00e1vrh\u016f d\u00edl\u016f a optimalizaci vyrobitelnosti<br><br>Kontrola a m\u011b\u0159en\u00ed hotov\u00fdch d\u00edl\u016f, aby se zajistilo, \u017ee spl\u0148uj\u00ed po\u017eadavky v\u00fdkres\u016f<br><br>Prov\u00e1d\u011bjte denn\u00ed kontroly a \u00fadr\u017ebu stroj\u016f, aby stroje fungovaly hladce<br><br>Dodr\u017eujte v\u0161echny bezpe\u010dnostn\u00ed postupy a pom\u00e1hajte udr\u017eovat \u010dist\u00e9, organizovan\u00e9 a bezpe\u010dn\u00e9 pracovn\u00ed prost\u0159ed\u00ed<br><br><br><br><br>Prokazateln\u00e9 zku\u0161enosti jako CNC obr\u00e1b\u011b\u010d<br><br>Zku\u0161enosti s programov\u00e1n\u00edm a nastavov\u00e1n\u00edm CNC stroj\u016f, n\u00e1stroj\u016f a p\u0159esn\u00fdch m\u011b\u0159ic\u00edch p\u0159\u00edstroj\u016f<br><br>Comfortable reading and interpreting mechanical drawings and documentation, including GD&amp;T<br><br>Strojn\u00ed nad\u00e1n\u00ed a siln\u00e9 matematick\u00e9 dovednosti<br><br>Programov\u00e1n\u00ed CAM: 5 let (preferov\u00e1no)<br><br><br><br><br>Vy\u017eadov\u00e1n maturitn\u00ed vysv\u011bd\u010den\u00ed nebo ekvivalent; technick\u00fd certifik\u00e1t nebo diplom v p\u0159\u00edbuzn\u00e9m oboru v\u00fdhodou<br><br><br>unordered<br>enable<br>fas fa-plus<br>fas fa-minus<br>rotate<br>12px<br><br>Zobrazit cel\u00fd seznam a p\u0159ihl\u00e1sit se<br><a href=\"https:\/\/www.indeed.com\/viewjob?jk=06e8e30a921ced7e&amp;from=shareddesktop_copy\">https:\/\/www.indeed.com\/viewjob?jk=06e8e30a921ced7e&amp;from=shareddesktop_copy<\/a><br>button_theme<br><br>Stroj\u00edrensk\u00fd technik<br><br><br><p>Zodpov\u00edd\u00e1 za v\u00fdvoj a testov\u00e1n\u00ed \u0159e\u0161en\u00ed technick\u00fdch probl\u00e9m\u016f ve v\u00fdzkumu a v\u00fdvoji automatizovan\u00fdch oh\u00fdba\u010dek a robotick\u00fdch mont\u00e1\u017en\u00edch syst\u00e9m\u016f. Pom\u00e1h\u00e1 in\u017een\u00fdr\u016fm, kontroluje v\u00fdrobky, prov\u00e1d\u00ed testy a ov\u011b\u0159uje, zda za\u0159\u00edzen\u00ed spl\u0148uje specifikace.<\/p><br><br>Hlavn\u00ed odpov\u011bdnosti<br>Za\u017e\u00edt<br>\u0160kolstv\u00ed<br><br><br>Vytv\u00e1\u0159ejte \u0159e\u0161en\u00ed slo\u017eit\u00fdch technick\u00fdch probl\u00e9m\u016f v r\u016fzn\u00fdch odv\u011btv\u00edch<br><br>Pom\u00e1hat in\u017een\u00fdr\u016fm a obchodn\u00edmu t\u00fdmu p\u0159i vytv\u00e1\u0159en\u00ed, \u00faprav\u00e1ch a navrhov\u00e1n\u00ed produkt\u016f a proces\u016f<br><br>Pomoc z\u00e1kazn\u00edk\u016fm se \u0161kolen\u00edm a technickou podporou<br><br>Pomoc s n\u00e1vrhem, v\u00fdvojem a v\u00fdrobou produkt\u016f<br><br>Sestavit a nastavit vybaven\u00ed<br><br>Programov\u00e1n\u00ed a pomoc s dohledem nad konstrukc\u00ed CNC stroj\u016f na tv\u00e1\u0159en\u00ed dr\u00e1t\u016f a robotick\u00fdch za\u0159\u00edzen\u00ed<br><br>M\u016f\u017ee vyu\u017e\u00edvat po\u010d\u00edta\u010dem podporovan\u00e9 navrhov\u00e1n\u00ed a kreslic\u00ed za\u0159\u00edzen\u00ed b\u011bhem f\u00e1ze n\u00e1vrhu nebo k ov\u011b\u0159ov\u00e1n\u00ed n\u00e1vrh\u016f<br><br>Testov\u00e1n\u00ed a v\u00fdroba elektrick\u00fdch a elektronick\u00fdch za\u0159\u00edzen\u00ed, jako jsou elektrick\u00e9 rozvad\u011b\u010de, v\u00edcevodi\u010dov\u00e9 kabelov\u00e9 sestavy a po\u010d\u00edta\u010de<br><br>V\u00fdroba a testov\u00e1n\u00ed elektronick\u00fdch a po\u010d\u00edta\u010dem \u0159\u00edzen\u00fdch mechanick\u00fdch syst\u00e9m\u016f<br><br>Vyv\u00edjet metody pou\u017e\u00edvan\u00e9 v prevenci, kontrole nebo n\u00e1prav\u011b environment\u00e1ln\u00edch rizik<br><br>Up to 10% travel<br><br><br><br><br>Alespo\u0148 2 roky zku\u0161enost\u00ed s automatizovan\u00fdmi mechanick\u00fdmi syst\u00e9my nebo automatizovan\u00fdmi elektronick\u00fdmi syst\u00e9my. Zku\u0161enosti s automobilov\u00fdm pr\u016fmyslem jsou tak\u00e9 v\u00edt\u00e1ny.<br><br>Zku\u0161enosti s CNC obr\u00e1b\u011bn\u00edm v\u00fdhodou<br><br><br><br><br>Associates Degree in Mechanical Engineering or hands on experience in building and troubleshooting automated machinery : 2 Years<br><br><br>unordered<br>enable<br>fas fa-plus<br>fas fa-minus<br>rotate<br><br>Apply Here<br><a href=\"https:\/\/www.linkedin.com\/jobs\/view\/3984475847\/\">https:\/\/www.linkedin.com\/jobs\/view\/3984475847\/<\/a><br>button_theme<br><br>CNC obr\u00e1b\u011b\u010d \/ program\u00e1tor 1. sm\u011bna<br><br><br><p>Budete sou\u010d\u00e1st\u00ed praktick\u00e9ho t\u00fdmu, kter\u00fd zaji\u0161\u0165uje chod v\u00fdroby \u2013 budete pracovat na stroj\u00edch, spolupracovat s kolegy a zaji\u0161\u0165ovat, aby ka\u017ed\u00fd hotov\u00fd d\u00edl spl\u0148oval na\u0161e o\u010dek\u00e1v\u00e1n\u00ed ohledn\u011b kvality.<\/p><br><br>Hlavn\u00ed odpov\u011bdnosti<br>Za\u017e\u00edt<br>\u0160kolstv\u00ed<br><br><br>Vytv\u00e1\u0159ejte \u0159e\u0161en\u00ed slo\u017eit\u00fdch technick\u00fdch probl\u00e9m\u016f v r\u016fzn\u00fdch odv\u011btv\u00edch<br><br>Pom\u00e1hat in\u017een\u00fdr\u016fm a obchodn\u00edmu t\u00fdmu p\u0159i vytv\u00e1\u0159en\u00ed, \u00faprav\u00e1ch a navrhov\u00e1n\u00ed produkt\u016f a proces\u016f<br><br>Pomoc z\u00e1kazn\u00edk\u016fm se \u0161kolen\u00edm a technickou podporou<br><br>Pomoc s n\u00e1vrhem, v\u00fdvojem a v\u00fdrobou produkt\u016f<br><br>Sestavit a nastavit vybaven\u00ed<br><br>Programov\u00e1n\u00ed a pomoc s dohledem nad konstrukc\u00ed CNC stroj\u016f na tv\u00e1\u0159en\u00ed dr\u00e1t\u016f a robotick\u00fdch za\u0159\u00edzen\u00ed<br><br>M\u016f\u017ee vyu\u017e\u00edvat po\u010d\u00edta\u010dem podporovan\u00e9 navrhov\u00e1n\u00ed a kreslic\u00ed za\u0159\u00edzen\u00ed b\u011bhem f\u00e1ze n\u00e1vrhu nebo k ov\u011b\u0159ov\u00e1n\u00ed n\u00e1vrh\u016f<br><br>Testov\u00e1n\u00ed a v\u00fdroba elektrick\u00fdch a elektronick\u00fdch za\u0159\u00edzen\u00ed, jako jsou elektrick\u00e9 rozvad\u011b\u010de, v\u00edcevodi\u010dov\u00e9 kabelov\u00e9 sestavy a po\u010d\u00edta\u010de<br><br>V\u00fdroba a testov\u00e1n\u00ed elektronick\u00fdch a po\u010d\u00edta\u010dem \u0159\u00edzen\u00fdch mechanick\u00fdch syst\u00e9m\u016f<br><br>Vyv\u00edjet metody pou\u017e\u00edvan\u00e9 v prevenci, kontrole nebo n\u00e1prav\u011b environment\u00e1ln\u00edch rizik<br><br>Up to 10% travel<br><br><br><br><br>Alespo\u0148 2 roky zku\u0161enost\u00ed s automatizovan\u00fdmi mechanick\u00fdmi syst\u00e9my nebo automatizovan\u00fdmi elektronick\u00fdmi syst\u00e9my. Zku\u0161enosti s automobilov\u00fdm pr\u016fmyslem jsou tak\u00e9 v\u00edt\u00e1ny.<br><br>CNC experience is required<br><br><br><br><br>Vysoko\u0161kolsk\u00fd titul v oboru stroj\u00edrenstv\u00ed nebo praktick\u00e9 zku\u0161enosti s konstrukc\u00ed a \u0159e\u0161en\u00edm probl\u00e9m\u016f automatizovan\u00fdch stroj\u016f<br><br><br>unordered<br>enable<br>fas fa-plus<br>fas fa-minus<br>rotate<br><br>Apply Here<br><a href=\"https:\/\/www.linkedin.com\/jobs\/view\/3984475847\/\">https:\/\/www.linkedin.com\/jobs\/view\/3984475847\/<\/a><br>button_theme<br><br><\/p>","protected":false},"excerpt":{"rendered":"<p>IP Automation Inc is an industry leader in CNC wire bending machinery. We design and manufacture precision equipment used by<span class=\"excerpt-hellip\"> [\u2026]<\/span><\/p>\n","protected":false},"author":3,"featured_media":0,"parent":0,"menu_order":0,"comment_status":"closed","ping_status":"closed","template":"","meta":{"footnotes":""},"class_list":["post-32686","page","type-page","status-publish","hentry"],"yoast_head":"<!-- This site is optimized with the Yoast SEO plugin v27.3 - https:\/\/yoast.com\/product\/yoast-seo-wordpress\/ -->\n<title>Careers | IP Automation Inc<\/title>\n<meta name=\"description\" content=\"IP Automation Inc is looking for individuals who take pride in their work and want to contribute to a well-run, growing company. Explore open positions.\" \/>\n<meta name=\"robots\" content=\"index, follow, max-snippet:-1, max-image-preview:large, max-video-preview:-1\" \/>\n<link rel=\"canonical\" href=\"https:\/\/ipautomationinc.com\/cs\/kariery\/\" \/>\n<meta property=\"og:locale\" content=\"cs_CZ\" \/>\n<meta property=\"og:type\" content=\"article\" \/>\n<meta property=\"og:title\" content=\"Careers | IP Automation Inc\" \/>\n<meta property=\"og:description\" content=\"IP Automation Inc is looking for individuals who take pride in their work and want to contribute to a well-run, growing company. Explore open positions.\" \/>\n<meta property=\"og:url\" content=\"https:\/\/ipautomationinc.com\/cs\/kariery\/\" \/>\n<meta property=\"og:site_name\" content=\"IP Automation Inc\" \/>\n<meta property=\"article:publisher\" content=\"https:\/\/www.facebook.com\/ipautomationinc\/\" \/>\n<meta property=\"article:modified_time\" content=\"2026-02-17T20:05:01+00:00\" \/>\n<script type=\"application\/ld+json\" class=\"yoast-schema-graph\">{\"@context\":\"https:\\\/\\\/schema.org\",\"@graph\":[{\"@type\":\"WebPage\",\"@id\":\"https:\\\/\\\/ipautomationinc.com\\\/careers\\\/\",\"url\":\"https:\\\/\\\/ipautomationinc.com\\\/careers\\\/\",\"name\":\"Careers | IP Automation Inc\",\"isPartOf\":{\"@id\":\"https:\\\/\\\/ipautomationinc.com\\\/#website\"},\"datePublished\":\"2026-02-10T22:33:39+00:00\",\"dateModified\":\"2026-02-17T20:05:01+00:00\",\"description\":\"IP Automation Inc is looking for individuals who take pride in their work and want to contribute to a well-run, growing company. Explore open positions.\",\"inLanguage\":\"cs\",\"potentialAction\":[{\"@type\":\"ReadAction\",\"target\":[\"https:\\\/\\\/ipautomationinc.com\\\/careers\\\/\"]}]},{\"@type\":\"WebSite\",\"@id\":\"https:\\\/\\\/ipautomationinc.com\\\/#website\",\"url\":\"https:\\\/\\\/ipautomationinc.com\\\/\",\"name\":\"IP Automation Inc\",\"description\":\"Concept... Creation... Reality...\",\"publisher\":{\"@id\":\"https:\\\/\\\/ipautomationinc.com\\\/#organization\"},\"potentialAction\":[{\"@type\":\"SearchAction\",\"target\":{\"@type\":\"EntryPoint\",\"urlTemplate\":\"https:\\\/\\\/ipautomationinc.com\\\/?s={search_term_string}\"},\"query-input\":{\"@type\":\"PropertyValueSpecification\",\"valueRequired\":true,\"valueName\":\"search_term_string\"}}],\"inLanguage\":\"cs\"},{\"@type\":\"Organization\",\"@id\":\"https:\\\/\\\/ipautomationinc.com\\\/#organization\",\"name\":\"IP Automation Inc\",\"url\":\"https:\\\/\\\/ipautomationinc.com\\\/\",\"logo\":{\"@type\":\"ImageObject\",\"inLanguage\":\"cs\",\"@id\":\"https:\\\/\\\/ipautomationinc.com\\\/#\\\/schema\\\/logo\\\/image\\\/\",\"url\":\"https:\\\/\\\/ipautomationinc.com\\\/wp-content\\\/uploads\\\/2022\\\/05\\\/IPA-Favicon.png\",\"contentUrl\":\"https:\\\/\\\/ipautomationinc.com\\\/wp-content\\\/uploads\\\/2022\\\/05\\\/IPA-Favicon.png\",\"width\":513,\"height\":513,\"caption\":\"IP Automation Inc\"},\"image\":{\"@id\":\"https:\\\/\\\/ipautomationinc.com\\\/#\\\/schema\\\/logo\\\/image\\\/\"},\"sameAs\":[\"https:\\\/\\\/www.facebook.com\\\/ipautomationinc\\\/\",\"https:\\\/\\\/www.linkedin.com\\\/company\\\/ip-automation-inc\\\/\",\"https:\\\/\\\/www.youtube.com\\\/@IPAutomation\"]}]}<\/script>\n<!-- \/ Yoast SEO plugin. -->","yoast_head_json":{"title":"Kari\u00e9ra | IP Automation Inc.","description":"Spole\u010dnost IP Automation Inc. hled\u00e1 jednotlivce, kte\u0159\u00ed jsou hrd\u00ed na svou pr\u00e1ci a cht\u011bj\u00ed p\u0159isp\u00edvat k dob\u0159e \u0159\u00edzen\u00e9 a rostouc\u00ed spole\u010dnosti. Prozkoumejte voln\u00e9 pozice.","robots":{"index":"index","follow":"follow","max-snippet":"max-snippet:-1","max-image-preview":"max-image-preview:large","max-video-preview":"max-video-preview:-1"},"canonical":"https:\/\/ipautomationinc.com\/cs\/kariery\/","og_locale":"cs_CZ","og_type":"article","og_title":"Careers | IP Automation Inc","og_description":"IP Automation Inc is looking for individuals who take pride in their work and want to contribute to a well-run, growing company. Explore open positions.","og_url":"https:\/\/ipautomationinc.com\/cs\/kariery\/","og_site_name":"IP Automation Inc","article_publisher":"https:\/\/www.facebook.com\/ipautomationinc\/","article_modified_time":"2026-02-17T20:05:01+00:00","schema":{"@context":"https:\/\/schema.org","@graph":[{"@type":"WebPage","@id":"https:\/\/ipautomationinc.com\/careers\/","url":"https:\/\/ipautomationinc.com\/careers\/","name":"Kari\u00e9ra | IP Automation Inc.","isPartOf":{"@id":"https:\/\/ipautomationinc.com\/#website"},"datePublished":"2026-02-10T22:33:39+00:00","dateModified":"2026-02-17T20:05:01+00:00","description":"Spole\u010dnost IP Automation Inc. hled\u00e1 jednotlivce, kte\u0159\u00ed jsou hrd\u00ed na svou pr\u00e1ci a cht\u011bj\u00ed p\u0159isp\u00edvat k dob\u0159e \u0159\u00edzen\u00e9 a rostouc\u00ed spole\u010dnosti. Prozkoumejte voln\u00e9 pozice.","inLanguage":"cs","potentialAction":[{"@type":"ReadAction","target":["https:\/\/ipautomationinc.com\/careers\/"]}]},{"@type":"WebSite","@id":"https:\/\/ipautomationinc.com\/#website","url":"https:\/\/ipautomationinc.com\/","name":"IP Automation Inc","description":"Koncept... Tvorba... Realita...","publisher":{"@id":"https:\/\/ipautomationinc.com\/#organization"},"potentialAction":[{"@type":"SearchAction","target":{"@type":"EntryPoint","urlTemplate":"https:\/\/ipautomationinc.com\/?s={search_term_string}"},"query-input":{"@type":"PropertyValueSpecification","valueRequired":true,"valueName":"search_term_string"}}],"inLanguage":"cs"},{"@type":"Organization","@id":"https:\/\/ipautomationinc.com\/#organization","name":"IP Automation Inc","url":"https:\/\/ipautomationinc.com\/","logo":{"@type":"ImageObject","inLanguage":"cs","@id":"https:\/\/ipautomationinc.com\/#\/schema\/logo\/image\/","url":"https:\/\/ipautomationinc.com\/wp-content\/uploads\/2022\/05\/IPA-Favicon.png","contentUrl":"https:\/\/ipautomationinc.com\/wp-content\/uploads\/2022\/05\/IPA-Favicon.png","width":513,"height":513,"caption":"IP Automation Inc"},"image":{"@id":"https:\/\/ipautomationinc.com\/#\/schema\/logo\/image\/"},"sameAs":["https:\/\/www.facebook.com\/ipautomationinc\/","https:\/\/www.linkedin.com\/company\/ip-automation-inc\/","https:\/\/www.youtube.com\/@IPAutomation"]}]}},"_links":{"self":[{"href":"https:\/\/ipautomationinc.com\/cs\/wp-json\/wp\/v2\/pages\/32686","targetHints":{"allow":["GET"]}}],"collection":[{"href":"https:\/\/ipautomationinc.com\/cs\/wp-json\/wp\/v2\/pages"}],"about":[{"href":"https:\/\/ipautomationinc.com\/cs\/wp-json\/wp\/v2\/types\/page"}],"author":[{"embeddable":true,"href":"https:\/\/ipautomationinc.com\/cs\/wp-json\/wp\/v2\/users\/3"}],"replies":[{"embeddable":true,"href":"https:\/\/ipautomationinc.com\/cs\/wp-json\/wp\/v2\/comments?post=32686"}],"version-history":[{"count":6,"href":"https:\/\/ipautomationinc.com\/cs\/wp-json\/wp\/v2\/pages\/32686\/revisions"}],"predecessor-version":[{"id":39420,"href":"https:\/\/ipautomationinc.com\/cs\/wp-json\/wp\/v2\/pages\/32686\/revisions\/39420"}],"wp:attachment":[{"href":"https:\/\/ipautomationinc.com\/cs\/wp-json\/wp\/v2\/media?parent=32686"}],"curies":[{"name":"wp","href":"https:\/\/api.w.org\/{rel}","templated":true}]}}