{"id":1342,"date":"2022-07-07T13:16:55","date_gmt":"2022-07-07T18:16:55","guid":{"rendered":"https:\/\/ipautomationinc.com\/?page_id=1342"},"modified":"2026-04-01T13:58:47","modified_gmt":"2026-04-01T18:58:47","slug":"jednohlave-cnc-ohybacky-dratu","status":"publish","type":"page","link":"https:\/\/ipautomationinc.com\/cs\/single-head-cnc-wire-benders\/","title":{"rendered":"Jednohlav\u00e9 CNC oh\u00fdba\u010dky dr\u00e1tu"},"content":{"rendered":"<h6 class=\"wp-block-heading\"><strong>Explore our range of single head CNC wire benders. I-SC series companct single head CNC wire bender, 2-8mm wire diameter. I-S series single head CNC wire bender, 2-20mm wire diameter. I-S\u00b2 multiple bend head CNC wire bender, 2.5-16mm wire diameter. I-P series single piece cnc wire bender, 2.5-16mm wire diameter<\/strong><\/h6>\n\n\n\n<p><span class=\"builder2seo\"><\/span>Jednohlav\u00e9 CNC oh\u00fdba\u010dky dr\u00e1tu<br><br>\u0161irok\u00fd<br><br><img decoding=\"async\" src=\"https:\/\/ipautomationinc.com\/wp-content\/uploads\/2025\/09\/i8-SC-RGB.png#38241\" alt=\"i8-SC RGB\"><br><a href=\"https:\/\/ipautomationinc.com\/cs\/rada-i-sc\/\">https:\/\/ipautomationinc.com\/i-sc-series\/<\/a><br><br>\u0158ada i-SC<br><br>Dal\u0161\u00ed informace<br><a href=\"https:\/\/ipautomationinc.com\/cs\/rada-i-sc\/\">https:\/\/ipautomationinc.com\/i-sc-series\/<\/a><br>button_theme<br><br>Kompaktn\u00ed CNC oh\u00fdba\u010dky dr\u00e1tu s jednou hlavou<br><br><h5>\u0158ada i-SC je cenov\u011b dostupn\u00fd p\u0159\u00edstroj navr\u017een\u00fd pro nen\u00e1ro\u010dnou \u00fadr\u017ebu, snadn\u00e9 nastaven\u00ed a dlouhou \u017eivotnost.<\/h5><br><br><br><br>2-8mm* Pr\u016fm\u011br dr\u00e1tu<br><br>Perfektn\u00ed pro komponenty POP displej\u016f, pr\u016fmyslov\u00e1 za\u0159\u00edzen\u00ed, spony, dr\u017e\u00e1ky, h\u00e1\u010dky, pru\u017einy, v\u011b\u0161\u00e1ky, konektory, d\u00edly ko\u0161\u016f pro stromky.<br><br><br><br><img decoding=\"async\" src=\"https:\/\/ipautomationinc.com\/wp-content\/uploads\/2023\/02\/i8-S-RGB-1.png#11263\" alt=\"i8-S RGB\"><br><a href=\"https:\/\/ipautomationinc.com\/cs\/rada-i-s\/\">https:\/\/ipautomationinc.com\/i-s-series\/<\/a><br><br>\u0158ada i-S<br><br>Dal\u0161\u00ed informace<br><a href=\"https:\/\/ipautomationinc.com\/cs\/rada-i-s\/\">https:\/\/ipautomationinc.com\/i-s-series\/<\/a><br>button_theme<br><br>Jednohlav\u00e9 CNC oh\u00fdba\u010dky dr\u00e1tu<br><br><h5>\u0160irok\u00e1 \u0161k\u00e1la mo\u017enost\u00ed a cenov\u00e1 dostupnost z \u0159ady i-S z n\u00ed \u010din\u00ed skv\u011blou volbu jak pro za\u010d\u00e1te\u010dn\u00edky, tak pro pokro\u010dil\u00e9 spole\u010dnosti vyr\u00e1b\u011bj\u00edc\u00ed dr\u00e1t.<\/h5><br><br><br><br>2-20mm* Pr\u016fm\u011br dr\u00e1tu<br><br>Perfektn\u00ed pro klipy, dr\u017e\u00e1ky, maloobchodn\u00ed komponenty POP displej\u016f, h\u00e1\u010dky, pru\u017einy, v\u011b\u0161\u00e1ky, konektory, d\u00edly spot\u0159ebi\u010d\u016f, ochrann\u00e9 kryty obli\u010deje, madla<br><br><br>Nadpis + popis<br>neopakovat;vlevo naho\u0159e;;<br>auto<br>20 pixel\u016f<br>0 10%<br><br><img decoding=\"async\" src=\"https:\/\/ipautomationinc.com\/wp-content\/uploads\/2024\/08\/i10-S\u00b2-rgb.png#36757\" alt=\"i10-S\u00b2-rgb\"><br><a href=\"https:\/\/ipautomationinc.com\/cs\/rada-i-s-kvadraticka\/\">https:\/\/ipautomationinc.com\/i-s-squared-series\/<\/a><br><br>\u0158ada i-S\u00b2<br><br>Dal\u0161\u00ed informace<br><a href=\"https:\/\/ipautomationinc.com\/cs\/rada-i-s-kvadraticka\/\">https:\/\/ipautomationinc.com\/i-s-squared-series\/<\/a><br>button_theme<br><br>V\u00edcen\u00e1sobn\u00e9 oh\u00fdbac\u00ed hlavy CNC oh\u00fdba\u010dky dr\u00e1tu<br><br><h5>i-S\u00b2 je vybaven 2 oh\u00fdbac\u00edmi hlavami, kter\u00e9 poskytuj\u00ed velk\u00e9 mno\u017estv\u00ed mo\u017enost\u00ed oh\u00fdb\u00e1n\u00ed pro v\u0159etenov\u00e9 nebo revolverov\u00e9 n\u00e1stroje.<\/h5><br><br><br><br>2,5-16mm* Pr\u016fm\u011br dr\u00e1tu<br><br>Ide\u00e1ln\u00ed pro automobilov\u00e1 sedadla, zem\u011bd\u011blskou techniku<br><br><br>Nadpis + popis<br>neopakovat;vlevo naho\u0159e;;<br>auto<br>20 pixel\u016f<br>0 10%<br><br><img decoding=\"async\" src=\"https:\/\/ipautomationinc.com\/wp-content\/uploads\/2026\/02\/i10-S\u00b2-P-Single-Piece-3D-CNC-Wire-Bender.png#39498\" alt=\"i10-S\u00b2-P Single Piece 3D CNC Wire Bender\"><br><a href=\"https:\/\/ipautomationinc.com\/cs\/rada-ip\/\">https:\/\/ipautomationinc.com\/i-p-series\/<\/a><br><br>\u0158ada iP<br><br>Dal\u0161\u00ed informace<br><a href=\"https:\/\/ipautomationinc.com\/cs\/rada-ip\/\">https:\/\/ipautomationinc.com\/i-p-series\/<\/a><br>button_theme<br><br>Jednod\u00edln\u00e1 v\u00edcen\u00e1sobn\u00e1 oh\u00fdbac\u00ed hlava 3D CNC oh\u00fdba\u010dka dr\u00e1tu<br><br><h5>CNC oh\u00fdba\u010dka dr\u00e1tu iP pro jednotliv\u00e9 d\u00edly je navr\u017eena tak, aby usnadnila pr\u00e1ci s n\u00e1ro\u010dn\u00fdmi d\u00edly a jejich kombinacemi, kter\u00e9 vy\u017eaduj\u00ed v\u0161estrannost a flexibilitu pro n\u00edzkoobjemov\u00e9 aplikace.<\/h5><br><br><br><br>2,5-16mm* Pr\u016fm\u011br dr\u00e1tu<br><br>Ide\u00e1ln\u00ed pro v\u00fdfukov\u00e9 z\u00e1v\u011bsy, n\u00edzkoobjemov\u00e9 d\u00edly s vysok\u00fdm obsahem sm\u011bsi, topn\u00e1 t\u011blesa a d\u00edly s uzav\u0159en\u00fdm koncem<br><br>Jednoduch\u00e9 nebo dvojit\u00e9 oh\u00fdban\u00e9 hlavy<br><br><br>Nadpis + popis<br>neopakovat;vlevo naho\u0159e;;<br>auto<br>20 pixel\u016f<br>0 10%<br><br><\/p>","protected":false},"excerpt":{"rendered":"<p>Explore our range of single head CNC wire benders. I-SC series companct single head CNC wire bender, 2-8mm wire diameter.<span class=\"excerpt-hellip\"> [\u2026]<\/span><\/p>\n","protected":false},"author":3,"featured_media":0,"parent":0,"menu_order":0,"comment_status":"closed","ping_status":"closed","template":"","meta":{"footnotes":""},"class_list":["post-1342","page","type-page","status-publish","hentry"],"yoast_head":"<!-- This site is optimized with the Yoast SEO plugin v27.3 - https:\/\/yoast.com\/product\/yoast-seo-wordpress\/ -->\n<title>Single Head CNC Wire Benders | IP Automation Inc<\/title>\n<meta name=\"description\" content=\"Explore our selection of 3D Single Head CNC Wire Benders to find the perfect one for you. Quality made in the USA machinery.\" \/>\n<meta name=\"robots\" content=\"index, follow, max-snippet:-1, max-image-preview:large, max-video-preview:-1\" \/>\n<link rel=\"canonical\" href=\"https:\/\/ipautomationinc.com\/cs\/jednohlave-cnc-ohybacky-dratu\/\" \/>\n<meta property=\"og:locale\" content=\"cs_CZ\" \/>\n<meta property=\"og:type\" content=\"article\" \/>\n<meta property=\"og:title\" content=\"Single Head CNC Wire Benders | IP Automation Inc\" \/>\n<meta property=\"og:description\" content=\"Explore our selection of 3D Single Head CNC Wire Benders to find the perfect one for you. Quality made in the USA machinery.\" \/>\n<meta property=\"og:url\" content=\"https:\/\/ipautomationinc.com\/cs\/jednohlave-cnc-ohybacky-dratu\/\" \/>\n<meta property=\"og:site_name\" content=\"IP Automation Inc\" \/>\n<meta property=\"article:publisher\" content=\"https:\/\/www.facebook.com\/ipautomationinc\/\" \/>\n<meta property=\"article:modified_time\" content=\"2026-04-01T18:58:47+00:00\" \/>\n<meta property=\"og:image\" content=\"https:\/\/ipautomationinc.com\/wp-content\/uploads\/2025\/09\/i8-SC-RGB.png#38241\" \/>\n<script type=\"application\/ld+json\" class=\"yoast-schema-graph\">{\"@context\":\"https:\\\/\\\/schema.org\",\"@graph\":[{\"@type\":\"WebPage\",\"@id\":\"https:\\\/\\\/ipautomationinc.com\\\/single-head-cnc-wire-benders\\\/\",\"url\":\"https:\\\/\\\/ipautomationinc.com\\\/single-head-cnc-wire-benders\\\/\",\"name\":\"Single Head CNC Wire Benders | IP Automation Inc\",\"isPartOf\":{\"@id\":\"https:\\\/\\\/ipautomationinc.com\\\/#website\"},\"primaryImageOfPage\":{\"@id\":\"https:\\\/\\\/ipautomationinc.com\\\/single-head-cnc-wire-benders\\\/#primaryimage\"},\"image\":{\"@id\":\"https:\\\/\\\/ipautomationinc.com\\\/single-head-cnc-wire-benders\\\/#primaryimage\"},\"thumbnailUrl\":\"https:\\\/\\\/ipautomationinc.com\\\/wp-content\\\/uploads\\\/2025\\\/09\\\/i8-SC-RGB.png#38241\",\"datePublished\":\"2022-07-07T18:16:55+00:00\",\"dateModified\":\"2026-04-01T18:58:47+00:00\",\"description\":\"Explore our selection of 3D Single Head CNC Wire Benders to find the perfect one for you. Quality made in the USA machinery.\",\"inLanguage\":\"cs\",\"potentialAction\":[{\"@type\":\"ReadAction\",\"target\":[\"https:\\\/\\\/ipautomationinc.com\\\/single-head-cnc-wire-benders\\\/\"]}]},{\"@type\":\"ImageObject\",\"inLanguage\":\"cs\",\"@id\":\"https:\\\/\\\/ipautomationinc.com\\\/single-head-cnc-wire-benders\\\/#primaryimage\",\"url\":\"https:\\\/\\\/ipautomationinc.com\\\/wp-content\\\/uploads\\\/2025\\\/09\\\/i8-SC-RGB.png#38241\",\"contentUrl\":\"https:\\\/\\\/ipautomationinc.com\\\/wp-content\\\/uploads\\\/2025\\\/09\\\/i8-SC-RGB.png#38241\"},{\"@type\":\"WebSite\",\"@id\":\"https:\\\/\\\/ipautomationinc.com\\\/#website\",\"url\":\"https:\\\/\\\/ipautomationinc.com\\\/\",\"name\":\"IP Automation Inc\",\"description\":\"Concept... Creation... Reality...\",\"publisher\":{\"@id\":\"https:\\\/\\\/ipautomationinc.com\\\/#organization\"},\"potentialAction\":[{\"@type\":\"SearchAction\",\"target\":{\"@type\":\"EntryPoint\",\"urlTemplate\":\"https:\\\/\\\/ipautomationinc.com\\\/?s={search_term_string}\"},\"query-input\":{\"@type\":\"PropertyValueSpecification\",\"valueRequired\":true,\"valueName\":\"search_term_string\"}}],\"inLanguage\":\"cs\"},{\"@type\":\"Organization\",\"@id\":\"https:\\\/\\\/ipautomationinc.com\\\/#organization\",\"name\":\"IP Automation Inc\",\"url\":\"https:\\\/\\\/ipautomationinc.com\\\/\",\"logo\":{\"@type\":\"ImageObject\",\"inLanguage\":\"cs\",\"@id\":\"https:\\\/\\\/ipautomationinc.com\\\/#\\\/schema\\\/logo\\\/image\\\/\",\"url\":\"https:\\\/\\\/ipautomationinc.com\\\/wp-content\\\/uploads\\\/2022\\\/05\\\/IPA-Favicon.png\",\"contentUrl\":\"https:\\\/\\\/ipautomationinc.com\\\/wp-content\\\/uploads\\\/2022\\\/05\\\/IPA-Favicon.png\",\"width\":513,\"height\":513,\"caption\":\"IP Automation Inc\"},\"image\":{\"@id\":\"https:\\\/\\\/ipautomationinc.com\\\/#\\\/schema\\\/logo\\\/image\\\/\"},\"sameAs\":[\"https:\\\/\\\/www.facebook.com\\\/ipautomationinc\\\/\",\"https:\\\/\\\/www.linkedin.com\\\/company\\\/ip-automation-inc\\\/\",\"https:\\\/\\\/www.youtube.com\\\/@IPAutomation\"]}]}<\/script>\n<!-- \/ Yoast SEO plugin. -->","yoast_head_json":{"title":"Jednohlav\u00e9 CNC oh\u00fdba\u010dky dr\u00e1tu | IP Automation Inc","description":"Prozkoumejte n\u00e1\u0161 v\u00fdb\u011br 3D CNC oh\u00fdba\u010dek dr\u00e1tu s jednou hlavou a najd\u011bte si tu pravou pro v\u00e1s. Kvalitn\u00ed stroje vyroben\u00e9 na americk\u00fdch stroj\u00edch.","robots":{"index":"index","follow":"follow","max-snippet":"max-snippet:-1","max-image-preview":"max-image-preview:large","max-video-preview":"max-video-preview:-1"},"canonical":"https:\/\/ipautomationinc.com\/cs\/jednohlave-cnc-ohybacky-dratu\/","og_locale":"cs_CZ","og_type":"article","og_title":"Single Head CNC Wire Benders | IP Automation Inc","og_description":"Explore our selection of 3D Single Head CNC Wire Benders to find the perfect one for you. Quality made in the USA machinery.","og_url":"https:\/\/ipautomationinc.com\/cs\/jednohlave-cnc-ohybacky-dratu\/","og_site_name":"IP Automation Inc","article_publisher":"https:\/\/www.facebook.com\/ipautomationinc\/","article_modified_time":"2026-04-01T18:58:47+00:00","og_image":[{"url":"https:\/\/ipautomationinc.com\/wp-content\/uploads\/2025\/09\/i8-SC-RGB.png#38241","type":"","width":"","height":""}],"schema":{"@context":"https:\/\/schema.org","@graph":[{"@type":"WebPage","@id":"https:\/\/ipautomationinc.com\/single-head-cnc-wire-benders\/","url":"https:\/\/ipautomationinc.com\/single-head-cnc-wire-benders\/","name":"Jednohlav\u00e9 CNC oh\u00fdba\u010dky dr\u00e1tu | IP Automation Inc","isPartOf":{"@id":"https:\/\/ipautomationinc.com\/#website"},"primaryImageOfPage":{"@id":"https:\/\/ipautomationinc.com\/single-head-cnc-wire-benders\/#primaryimage"},"image":{"@id":"https:\/\/ipautomationinc.com\/single-head-cnc-wire-benders\/#primaryimage"},"thumbnailUrl":"https:\/\/ipautomationinc.com\/wp-content\/uploads\/2025\/09\/i8-SC-RGB.png#38241","datePublished":"2022-07-07T18:16:55+00:00","dateModified":"2026-04-01T18:58:47+00:00","description":"Prozkoumejte n\u00e1\u0161 v\u00fdb\u011br 3D CNC oh\u00fdba\u010dek dr\u00e1tu s jednou hlavou a najd\u011bte si tu pravou pro v\u00e1s. Kvalitn\u00ed stroje vyroben\u00e9 na americk\u00fdch stroj\u00edch.","inLanguage":"cs","potentialAction":[{"@type":"ReadAction","target":["https:\/\/ipautomationinc.com\/single-head-cnc-wire-benders\/"]}]},{"@type":"ImageObject","inLanguage":"cs","@id":"https:\/\/ipautomationinc.com\/single-head-cnc-wire-benders\/#primaryimage","url":"https:\/\/ipautomationinc.com\/wp-content\/uploads\/2025\/09\/i8-SC-RGB.png#38241","contentUrl":"https:\/\/ipautomationinc.com\/wp-content\/uploads\/2025\/09\/i8-SC-RGB.png#38241"},{"@type":"WebSite","@id":"https:\/\/ipautomationinc.com\/#website","url":"https:\/\/ipautomationinc.com\/","name":"IP Automation Inc","description":"Koncept... Tvorba... Realita...","publisher":{"@id":"https:\/\/ipautomationinc.com\/#organization"},"potentialAction":[{"@type":"SearchAction","target":{"@type":"EntryPoint","urlTemplate":"https:\/\/ipautomationinc.com\/?s={search_term_string}"},"query-input":{"@type":"PropertyValueSpecification","valueRequired":true,"valueName":"search_term_string"}}],"inLanguage":"cs"},{"@type":"Organization","@id":"https:\/\/ipautomationinc.com\/#organization","name":"IP Automation Inc","url":"https:\/\/ipautomationinc.com\/","logo":{"@type":"ImageObject","inLanguage":"cs","@id":"https:\/\/ipautomationinc.com\/#\/schema\/logo\/image\/","url":"https:\/\/ipautomationinc.com\/wp-content\/uploads\/2022\/05\/IPA-Favicon.png","contentUrl":"https:\/\/ipautomationinc.com\/wp-content\/uploads\/2022\/05\/IPA-Favicon.png","width":513,"height":513,"caption":"IP Automation Inc"},"image":{"@id":"https:\/\/ipautomationinc.com\/#\/schema\/logo\/image\/"},"sameAs":["https:\/\/www.facebook.com\/ipautomationinc\/","https:\/\/www.linkedin.com\/company\/ip-automation-inc\/","https:\/\/www.youtube.com\/@IPAutomation"]}]}},"_links":{"self":[{"href":"https:\/\/ipautomationinc.com\/cs\/wp-json\/wp\/v2\/pages\/1342","targetHints":{"allow":["GET"]}}],"collection":[{"href":"https:\/\/ipautomationinc.com\/cs\/wp-json\/wp\/v2\/pages"}],"about":[{"href":"https:\/\/ipautomationinc.com\/cs\/wp-json\/wp\/v2\/types\/page"}],"author":[{"embeddable":true,"href":"https:\/\/ipautomationinc.com\/cs\/wp-json\/wp\/v2\/users\/3"}],"replies":[{"embeddable":true,"href":"https:\/\/ipautomationinc.com\/cs\/wp-json\/wp\/v2\/comments?post=1342"}],"version-history":[{"count":3,"href":"https:\/\/ipautomationinc.com\/cs\/wp-json\/wp\/v2\/pages\/1342\/revisions"}],"predecessor-version":[{"id":39709,"href":"https:\/\/ipautomationinc.com\/cs\/wp-json\/wp\/v2\/pages\/1342\/revisions\/39709"}],"wp:attachment":[{"href":"https:\/\/ipautomationinc.com\/cs\/wp-json\/wp\/v2\/media?parent=1342"}],"curies":[{"name":"wp","href":"https:\/\/api.w.org\/{rel}","templated":true}]}}