{"id":1248,"date":"2022-06-16T16:54:35","date_gmt":"2022-06-16T21:54:35","guid":{"rendered":"https:\/\/ipautomationinc.com\/?page_id=1248"},"modified":"2026-02-24T10:12:40","modified_gmt":"2026-02-24T16:12:40","slug":"rada-i-d-ms","status":"publish","type":"page","link":"https:\/\/ipautomationinc.com\/cs\/i-d-ms-series\/","title":{"rendered":"V\u00edcestup\u0148ov\u00e1 CNC oh\u00fdba\u010dka dr\u00e1tu \u0159ady iD-MS"},"content":{"rendered":"<h6 class=\"wp-block-heading\"><strong>\u0158ada v\u00edcestup\u0148ov\u00fdch CNC oh\u00fdba\u010dek dr\u00e1tu iD-MS je navr\u017eena pro specializovan\u00e9 vysoce p\u0159esn\u00e9 formy dr\u00e1tu vy\u017eaduj\u00edc\u00ed samostatn\u00e9 operace oh\u00fdb\u00e1n\u00ed. S vyu\u017eit\u00edm na\u0161eho mechanismu p\u0159enosu dr\u00e1tu a pokro\u010dil\u00fdch znalost\u00ed ovl\u00e1d\u00e1n\u00ed jsou operace prov\u00e1d\u011bny sou\u010dasn\u011b v n\u011bkolika f\u00e1z\u00edch na stejn\u00e9m stroji. \u0158ada iD-MS vynik\u00e1 tvarov\u00e1n\u00edm nesymetrick\u00fdch d\u00edl\u016f bez sn\u00ed\u017een\u00ed rychlosti. M\u016f\u017ee b\u00fdt konfigurov\u00e1n s \u0159adou vlastn\u00edch konfigurac\u00ed hlavy a n\u00e1stroj\u016f.<\/strong><\/h6>\n\n\n\n<p><span class=\"builder2seo\"><\/span>V\u00edcestup\u0148ov\u00e9 CNC oh\u00fdba\u010dky dr\u00e1tu<br><br>\u0158ada i-D-MS<br><br><img decoding=\"async\" src=\"https:\/\/ipautomationinc.com\/wp-content\/uploads\/2022\/09\/i-D-MS-RGB-1.png\" alt=\"V\u00edcestup\u0148ov\u00fd CNC oh\u00fdba\u010dka dr\u00e1tu iD-MS\"><br>400 pixel\u016f<br><br>Kliknut\u00edm sem zobraz\u00edte video<br><a href=\"https:\/\/ipautomationinc.com\/cs\/rada-i-d-ms\/#video\">https:\/\/ipautomationinc.com\/i-d-ms-series\/#video<\/a><br>fas fa-play-circle<br>button_theme<br><br>Kliknut\u00edm sem zobraz\u00edte let\u00e1k v PDF<br><a href=\"https:\/\/ipautomationinc.com\/wp-content\/uploads\/2025\/09\/2025-i-D-MS-Flyer.pdf\">https:\/\/ipautomationinc.com\/wp-content\/uploads\/2025\/09\/2025-i-D-MS-Flyer.pdf<\/a><br>fas fa-file-pdf<br>button_theme<br>https:\/\/ipautomationinc.com\/wp-content\/uploads\/2025\/09\/2025-i-D-MS-Flyer.pdf<br><br>1550,1549,1548,1547,1546<br>#0455B3<br>3px 3px 3px 3px<br><br><h4>\u0158ada v\u00edcestup\u0148ov\u00fdch CNC oh\u00fdba\u010dek dr\u00e1tu iD-MS je navr\u017eena pro specializovan\u00e9 vysoce p\u0159esn\u00e9 formy dr\u00e1tu vy\u017eaduj\u00edc\u00ed samostatn\u00e9 operace oh\u00fdb\u00e1n\u00ed. S vyu\u017eit\u00edm na\u0161eho mechanismu p\u0159enosu dr\u00e1tu a pokro\u010dil\u00fdch ovl\u00e1dac\u00edch znalost\u00ed jsou operace prov\u00e1d\u011bny sou\u010dasn\u011b v n\u011bkolika f\u00e1z\u00edch na stejn\u00e9m stroji. \u0158ada iD-MS vynik\u00e1 ve formov\u00e1n\u00ed nesymetrick\u00fdch d\u00edl\u016f bez sn\u00ed\u017een\u00ed rychlosti. M\u016f\u017ee b\u00fdt konfigurov\u00e1n s \u0159adou vlastn\u00edch konfigurac\u00ed hlavy a n\u00e1stroj\u016f. D\u0159\u00edve bylo nutn\u00e9 tyto operace prov\u00e1d\u011bt na dvou stroj\u00edch. N\u00e1\u0161 pokro\u010dil\u00fd design zd\u016fraz\u0148uje, pro\u010d je spole\u010dnost IP Automation Inc. p\u0159edn\u00edm v\u00fdrobcem dr\u00e1t\u016f ve \u0161t\u00edhl\u00e9 v\u00fdrob\u011b, a to inteligentn\u00edm navr\u017een\u00edm WIP a kombinov\u00e1n\u00edm proces\u016f.<\/h4><br><br><h3>Aplikace<\/h3><h4>P\u0159esn\u00e9 za\u0159azen\u00ed a sedlov\u00e9 dr\u00e1ty. D\u00edly s p\u0159esnou toleranc\u00ed pro operace zalisov\u00e1n\u00ed. <br><br><\/h4><br>#EBEBEB<br><br><img decoding=\"async\" src=\"https:\/\/ipautomationinc.com\/wp-content\/uploads\/2022\/09\/i-D-MS-RGB-1.png\" alt=\"V\u00edcestup\u0148ov\u00fd CNC oh\u00fdba\u010dka dr\u00e1tu iD-MS\"><br>Zvyk<br>100%<br><br>Kliknut\u00edm sem zobraz\u00edte video<br><a href=\"https:\/\/ipautomationinc.com\/cs\/rada-i-d-ms\/#video\">https:\/\/ipautomationinc.com\/i-d-ms-series\/#video<\/a><br>fas fa-play-circle<br>button_theme<br><br>Kliknut\u00edm sem zobraz\u00edte let\u00e1k v PDF<br><a href=\"https:\/\/ipautomationinc.com\/wp-content\/uploads\/2025\/09\/2025-i-D-MS-Flyer.pdf\">https:\/\/ipautomationinc.com\/wp-content\/uploads\/2025\/09\/2025-i-D-MS-Flyer.pdf<\/a><br>fas fa-file-pdf<br>button_theme<br>https:\/\/ipautomationinc.com\/wp-content\/uploads\/2025\/09\/2025-i-D-MS-Flyer.pdf<br><br>1550,1549,1548,1547,1546<br>#0455B3<br>3px 3px 3px 3px<br>Zvyk<br>80%<br><br><h4>\u0158ada iD-MS (Multi-stage) je navr\u017eena pro specializovan\u00e9 vysoce p\u0159esn\u00e9 tvary dr\u00e1tu vy\u017eaduj\u00edc\u00ed samostatn\u00e9 operace oh\u00fdb\u00e1n\u00ed. Vyu\u017eit\u00edm na\u0161eho mechanismu pro p\u0159enos dr\u00e1tu a pokro\u010dil\u00e9ho \u0159\u00edzen\u00ed odborn\u00fdch znalost\u00ed jsou operace prov\u00e1d\u011bny sou\u010dasn\u011b v n\u011bkolika f\u00e1z\u00edch na stejn\u00e9m stroji.<br><br>\u0158ada i-D-MS vynik\u00e1 tvarov\u00e1n\u00edm nesymetrick\u00fdch d\u00edl\u016f bez sn\u00ed\u017een\u00ed rychlosti. M\u016f\u017ee b\u00fdt konfigurov\u00e1n s \u0159adou vlastn\u00edch konfigurac\u00ed hlavy a n\u00e1stroj\u016f.<br><br>D\u0159\u00edve bylo nutn\u00e9 tyto operace prov\u00e1d\u011bt na dvou stroj\u00edch. N\u00e1\u0161 pokro\u010dil\u00fd design zd\u016fraz\u0148uje, pro\u010d je spole\u010dnost IP Automation Inc. p\u0159edn\u00edm v\u00fdrobcem dr\u00e1t\u016f v oblasti \u0161t\u00edhl\u00e9 v\u00fdroby, a to inteligentn\u00edm navr\u017een\u00edm WIP a kombinov\u00e1n\u00edm proces\u016f. <\/h4><br><br><h3>Aplikace<\/h3><h4>P\u0159esn\u00e9 za\u0159azen\u00ed a sedlov\u00e9 dr\u00e1ty. D\u00edly s p\u0159esnou toleranc\u00ed pro operace zalisov\u00e1n\u00ed. <br><br><\/h4><br>#EBEBEB<br><br><br>M\u00e9dia<br><br>;C;;<br><br>1493,1494,1491,1490,1495<br>velk\u00fd<br><br><br>Funkce<br><br>Oh\u00fdb\u00e1n\u00ed<br>Programov\u00e1n\u00ed<br>Podrobnosti<br>Uspo\u0159\u00e1d\u00e1n\u00ed stroje<br><br><br>\t20 Servo Axes:  X &#8211; feed, rotary straightener, C &#8211; cutter, Y &#8211; bender pin rotation (2X), Z &#8211; clamp &amp; rotate, U &#8211; tool pivot (2x),  P &#8211; bend head height (2X),  transfer<br><br>\tA\u017e 2 r\u00e1diusy<br><br>In\u017een\u00fd\u0159i IP Automation a CNC stroje v\u0161echny oh\u00fdbac\u00ed hlavy, \u0159eza\u010dky a v\u00e1le\u010dky pro pod\u00e1v\u00e1n\u00ed dr\u00e1tu vlastn\u00ed za rozumnou cenu s rychlou obr\u00e1tkou<br><br><br><br><br>\t<a href=\"https:\/\/ipautomationinc.com\/cs\/schopnosti-stroje\/\">Software Intellibend <\/a> v opera\u010dn\u00edm syst\u00e9mu Windows 10<br><br>Form\u00e1t CNC programu d\u00e9lka-rotace-\u00fahel<br><br>\tIntegrovan\u00fd v\u00fdrobn\u00ed dashboard, funkce \u0159\u00edzen\u00ed \u0161ar\u017e\u00ed<br><br>\t21,5\u2033 multidotykov\u00fd displej<br><br>\tVzd\u00e1len\u00e9 p\u0159ipojen\u00ed p\u0159es VPN tunel<br><br>\tProtokol OPC-UA pro pr\u016fmysl 4.0<br><br>\t<br><br><br>K dispozici s dr\u00e1tem napln\u011bn\u00fdm z\u00e1sobn\u00edkem<br><br>Odv\u00edjen\u00ed dr\u00e1tu s kapacitou ramene s line\u00e1rn\u00edm pohybem: 3000 lb. (mo\u017enost 4500 lbs. k dispozici) <br><br>7\u2032 (2,13 m) bezpe\u010dnostn\u00ed klec s bezpe\u010dnostn\u00edm blokov\u00e1n\u00edm dve\u0159\u00ed<br><br>Arbor rovna\u010dka dr\u00e1tu<br><br>V\u0161echny syst\u00e9my posuvu a ohybu maj\u00ed tvrzen\u00e1 ozuben\u00e1 kola a jsou pln\u011b uzav\u0159en\u00e9.<br><br>Rychloup\u00ednac\u00ed tvrzen\u00e9 pod\u00e1vac\u00ed v\u00e1le\u010dky pro 2 velikosti dr\u00e1tu<br><br>Line\u00e1rn\u00ed enkod\u00e9r na posuvu dr\u00e1tu pro p\u0159esnost a detekci skluzu<br><br>Dr\u00e1tov\u00fd stabiliz\u00e1tor<br><br>P\u0159ebrousiteln\u00fd povrch fr\u00e9zy<br><br>Programovateln\u00e1 zatahovac\u00ed vod\u00edtka dr\u00e1tu<br><br>K dispozici \u0161kolen\u00ed na m\u00edst\u011b<br><br>Mo\u017enost robotick\u00e9 integrace<br><br><br><div class=\"image_frame image_item scale-with-grid element_classes no_border hover-disable mfn-img-box\"  role=\"link\" aria-label=\"Obr\u00e1zek s odkazy\" tabindex=\"0\"><div class=\"image_wrapper\"><a href=\"https:\/\/ipautomationinc.com\/wp-content\/uploads\/2022\/07\/603-Front.png\" rel=\"prettyphoto\"   class=\"\"  tabindex=\"-1\" title=\"\"><div class=\"mask\"><\/div><img decoding=\"async\" class=\"scale-with-grid\" src=\"https:\/\/ipautomationinc.com\/wp-content\/uploads\/2022\/07\/603-Front.png\" fetchpriority=\"high\" alt=\"603 vp\u0159edu\" title=\"\" width=\"420\" height=\"419\" style=\"\"\/><\/a><div class=\"image_links\"><a href=\"https:\/\/ipautomationinc.com\/wp-content\/uploads\/2022\/07\/603-Front.png\" class=\"zoom\" rel=\"prettyphoto\" tabindex=\"-1\" aria-label=\"zv\u011bt\u0161it obr\u00e1zek\" title=\"\"><svg viewbox=\"0 0 26 26\"><defs><style>.path{fill:none;stroke:#333;stroke-miterlimit:10;stroke-width:1.5px;}<\/style><\/defs><circle cx=\"11.35\" cy=\"11.35\" r=\"6\" class=\"path\"\/><line x1=\"15.59\" y1=\"15.59\" x2=\"20.65\" y2=\"20.65\" class=\"path\"\/><\/svg><\/a><\/div><\/div><p class=\"wp-caption-text\">Pohled zep\u0159edu na iD-MS<\/p><\/div>\n<br><br><br><br><div class=\"image_frame image_item scale-with-grid element_classes no_border hover-disable mfn-img-box\"  role=\"link\" aria-label=\"Obr\u00e1zek s odkazy\" tabindex=\"0\"><div class=\"image_wrapper\"><a href=\"https:\/\/ipautomationinc.com\/wp-content\/uploads\/2022\/07\/603-Top.png\" rel=\"prettyphoto\"   class=\"\"  tabindex=\"-1\" title=\"\"><div class=\"mask\"><\/div><img decoding=\"async\" class=\"scale-with-grid\" src=\"https:\/\/ipautomationinc.com\/wp-content\/uploads\/2022\/07\/603-Top.png\" fetchpriority=\"high\" alt=\"603 Naho\u0159e\" title=\"\" width=\"420\" height=\"430\" style=\"\"\/><\/a><div class=\"image_links\"><a href=\"https:\/\/ipautomationinc.com\/wp-content\/uploads\/2022\/07\/603-Top.png\" class=\"zoom\" rel=\"prettyphoto\" tabindex=\"-1\" aria-label=\"zv\u011bt\u0161it obr\u00e1zek\" title=\"\"><svg viewbox=\"0 0 26 26\"><defs><style>.path{fill:none;stroke:#333;stroke-miterlimit:10;stroke-width:1.5px;}<\/style><\/defs><circle cx=\"11.35\" cy=\"11.35\" r=\"6\" class=\"path\"\/><line x1=\"15.59\" y1=\"15.59\" x2=\"20.65\" y2=\"20.65\" class=\"path\"\/><\/svg><\/a><\/div><\/div><p class=\"wp-caption-text\">iD-MS pohled shora<\/p><\/div>\n<br><br><br><br><div class=\"image_frame image_item scale-with-grid element_classes no_border hover-disable mfn-img-box\"  role=\"link\" aria-label=\"Obr\u00e1zek s odkazy\" tabindex=\"0\"><div class=\"image_wrapper\"><a href=\"https:\/\/ipautomationinc.com\/wp-content\/uploads\/2022\/07\/603-ISO.png\" rel=\"prettyphoto\"   class=\"\"  tabindex=\"-1\" title=\"\"><div class=\"mask\"><\/div><img decoding=\"async\" class=\"scale-with-grid\" src=\"https:\/\/ipautomationinc.com\/wp-content\/uploads\/2022\/07\/603-ISO.png\" fetchpriority=\"high\" alt=\"603 ISO\" title=\"\" width=\"300\" height=\"581\" style=\"\"\/><\/a><div class=\"image_links\"><a href=\"https:\/\/ipautomationinc.com\/wp-content\/uploads\/2022\/07\/603-ISO.png\" class=\"zoom\" rel=\"prettyphoto\" tabindex=\"-1\" aria-label=\"zv\u011bt\u0161it obr\u00e1zek\" title=\"\"><svg viewbox=\"0 0 26 26\"><defs><style>.path{fill:none;stroke:#333;stroke-miterlimit:10;stroke-width:1.5px;}<\/style><\/defs><circle cx=\"11.35\" cy=\"11.35\" r=\"6\" class=\"path\"\/><line x1=\"15.59\" y1=\"15.59\" x2=\"20.65\" y2=\"20.65\" class=\"path\"\/><\/svg><\/a><\/div><\/div><p class=\"wp-caption-text\">Izometrick\u00fd pohled iD-MS<\/p><\/div>\n<br>#EBEBEB<br>#222222<br><br><br>Specifikace<br><br><br><br><p>*Schopnost minim\u00e1ln\u00edho a maxim\u00e1ln\u00edho pr\u016fm\u011bru je ovlivn\u011bna pevnost\u00ed dr\u00e1tu v tahu. Kontaktujte n\u00e1s pro objasn\u011bn\u00ed rozsahu min\/max pro v\u00e1\u0161 typ dr\u00e1tu.<\/p><br><br><br>Mo\u017enosti stroje<br><br>Inteligentn\u00ed robotika<br>s p\u0159izp\u016fsoben\u00fdm EOAT<br><img decoding=\"async\" src=\"https:\/\/ipautomationinc.com\/wp-content\/uploads\/2022\/06\/machine-options_robot.png#1271\" alt=\"robot-mo\u017enosti_stroje\"><br><a href=\"https:\/\/ipautomationinc.com\/cs\/prislusenstvi\/roboticka\/\">https:\/\/ipautomationinc.com\/accessories\/robotics\/<\/a><br>krabicov\u00e9 m\u011b\u0159\u00edtko<br>70%<br><br>iBW-45 Tup\u00e1 sv\u00e1\u0159e\u010dka<br>s oto\u010dn\u00fdm kle\u0161t\u011bm<br><img decoding=\"async\" src=\"https:\/\/ipautomationinc.com\/wp-content\/uploads\/2025\/08\/machine-options_iBW-45.png#38050\" alt=\"machine-options_iBW-45\"><br><a href=\"https:\/\/ipautomationinc.com\/cs\/prislusenstvi\/automatizovane-svarecky\/\">https:\/\/ipautomationinc.com\/accessories\/automated-welders\/<\/a><br>krabicov\u00e9 m\u011b\u0159\u00edtko<br>70%<br><br>Studen\u00e1 hlavi\u010dka<br><img decoding=\"async\" src=\"https:\/\/ipautomationinc.com\/wp-content\/uploads\/2022\/06\/machine-options_cold-heading.png#1266\" alt=\"stroj-volby_studen\u00fd-hlavice\"><br>krabicov\u00e9 m\u011b\u0159\u00edtko<br>70%<br><br>Servo lis<br><img decoding=\"async\" src=\"https:\/\/ipautomationinc.com\/wp-content\/uploads\/2022\/06\/machine-options_servo-press.png#1272\" alt=\"machine-options_servo-press\"><br>krabicov\u00e9 m\u011b\u0159\u00edtko<br>70%<br><br>Stanice pro uvoln\u011bn\u00ed stresu<br><img decoding=\"async\" src=\"https:\/\/ipautomationinc.com\/wp-content\/uploads\/2022\/06\/machine-options_stress-relieving.png#1287\" alt=\"strojov\u00e9 mo\u017enosti_uvol\u0148uj\u00edc\u00ed stres\"><br>krabicov\u00e9 m\u011b\u0159\u00edtko<br>70%<br><br>Kontrola zraku<br><img decoding=\"async\" src=\"https:\/\/ipautomationinc.com\/wp-content\/uploads\/2022\/06\/machine-options_vision-inspection-closeup.png#1305\" alt=\"machine-options_vision-inspection-closeup\"><br>krabicov\u00e9 m\u011b\u0159\u00edtko<br>70%<br><br>Z\u00edskejte cenu hned te\u010f!<br>ikona vp\u0159ed<br><a href=\"https:\/\/ipautomationinc.com\/cs\/kontaktujte-nas\/#form\">https:\/\/ipautomationinc.com\/contact-us\/#form<\/a><br>50 pixel\u016f<br><br>Dal\u0161\u00ed CNC oh\u00fdba\u010dky dr\u00e1tu<br><br><h4>Oh\u00fdba\u010dky dr\u00e1tu s jednou hlavou<\/h4><br><br><p><hr class=\"no_line\" style=\"margin: 0 auto 0px auto\"\/>\n <a href=\"https:\/\/ipautomationinc.com\/cs\/jednohlave-cnc-ohybacky-dratu\/\"> <img decoding=\"async\" src=\"https:\/\/ipautomationinc.com\/wp-content\/uploads\/2023\/02\/i8-S-RGB-1.png\" alt=\"iS CNC Wire Former\"> <\/a> <hr class=\"no_line\" style=\"margin: 0 auto 0px auto\"\/>\n <a class=\"mfn-link mfn-link-1\" href=\"\" style=\"\" data-hover=\"\"   ><span data-hover=\"\"><\/span><\/a><\/p><br>neopakovat;vlevo naho\u0159e;;<br>auto<br><br><h4>2D oh\u00fdba\u010dky dr\u00e1tu<\/h4><br><br><p><hr class=\"no_line\" style=\"margin: 0 auto 0px auto\"\/>\n <a href=\"https:\/\/ipautomationinc.com\/cs\/rada-2d\/\"> <img decoding=\"async\" src=\"https:\/\/ipautomationinc.com\/wp-content\/uploads\/2026\/02\/i10-S-2D-2D-CNC-Wire-Bending-Machine-With-Automated-Welder.png\" alt=\"2D oh\u00fdba\u010dka dr\u00e1tu\"> <\/a> <hr class=\"no_line\" style=\"margin: 0 auto 0px auto\"\/>\n <a class=\"mfn-link mfn-link-1\" href=\"\" style=\"\" data-hover=\"\"   ><span data-hover=\"\"><\/span><\/a><\/p><br>neopakovat;vlevo naho\u0159e;;<br>auto<br><br><\/p>","protected":false},"excerpt":{"rendered":"<p>The i-D-MS multi-stage CNC wire bender series is designed for specialized high precision wire forms requiring separate bending operations. Utilizing<span class=\"excerpt-hellip\"> [\u2026]<\/span><\/p>\n","protected":false},"author":3,"featured_media":0,"parent":0,"menu_order":0,"comment_status":"closed","ping_status":"closed","template":"","meta":{"footnotes":""},"class_list":["post-1248","page","type-page","status-publish","hentry"],"yoast_head":"<!-- This site is optimized with the Yoast SEO plugin v27.3 - https:\/\/yoast.com\/product\/yoast-seo-wordpress\/ -->\n<title>i-D-MS Series Multi-Stage CNC Wire Bender | IP Automation Inc<\/title>\n<meta name=\"description\" content=\"The i-D-MS (Multi-stage) series CNC Wire Bender is designed for specialized high precision wire forms requiring separate bending operations.\" \/>\n<meta name=\"robots\" content=\"index, follow, max-snippet:-1, max-image-preview:large, max-video-preview:-1\" \/>\n<link rel=\"canonical\" href=\"https:\/\/ipautomationinc.com\/cs\/rada-i-d-ms\/\" \/>\n<meta property=\"og:locale\" content=\"cs_CZ\" \/>\n<meta property=\"og:type\" content=\"article\" \/>\n<meta property=\"og:title\" content=\"i-D-MS Series Multi-Stage CNC Wire Bender | IP Automation Inc\" \/>\n<meta property=\"og:description\" content=\"The i-D-MS (Multi-stage) series CNC Wire Bender is designed for specialized high precision wire forms requiring separate bending operations.\" \/>\n<meta property=\"og:url\" content=\"https:\/\/ipautomationinc.com\/cs\/rada-i-d-ms\/\" \/>\n<meta property=\"og:site_name\" content=\"IP Automation Inc\" \/>\n<meta property=\"article:publisher\" content=\"https:\/\/www.facebook.com\/ipautomationinc\/\" \/>\n<meta property=\"article:modified_time\" content=\"2026-02-24T16:12:40+00:00\" \/>\n<meta property=\"og:image\" content=\"https:\/\/ipautomationinc.com\/wp-content\/uploads\/2022\/09\/i-D-MS-RGB-1.png\" \/>\n<script type=\"application\/ld+json\" class=\"yoast-schema-graph\">{\"@context\":\"https:\\\/\\\/schema.org\",\"@graph\":[{\"@type\":\"WebPage\",\"@id\":\"https:\\\/\\\/ipautomationinc.com\\\/i-d-ms-series\\\/\",\"url\":\"https:\\\/\\\/ipautomationinc.com\\\/i-d-ms-series\\\/\",\"name\":\"i-D-MS Series Multi-Stage CNC Wire Bender | IP Automation Inc\",\"isPartOf\":{\"@id\":\"https:\\\/\\\/ipautomationinc.com\\\/#website\"},\"primaryImageOfPage\":{\"@id\":\"https:\\\/\\\/ipautomationinc.com\\\/i-d-ms-series\\\/#primaryimage\"},\"image\":{\"@id\":\"https:\\\/\\\/ipautomationinc.com\\\/i-d-ms-series\\\/#primaryimage\"},\"thumbnailUrl\":\"https:\\\/\\\/ipautomationinc.com\\\/wp-content\\\/uploads\\\/2022\\\/09\\\/i-D-MS-RGB-1.png\",\"datePublished\":\"2022-06-16T21:54:35+00:00\",\"dateModified\":\"2026-02-24T16:12:40+00:00\",\"description\":\"The i-D-MS (Multi-stage) series CNC Wire Bender is designed for specialized high precision wire forms requiring separate bending operations.\",\"inLanguage\":\"cs\",\"potentialAction\":[{\"@type\":\"ReadAction\",\"target\":[\"https:\\\/\\\/ipautomationinc.com\\\/i-d-ms-series\\\/\"]}]},{\"@type\":\"ImageObject\",\"inLanguage\":\"cs\",\"@id\":\"https:\\\/\\\/ipautomationinc.com\\\/i-d-ms-series\\\/#primaryimage\",\"url\":\"https:\\\/\\\/ipautomationinc.com\\\/wp-content\\\/uploads\\\/2022\\\/09\\\/i-D-MS-RGB-1.png\",\"contentUrl\":\"https:\\\/\\\/ipautomationinc.com\\\/wp-content\\\/uploads\\\/2022\\\/09\\\/i-D-MS-RGB-1.png\"},{\"@type\":\"WebSite\",\"@id\":\"https:\\\/\\\/ipautomationinc.com\\\/#website\",\"url\":\"https:\\\/\\\/ipautomationinc.com\\\/\",\"name\":\"IP Automation Inc\",\"description\":\"Concept... Creation... Reality...\",\"publisher\":{\"@id\":\"https:\\\/\\\/ipautomationinc.com\\\/#organization\"},\"potentialAction\":[{\"@type\":\"SearchAction\",\"target\":{\"@type\":\"EntryPoint\",\"urlTemplate\":\"https:\\\/\\\/ipautomationinc.com\\\/?s={search_term_string}\"},\"query-input\":{\"@type\":\"PropertyValueSpecification\",\"valueRequired\":true,\"valueName\":\"search_term_string\"}}],\"inLanguage\":\"cs\"},{\"@type\":\"Organization\",\"@id\":\"https:\\\/\\\/ipautomationinc.com\\\/#organization\",\"name\":\"IP Automation Inc\",\"url\":\"https:\\\/\\\/ipautomationinc.com\\\/\",\"logo\":{\"@type\":\"ImageObject\",\"inLanguage\":\"cs\",\"@id\":\"https:\\\/\\\/ipautomationinc.com\\\/#\\\/schema\\\/logo\\\/image\\\/\",\"url\":\"https:\\\/\\\/ipautomationinc.com\\\/wp-content\\\/uploads\\\/2022\\\/05\\\/IPA-Favicon.png\",\"contentUrl\":\"https:\\\/\\\/ipautomationinc.com\\\/wp-content\\\/uploads\\\/2022\\\/05\\\/IPA-Favicon.png\",\"width\":513,\"height\":513,\"caption\":\"IP Automation Inc\"},\"image\":{\"@id\":\"https:\\\/\\\/ipautomationinc.com\\\/#\\\/schema\\\/logo\\\/image\\\/\"},\"sameAs\":[\"https:\\\/\\\/www.facebook.com\\\/ipautomationinc\\\/\",\"https:\\\/\\\/www.linkedin.com\\\/company\\\/ip-automation-inc\\\/\",\"https:\\\/\\\/www.youtube.com\\\/@IPAutomation\"]}]}<\/script>\n<!-- \/ Yoast SEO plugin. -->","yoast_head_json":{"title":"V\u00edcestup\u0148ov\u00e1 CNC oh\u00fdba\u010dka dr\u00e1tu \u0159ady iD-MS | IP Automation Inc","description":"CNC oh\u00fdba\u010dka dr\u00e1tu \u0159ady iD-MS (Multi-stage) je navr\u017eena pro specializovan\u00e9 vysoce p\u0159esn\u00e9 formy dr\u00e1tu vy\u017eaduj\u00edc\u00ed samostatn\u00e9 operace oh\u00fdb\u00e1n\u00ed.","robots":{"index":"index","follow":"follow","max-snippet":"max-snippet:-1","max-image-preview":"max-image-preview:large","max-video-preview":"max-video-preview:-1"},"canonical":"https:\/\/ipautomationinc.com\/cs\/rada-i-d-ms\/","og_locale":"cs_CZ","og_type":"article","og_title":"i-D-MS Series Multi-Stage CNC Wire Bender | IP Automation Inc","og_description":"The i-D-MS (Multi-stage) series CNC Wire Bender is designed for specialized high precision wire forms requiring separate bending operations.","og_url":"https:\/\/ipautomationinc.com\/cs\/rada-i-d-ms\/","og_site_name":"IP Automation Inc","article_publisher":"https:\/\/www.facebook.com\/ipautomationinc\/","article_modified_time":"2026-02-24T16:12:40+00:00","og_image":[{"url":"https:\/\/ipautomationinc.com\/wp-content\/uploads\/2022\/09\/i-D-MS-RGB-1.png","type":"","width":"","height":""}],"schema":{"@context":"https:\/\/schema.org","@graph":[{"@type":"WebPage","@id":"https:\/\/ipautomationinc.com\/i-d-ms-series\/","url":"https:\/\/ipautomationinc.com\/i-d-ms-series\/","name":"V\u00edcestup\u0148ov\u00e1 CNC oh\u00fdba\u010dka dr\u00e1tu \u0159ady iD-MS | IP Automation Inc","isPartOf":{"@id":"https:\/\/ipautomationinc.com\/#website"},"primaryImageOfPage":{"@id":"https:\/\/ipautomationinc.com\/i-d-ms-series\/#primaryimage"},"image":{"@id":"https:\/\/ipautomationinc.com\/i-d-ms-series\/#primaryimage"},"thumbnailUrl":"https:\/\/ipautomationinc.com\/wp-content\/uploads\/2022\/09\/i-D-MS-RGB-1.png","datePublished":"2022-06-16T21:54:35+00:00","dateModified":"2026-02-24T16:12:40+00:00","description":"CNC oh\u00fdba\u010dka dr\u00e1tu \u0159ady iD-MS (Multi-stage) je navr\u017eena pro specializovan\u00e9 vysoce p\u0159esn\u00e9 formy dr\u00e1tu vy\u017eaduj\u00edc\u00ed samostatn\u00e9 operace oh\u00fdb\u00e1n\u00ed.","inLanguage":"cs","potentialAction":[{"@type":"ReadAction","target":["https:\/\/ipautomationinc.com\/i-d-ms-series\/"]}]},{"@type":"ImageObject","inLanguage":"cs","@id":"https:\/\/ipautomationinc.com\/i-d-ms-series\/#primaryimage","url":"https:\/\/ipautomationinc.com\/wp-content\/uploads\/2022\/09\/i-D-MS-RGB-1.png","contentUrl":"https:\/\/ipautomationinc.com\/wp-content\/uploads\/2022\/09\/i-D-MS-RGB-1.png"},{"@type":"WebSite","@id":"https:\/\/ipautomationinc.com\/#website","url":"https:\/\/ipautomationinc.com\/","name":"IP Automation Inc","description":"Koncept... Tvorba... Realita...","publisher":{"@id":"https:\/\/ipautomationinc.com\/#organization"},"potentialAction":[{"@type":"SearchAction","target":{"@type":"EntryPoint","urlTemplate":"https:\/\/ipautomationinc.com\/?s={search_term_string}"},"query-input":{"@type":"PropertyValueSpecification","valueRequired":true,"valueName":"search_term_string"}}],"inLanguage":"cs"},{"@type":"Organization","@id":"https:\/\/ipautomationinc.com\/#organization","name":"IP Automation Inc","url":"https:\/\/ipautomationinc.com\/","logo":{"@type":"ImageObject","inLanguage":"cs","@id":"https:\/\/ipautomationinc.com\/#\/schema\/logo\/image\/","url":"https:\/\/ipautomationinc.com\/wp-content\/uploads\/2022\/05\/IPA-Favicon.png","contentUrl":"https:\/\/ipautomationinc.com\/wp-content\/uploads\/2022\/05\/IPA-Favicon.png","width":513,"height":513,"caption":"IP Automation Inc"},"image":{"@id":"https:\/\/ipautomationinc.com\/#\/schema\/logo\/image\/"},"sameAs":["https:\/\/www.facebook.com\/ipautomationinc\/","https:\/\/www.linkedin.com\/company\/ip-automation-inc\/","https:\/\/www.youtube.com\/@IPAutomation"]}]}},"_links":{"self":[{"href":"https:\/\/ipautomationinc.com\/cs\/wp-json\/wp\/v2\/pages\/1248","targetHints":{"allow":["GET"]}}],"collection":[{"href":"https:\/\/ipautomationinc.com\/cs\/wp-json\/wp\/v2\/pages"}],"about":[{"href":"https:\/\/ipautomationinc.com\/cs\/wp-json\/wp\/v2\/types\/page"}],"author":[{"embeddable":true,"href":"https:\/\/ipautomationinc.com\/cs\/wp-json\/wp\/v2\/users\/3"}],"replies":[{"embeddable":true,"href":"https:\/\/ipautomationinc.com\/cs\/wp-json\/wp\/v2\/comments?post=1248"}],"version-history":[{"count":3,"href":"https:\/\/ipautomationinc.com\/cs\/wp-json\/wp\/v2\/pages\/1248\/revisions"}],"predecessor-version":[{"id":39491,"href":"https:\/\/ipautomationinc.com\/cs\/wp-json\/wp\/v2\/pages\/1248\/revisions\/39491"}],"wp:attachment":[{"href":"https:\/\/ipautomationinc.com\/cs\/wp-json\/wp\/v2\/media?parent=1248"}],"curies":[{"name":"wp","href":"https:\/\/api.w.org\/{rel}","templated":true}]}}