{"id":1244,"date":"2022-06-16T16:18:04","date_gmt":"2022-06-16T21:18:04","guid":{"rendered":"https:\/\/ipautomationinc.com\/?page_id=1244"},"modified":"2026-02-24T10:08:44","modified_gmt":"2026-02-24T16:08:44","slug":"rada-i-d","status":"publish","type":"page","link":"https:\/\/ipautomationinc.com\/cs\/i-d-series\/","title":{"rendered":"CNC dr\u00e1totvorn\u00fd stroj \u0159ady iD"},"content":{"rendered":"<h6 class=\"wp-block-heading\"><strong>Dvouhlav\u00fd 3D CNC dr\u00e1totvorn\u00fd stroj \u0159ady iD je ide\u00e1ln\u00ed a obl\u00edbenou volbou pro aplikace vy\u017eaduj\u00edc\u00ed p\u0159esn\u00e9 velk\u00e9 dr\u00e1t\u011bn\u00e9 r\u00e1my. Pln\u011b elektrick\u00fd 16os\u00fd a konfigurovateln\u00fd a\u017e na 19os\u00fd je ide\u00e1ln\u00ed pro automobilov\u00e9 aplikace a aplikace spot\u0159ebi\u010d\u016f, kter\u00e9 vy\u017eaduj\u00ed vy\u0161\u0161\u00ed rychlost nebo jsou rozm\u011brov\u011b p\u0159\u00edli\u0161 velk\u00e9, aby je bylo mo\u017en\u00e9 zvl\u00e1dnout na jedn\u00e9 hlav\u011b. Na\u0161e unik\u00e1tn\u00ed traverzuj\u00edc\u00ed ohybov\u00e9 hlavy v\u00e1m umo\u017en\u00ed vytv\u00e1\u0159et ohyby s velk\u00fdmi polom\u011bry a patentovan\u00e1 svorka zaji\u0161\u0165uje nekone\u010dnou rotaci dr\u00e1tu. \u010casto je roboticky sp\u00e1rov\u00e1n s off-line sekund\u00e1rn\u00ed oh\u00fdba\u010dkou, aby bylo mo\u017en\u00e9 zajistit je\u0161t\u011b pokro\u010dilej\u0161\u00ed mo\u017enosti tvarov\u00e1n\u00ed dr\u00e1tu.<\/strong><\/h6>\n\n\n\n<p><span class=\"builder2seo\"><\/span>Dvouhlav\u00fd CNC dr\u00e1tov\u00fd tv\u00e1\u0159ec\u00ed stroj<br><br>\u0158ada i-D<br><br><img decoding=\"async\" src=\"https:\/\/ipautomationinc.com\/wp-content\/uploads\/2024\/05\/NEW-i8-D-RGB.png#36635\" alt=\"NOV\u00dd i8-D RGB\"><br>iD CNC tvarova\u010d dr\u00e1tu<br>400 pixel\u016f<br><br>Kliknut\u00edm sem zobraz\u00edte video<br><a href=\"https:\/\/ipautomationinc.com\/cs\/rada-i-d\/#video\">https:\/\/ipautomationinc.com\/i-d-series\/#video<\/a><br>fas fa-play-circle<br>button_theme<br><br>Kliknut\u00edm sem zobraz\u00edte let\u00e1k v PDF<br><a href=\"https:\/\/ipautomationinc.com\/wp-content\/uploads\/2025\/09\/2025-i-D-Flyer.pdf\">https:\/\/ipautomationinc.com\/wp-content\/uploads\/2025\/09\/2025-i-D-Flyer.pdf<\/a><br>fas fa-file-pdf<br>button_theme<br>https:\/\/ipautomationinc.com\/wp-content\/uploads\/2025\/09\/2025-i-D-Flyer.pdf<br><br>166,185,191,170,255<br>#0455B3<br>3px 3px 3px 3px<br><br><h4>The i-D series double head 3D CNC wire forming machine is an ideal choice for applications requiring precise large wire forms. The all electric 16 Axis and configurable up to 19 Axis is perfect for automotive and appliance applications requiring greater speed or dimensionally too large to handle on a single head.Our unique traversing bend heads will allow you to create large radii bends and the patented clamp provides infinite wire rotation. Often Robotically paired with an off- line secondary bender to provide even more advanced wire forming capability.<\/h4><br><br><h3>Aplikace<\/h3><h4>Okrajov\u00fd dr\u00e1t automobilov\u00fdch sedadel, mont\u00e1\u017en\u00ed r\u00e1my pol\u0161t\u00e1\u0159\u016f, r\u00e1my polic, stojany na trouby <\/h4><br>#EBEBEB<br><br><img decoding=\"async\" src=\"https:\/\/ipautomationinc.com\/wp-content\/uploads\/2024\/05\/NEW-i8-D-RGB.png#36635\" alt=\"NOV\u00dd i8-D RGB\"><br><br>Kliknut\u00edm sem zobraz\u00edte video<br><a href=\"https:\/\/ipautomationinc.com\/cs\/rada-i-d\/#video\">https:\/\/ipautomationinc.com\/i-d-series\/#video<\/a><br>fas fa-play-circle<br>button_theme<br><br>Kliknut\u00edm sem zobraz\u00edte let\u00e1k v PDF<br><a href=\"https:\/\/ipautomationinc.com\/wp-content\/uploads\/2025\/09\/2025-i-D-Flyer.pdf\">https:\/\/ipautomationinc.com\/wp-content\/uploads\/2025\/09\/2025-i-D-Flyer.pdf<\/a><br>fas fa-file-pdf<br>button_theme<br>https:\/\/ipautomationinc.com\/wp-content\/uploads\/2025\/09\/2025-i-D-Flyer.pdf<br><br>166,185,191,170,255<br>#0455B3<br>3px 3px 3px 3px<br>Zvyk<br>80%<br><br><h4>The i-D series double head 3D CNC wire forming machine is an ideal choice for applications requiring precise large wire forms. The all electric 16 Axis and configurable up to 19 Axis is perfect for automotive and appliance applications requiring greater speed or dimensionally too large to handle on a single head.Our unique traversing bend heads will allow you to create large radii bends and the patented clamp provides infinite wire rotation. Often Robotically paired with an off- line secondary bender to provide even more advanced wire forming capability.<\/h4><br><br><h3>Aplikace<\/h3><h4>Okrajov\u00fd dr\u00e1t automobilov\u00fdch sedadel, r\u00e1my pro mont\u00e1\u017e pol\u0161t\u00e1\u0159\u016f, okraje polic, stojany na trouby <\/h4><br>#EBEBEB<br><br><br>M\u00e9dia<br><br>;C;;<br><br>i6-D Video<br><a href=\"https:\/\/player.vimeo.com\/video\/1018761944\">https:\/\/player.vimeo.com\/video\/1018761944<\/a><br>lightbox<br>button_theme<br>exit-mfn-popup<br><br>1302,1301,1208,1300,1204<br>velk\u00fd<br><br><br>Funkce<br><br>Oh\u00fdb\u00e1n\u00ed<br>Programov\u00e1n\u00ed<br>Podrobnosti<br>Uspo\u0159\u00e1d\u00e1n\u00ed stroje<br><br><br>\t16-19 Servo Axes:  X &#8211; feed, rotary straightener, C &#8211; cutter, Y &#8211; bender pin rotation(2X) , Z &#8211; clamp &amp; rotate, U &#8211;  tool pivot (2x),  P &#8211; bend head height (2X),  transfer, <br><br>\t4 nebo 8 polom\u011br\u016f ohybu<br><br>In\u017een\u00fd\u0159i IP Automation a CNC stroje v\u0161echny oh\u00fdbac\u00ed hlavy, \u0159eza\u010dky a v\u00e1le\u010dky pro pod\u00e1v\u00e1n\u00ed dr\u00e1tu vlastn\u00ed za rozumnou cenu s rychlou obr\u00e1tkou<br><br><br><br><br>\t<a href=\"https:\/\/ipautomationinc.com\/cs\/schopnosti-stroje\/\">Software Intellibend <\/a> v opera\u010dn\u00edm syst\u00e9mu Windows 10<br><br>Form\u00e1t CNC programu d\u00e9lka-rotace-\u00fahel<br><br>\tV\u00fdrobn\u00ed panel s programov\u00e1n\u00edm sazeb a d\u00e1vek v re\u00e1ln\u00e9m \u010dase<br><br>\t21,5\u2033 multidotykov\u00fd displej<br><br>\tVzd\u00e1len\u00e9 p\u0159ipojen\u00ed p\u0159es VPN tunel<br><br>\tProtokol OPC-UA pro pr\u016fmysl 4.0<br><br>K dispozici jsou vlastn\u00ed I\/O funkce<br><br>\t<br><br><br>Odv\u00edjen\u00ed dr\u00e1tu s kapacitou ramene s line\u00e1rn\u00edm pohybem: 3000 lb. zahrnuto (mo\u017enost 4500 lbs.) <br><br>7\u2032 (2,13 m) bezpe\u010dnostn\u00ed klec s bezpe\u010dnostn\u00edm blokov\u00e1n\u00edm dve\u0159\u00ed<br><br>Arbor rovna\u010dka dr\u00e1tu, programovateln\u00e1<br><br>V\u0161echny syst\u00e9my posuvu a ohybu maj\u00ed tvrzen\u00e1 ozuben\u00e1 kola a jsou pln\u011b uzav\u0159en\u00e9.<br><br>Rychloup\u00ednac\u00ed tvrzen\u00e9 pod\u00e1vac\u00ed v\u00e1le\u010dky pro 2 velikosti dr\u00e1tu<br><br>Line\u00e1rn\u00ed enkod\u00e9r na posuvu dr\u00e1tu pro p\u0159esnost a detekci skluzu<br><br>P\u0159ebrousiteln\u00fd povrch fr\u00e9zy<br><br>Programovateln\u00e1 zatahovac\u00ed vod\u00edtka dr\u00e1tu<br><br>K dispozici \u0161kolen\u00ed na m\u00edst\u011b<br><br>Mo\u017enost robotick\u00e9 integrace<br><br>Voliteln\u00e1 v\u00fdsuvn\u00e1 st\u0159edov\u00e1 svorka<br><br><br><div class=\"image_frame image_item scale-with-grid element_classes no_border hover-disable mfn-img-box\"  role=\"link\" aria-label=\"Obr\u00e1zek s odkazy\" tabindex=\"0\"><div class=\"image_wrapper\"><a href=\"https:\/\/ipautomationinc.com\/wp-content\/uploads\/2022\/07\/605-top.png\" rel=\"prettyphoto\"   class=\"\"  tabindex=\"-1\" title=\"\"><div class=\"mask\"><\/div><img decoding=\"async\" class=\"scale-with-grid\" src=\"https:\/\/ipautomationinc.com\/wp-content\/uploads\/2022\/07\/605-top.png\" fetchpriority=\"high\" alt=\"605 naho\u0159e\" title=\"\" width=\"300\" height=\"424\" style=\"\"\/><\/a><div class=\"image_links\"><a href=\"https:\/\/ipautomationinc.com\/wp-content\/uploads\/2022\/07\/605-top.png\" class=\"zoom\" rel=\"prettyphoto\" tabindex=\"-1\" aria-label=\"zv\u011bt\u0161it obr\u00e1zek\" title=\"\"><svg viewbox=\"0 0 26 26\"><defs><style>.path{fill:none;stroke:#333;stroke-miterlimit:10;stroke-width:1.5px;}<\/style><\/defs><circle cx=\"11.35\" cy=\"11.35\" r=\"6\" class=\"path\"\/><line x1=\"15.59\" y1=\"15.59\" x2=\"20.65\" y2=\"20.65\" class=\"path\"\/><\/svg><\/a><\/div><\/div><p class=\"wp-caption-text\">iD pohled shora<\/p><\/div>\n<br><br><br><br><div class=\"image_frame image_item scale-with-grid element_classes no_border hover-disable mfn-img-box\"  role=\"link\" aria-label=\"Obr\u00e1zek s odkazy\" tabindex=\"0\"><div class=\"image_wrapper\"><a href=\"https:\/\/ipautomationinc.com\/wp-content\/uploads\/2022\/07\/603-ISO-1.png\" rel=\"prettyphoto\"   class=\"\"  tabindex=\"-1\" title=\"\"><div class=\"mask\"><\/div><img decoding=\"async\" class=\"scale-with-grid\" src=\"https:\/\/ipautomationinc.com\/wp-content\/uploads\/2022\/07\/603-ISO-1.png\" fetchpriority=\"high\" alt=\"603 ISO\" title=\"\" width=\"300\" height=\"581\" style=\"\"\/><\/a><div class=\"image_links\"><a href=\"https:\/\/ipautomationinc.com\/wp-content\/uploads\/2022\/07\/603-ISO-1.png\" class=\"zoom\" rel=\"prettyphoto\" tabindex=\"-1\" aria-label=\"zv\u011bt\u0161it obr\u00e1zek\" title=\"\"><svg viewbox=\"0 0 26 26\"><defs><style>.path{fill:none;stroke:#333;stroke-miterlimit:10;stroke-width:1.5px;}<\/style><\/defs><circle cx=\"11.35\" cy=\"11.35\" r=\"6\" class=\"path\"\/><line x1=\"15.59\" y1=\"15.59\" x2=\"20.65\" y2=\"20.65\" class=\"path\"\/><\/svg><\/a><\/div><\/div><p class=\"wp-caption-text\">Izometrick\u00fd pohled iD<\/p><\/div>\n<br>#EBEBEB<br>#222222<br><br><br>Specifikace<br><br><br><br><p>*Schopnost minim\u00e1ln\u00edho a maxim\u00e1ln\u00edho pr\u016fm\u011bru je ovlivn\u011bna pevnost\u00ed dr\u00e1tu v tahu. Kontaktujte n\u00e1s pro objasn\u011bn\u00ed rozsahu min\/max pro v\u00e1\u0161 typ dr\u00e1tu.<\/p><br><br><br>Mo\u017enosti stroje<br><br>Inteligentn\u00ed robotika<br>s p\u0159izp\u016fsoben\u00fdm EOAT<br><img decoding=\"async\" src=\"https:\/\/ipautomationinc.com\/wp-content\/uploads\/2022\/06\/machine-options_robot.png#1271\" alt=\"robot-mo\u017enosti_stroje\"><br><a href=\"https:\/\/ipautomationinc.com\/cs\/prislusenstvi\/roboticka\/\">https:\/\/ipautomationinc.com\/accessories\/robotics\/<\/a><br>krabicov\u00e9 m\u011b\u0159\u00edtko<br>70%<br><br>iBW-45 Tup\u00e1 sv\u00e1\u0159e\u010dka<br>s oto\u010dn\u00fdm kle\u0161t\u011bm<br><img decoding=\"async\" src=\"https:\/\/ipautomationinc.com\/wp-content\/uploads\/2025\/08\/machine-options_iBW-45.png#38050\" alt=\"machine-options_iBW-45\"><br><a href=\"https:\/\/ipautomationinc.com\/cs\/prislusenstvi\/automatizovane-svarecky\/\">https:\/\/ipautomationinc.com\/accessories\/automated-welders\/<\/a><br>krabicov\u00e9 m\u011b\u0159\u00edtko<br>70%<br><br>Krimpovac\u00ed lis<br><img decoding=\"async\" src=\"https:\/\/ipautomationinc.com\/wp-content\/uploads\/2024\/08\/crimping-press-icon-crop.png#36758\" alt=\"crimping press icon crop\"><br><a href=\"https:\/\/ipautomationinc.com\/cs\/prislusenstvi\/krimpovaci-lis\/\">https:\/\/ipautomationinc.com\/accessories\/crimping-press\/<\/a><br>krabicov\u00e9 m\u011b\u0159\u00edtko<br>70%<br><br>Traversing Bend Head<br>pro oh\u00fdb\u00e1n\u00ed mimo osu a oh\u00fdb\u00e1n\u00ed velk\u00fdch forem<br><img decoding=\"async\" src=\"https:\/\/ipautomationinc.com\/wp-content\/uploads\/2022\/06\/machine-options_traversing-bend.png#1324\" alt=\"machine-options_traversing-bend\"><br>krabicov\u00e9 m\u011b\u0159\u00edtko<br>70%<br><br>Kontrola zraku<br><img decoding=\"async\" src=\"https:\/\/ipautomationinc.com\/wp-content\/uploads\/2022\/06\/machine-options_vision-inspection-closeup.png#1305\" alt=\"machine-options_vision-inspection-closeup\"><br>krabicov\u00e9 m\u011b\u0159\u00edtko<br>70%<br><br>Servo lis<br><img decoding=\"async\" src=\"https:\/\/ipautomationinc.com\/wp-content\/uploads\/2022\/06\/machine-options_servo-press.png#1272\" alt=\"machine-options_servo-press\"><br>krabicov\u00e9 m\u011b\u0159\u00edtko<br>70%<br><br>Stanice pro uvoln\u011bn\u00ed stresu<br><img decoding=\"async\" src=\"https:\/\/ipautomationinc.com\/wp-content\/uploads\/2022\/06\/machine-options_stress-relieving.png#1287\" alt=\"strojov\u00e9 mo\u017enosti_uvol\u0148uj\u00edc\u00ed stres\"><br>krabicov\u00e9 m\u011b\u0159\u00edtko<br>70%<br><br>Z\u00edskejte cenu hned te\u010f!<br>ikona vp\u0159ed<br><a href=\"https:\/\/ipautomationinc.com\/cs\/kontaktujte-nas\/#form\">https:\/\/ipautomationinc.com\/contact-us\/#form<\/a><br>50 pixel\u016f<br><br>Dal\u0161\u00ed CNC oh\u00fdba\u010dky dr\u00e1tu<br><br><h4>Oh\u00fdba\u010dky dr\u00e1tu s jednou hlavou<\/h4><br><br><p><hr class=\"no_line\" style=\"margin: 0 auto 0px auto\"\/>\n <a href=\"https:\/\/ipautomationinc.com\/cs\/jednohlave-cnc-ohybacky-dratu\/\"> <img decoding=\"async\" src=\"https:\/\/ipautomationinc.com\/wp-content\/uploads\/2023\/02\/i8-S-RGB-1.png\" alt=\"iS CNC Wire Former\"> <\/a> <hr class=\"no_line\" style=\"margin: 0 auto 0px auto\"\/>\n <a class=\"mfn-link mfn-link-1\" href=\"\" style=\"\" data-hover=\"\"   ><span data-hover=\"\"><\/span><\/a><\/p><br>neopakovat;vlevo naho\u0159e;;<br>auto<br><br><h4>2D oh\u00fdba\u010dky dr\u00e1tu<\/h4><br><br><p><hr class=\"no_line\" style=\"margin: 0 auto 0px auto\"\/>\n <a href=\"https:\/\/ipautomationinc.com\/cs\/rada-2d\/\"> <img decoding=\"async\" src=\"https:\/\/ipautomationinc.com\/wp-content\/uploads\/2026\/02\/i10-S-2D-2D-CNC-Wire-Bending-Machine-With-Automated-Welder.png\" alt=\"2D cnc oh\u00fdba\u010dka dr\u00e1tu\"> <\/a> <hr class=\"no_line\" style=\"margin: 0 auto 0px auto\"\/>\n <a class=\"mfn-link mfn-link-1\" href=\"\" style=\"\" data-hover=\"\"   ><span data-hover=\"\"><\/span><\/a><\/p><br>neopakovat;vlevo naho\u0159e;;<br>auto<br><br><\/p>","protected":false},"excerpt":{"rendered":"<p>The i-D series double head 3D CNC wire forming machine is an ideal and popular choice for applications requiring precise<span class=\"excerpt-hellip\"> [\u2026]<\/span><\/p>\n","protected":false},"author":3,"featured_media":0,"parent":0,"menu_order":0,"comment_status":"closed","ping_status":"closed","template":"","meta":{"footnotes":""},"class_list":["post-1244","page","type-page","status-publish","hentry"],"yoast_head":"<!-- This site is optimized with the Yoast SEO plugin v27.3 - https:\/\/yoast.com\/product\/yoast-seo-wordpress\/ -->\n<title>i-D Series CNC Wire Forming Machine | IP Automation Inc<\/title>\n<meta name=\"description\" content=\"The i-D series double head CNC wire forming machine is an ideal and popular choice for applications requiring precise large wire frames.\" \/>\n<meta name=\"robots\" content=\"index, follow, max-snippet:-1, max-image-preview:large, max-video-preview:-1\" \/>\n<link rel=\"canonical\" href=\"https:\/\/ipautomationinc.com\/cs\/rada-i-d\/\" \/>\n<meta property=\"og:locale\" content=\"cs_CZ\" \/>\n<meta property=\"og:type\" content=\"article\" \/>\n<meta property=\"og:title\" content=\"i-D Series CNC Wire Forming Machine | IP Automation Inc\" \/>\n<meta property=\"og:description\" content=\"The i-D series double head CNC wire forming machine is an ideal and popular choice for applications requiring precise large wire frames.\" \/>\n<meta property=\"og:url\" content=\"https:\/\/ipautomationinc.com\/cs\/rada-i-d\/\" \/>\n<meta property=\"og:site_name\" content=\"IP Automation Inc\" \/>\n<meta property=\"article:publisher\" content=\"https:\/\/www.facebook.com\/ipautomationinc\/\" \/>\n<meta property=\"article:modified_time\" content=\"2026-02-24T16:08:44+00:00\" \/>\n<meta property=\"og:image\" content=\"https:\/\/ipautomationinc.com\/wp-content\/uploads\/2024\/05\/NEW-i8-D-RGB.png#36635\" \/>\n<script type=\"application\/ld+json\" class=\"yoast-schema-graph\">{\"@context\":\"https:\\\/\\\/schema.org\",\"@graph\":[{\"@type\":\"WebPage\",\"@id\":\"https:\\\/\\\/ipautomationinc.com\\\/i-d-series\\\/\",\"url\":\"https:\\\/\\\/ipautomationinc.com\\\/i-d-series\\\/\",\"name\":\"i-D Series CNC Wire Forming Machine | IP Automation Inc\",\"isPartOf\":{\"@id\":\"https:\\\/\\\/ipautomationinc.com\\\/#website\"},\"primaryImageOfPage\":{\"@id\":\"https:\\\/\\\/ipautomationinc.com\\\/i-d-series\\\/#primaryimage\"},\"image\":{\"@id\":\"https:\\\/\\\/ipautomationinc.com\\\/i-d-series\\\/#primaryimage\"},\"thumbnailUrl\":\"https:\\\/\\\/ipautomationinc.com\\\/wp-content\\\/uploads\\\/2024\\\/05\\\/NEW-i8-D-RGB.png#36635\",\"datePublished\":\"2022-06-16T21:18:04+00:00\",\"dateModified\":\"2026-02-24T16:08:44+00:00\",\"description\":\"The i-D series double head CNC wire forming machine is an ideal and popular choice for applications requiring precise large wire frames.\",\"inLanguage\":\"cs\",\"potentialAction\":[{\"@type\":\"ReadAction\",\"target\":[\"https:\\\/\\\/ipautomationinc.com\\\/i-d-series\\\/\"]}]},{\"@type\":\"ImageObject\",\"inLanguage\":\"cs\",\"@id\":\"https:\\\/\\\/ipautomationinc.com\\\/i-d-series\\\/#primaryimage\",\"url\":\"https:\\\/\\\/ipautomationinc.com\\\/wp-content\\\/uploads\\\/2024\\\/05\\\/NEW-i8-D-RGB.png#36635\",\"contentUrl\":\"https:\\\/\\\/ipautomationinc.com\\\/wp-content\\\/uploads\\\/2024\\\/05\\\/NEW-i8-D-RGB.png#36635\"},{\"@type\":\"WebSite\",\"@id\":\"https:\\\/\\\/ipautomationinc.com\\\/#website\",\"url\":\"https:\\\/\\\/ipautomationinc.com\\\/\",\"name\":\"IP Automation Inc\",\"description\":\"Concept... Creation... Reality...\",\"publisher\":{\"@id\":\"https:\\\/\\\/ipautomationinc.com\\\/#organization\"},\"potentialAction\":[{\"@type\":\"SearchAction\",\"target\":{\"@type\":\"EntryPoint\",\"urlTemplate\":\"https:\\\/\\\/ipautomationinc.com\\\/?s={search_term_string}\"},\"query-input\":{\"@type\":\"PropertyValueSpecification\",\"valueRequired\":true,\"valueName\":\"search_term_string\"}}],\"inLanguage\":\"cs\"},{\"@type\":\"Organization\",\"@id\":\"https:\\\/\\\/ipautomationinc.com\\\/#organization\",\"name\":\"IP Automation Inc\",\"url\":\"https:\\\/\\\/ipautomationinc.com\\\/\",\"logo\":{\"@type\":\"ImageObject\",\"inLanguage\":\"cs\",\"@id\":\"https:\\\/\\\/ipautomationinc.com\\\/#\\\/schema\\\/logo\\\/image\\\/\",\"url\":\"https:\\\/\\\/ipautomationinc.com\\\/wp-content\\\/uploads\\\/2022\\\/05\\\/IPA-Favicon.png\",\"contentUrl\":\"https:\\\/\\\/ipautomationinc.com\\\/wp-content\\\/uploads\\\/2022\\\/05\\\/IPA-Favicon.png\",\"width\":513,\"height\":513,\"caption\":\"IP Automation Inc\"},\"image\":{\"@id\":\"https:\\\/\\\/ipautomationinc.com\\\/#\\\/schema\\\/logo\\\/image\\\/\"},\"sameAs\":[\"https:\\\/\\\/www.facebook.com\\\/ipautomationinc\\\/\",\"https:\\\/\\\/www.linkedin.com\\\/company\\\/ip-automation-inc\\\/\",\"https:\\\/\\\/www.youtube.com\\\/@IPAutomation\"]}]}<\/script>\n<!-- \/ Yoast SEO plugin. -->","yoast_head_json":{"title":"CNC dr\u00e1t\u011bn\u00fd tvarovac\u00ed stroj \u0159ady iD | IP Automation Inc","description":"Dvouhlav\u00fd CNC dr\u00e1totvorn\u00fd stroj \u0159ady iD je ide\u00e1ln\u00ed a obl\u00edbenou volbou pro aplikace vy\u017eaduj\u00edc\u00ed p\u0159esn\u00e9 velk\u00e9 dr\u00e1t\u011bn\u00e9 r\u00e1my.","robots":{"index":"index","follow":"follow","max-snippet":"max-snippet:-1","max-image-preview":"max-image-preview:large","max-video-preview":"max-video-preview:-1"},"canonical":"https:\/\/ipautomationinc.com\/cs\/rada-i-d\/","og_locale":"cs_CZ","og_type":"article","og_title":"i-D Series CNC Wire Forming Machine | IP Automation Inc","og_description":"The i-D series double head CNC wire forming machine is an ideal and popular choice for applications requiring precise large wire frames.","og_url":"https:\/\/ipautomationinc.com\/cs\/rada-i-d\/","og_site_name":"IP Automation Inc","article_publisher":"https:\/\/www.facebook.com\/ipautomationinc\/","article_modified_time":"2026-02-24T16:08:44+00:00","og_image":[{"url":"https:\/\/ipautomationinc.com\/wp-content\/uploads\/2024\/05\/NEW-i8-D-RGB.png#36635","type":"","width":"","height":""}],"schema":{"@context":"https:\/\/schema.org","@graph":[{"@type":"WebPage","@id":"https:\/\/ipautomationinc.com\/i-d-series\/","url":"https:\/\/ipautomationinc.com\/i-d-series\/","name":"CNC dr\u00e1t\u011bn\u00fd tvarovac\u00ed stroj \u0159ady iD | IP Automation Inc","isPartOf":{"@id":"https:\/\/ipautomationinc.com\/#website"},"primaryImageOfPage":{"@id":"https:\/\/ipautomationinc.com\/i-d-series\/#primaryimage"},"image":{"@id":"https:\/\/ipautomationinc.com\/i-d-series\/#primaryimage"},"thumbnailUrl":"https:\/\/ipautomationinc.com\/wp-content\/uploads\/2024\/05\/NEW-i8-D-RGB.png#36635","datePublished":"2022-06-16T21:18:04+00:00","dateModified":"2026-02-24T16:08:44+00:00","description":"Dvouhlav\u00fd CNC dr\u00e1totvorn\u00fd stroj \u0159ady iD je ide\u00e1ln\u00ed a obl\u00edbenou volbou pro aplikace vy\u017eaduj\u00edc\u00ed p\u0159esn\u00e9 velk\u00e9 dr\u00e1t\u011bn\u00e9 r\u00e1my.","inLanguage":"cs","potentialAction":[{"@type":"ReadAction","target":["https:\/\/ipautomationinc.com\/i-d-series\/"]}]},{"@type":"ImageObject","inLanguage":"cs","@id":"https:\/\/ipautomationinc.com\/i-d-series\/#primaryimage","url":"https:\/\/ipautomationinc.com\/wp-content\/uploads\/2024\/05\/NEW-i8-D-RGB.png#36635","contentUrl":"https:\/\/ipautomationinc.com\/wp-content\/uploads\/2024\/05\/NEW-i8-D-RGB.png#36635"},{"@type":"WebSite","@id":"https:\/\/ipautomationinc.com\/#website","url":"https:\/\/ipautomationinc.com\/","name":"IP Automation Inc","description":"Koncept... Tvorba... Realita...","publisher":{"@id":"https:\/\/ipautomationinc.com\/#organization"},"potentialAction":[{"@type":"SearchAction","target":{"@type":"EntryPoint","urlTemplate":"https:\/\/ipautomationinc.com\/?s={search_term_string}"},"query-input":{"@type":"PropertyValueSpecification","valueRequired":true,"valueName":"search_term_string"}}],"inLanguage":"cs"},{"@type":"Organization","@id":"https:\/\/ipautomationinc.com\/#organization","name":"IP Automation Inc","url":"https:\/\/ipautomationinc.com\/","logo":{"@type":"ImageObject","inLanguage":"cs","@id":"https:\/\/ipautomationinc.com\/#\/schema\/logo\/image\/","url":"https:\/\/ipautomationinc.com\/wp-content\/uploads\/2022\/05\/IPA-Favicon.png","contentUrl":"https:\/\/ipautomationinc.com\/wp-content\/uploads\/2022\/05\/IPA-Favicon.png","width":513,"height":513,"caption":"IP Automation Inc"},"image":{"@id":"https:\/\/ipautomationinc.com\/#\/schema\/logo\/image\/"},"sameAs":["https:\/\/www.facebook.com\/ipautomationinc\/","https:\/\/www.linkedin.com\/company\/ip-automation-inc\/","https:\/\/www.youtube.com\/@IPAutomation"]}]}},"_links":{"self":[{"href":"https:\/\/ipautomationinc.com\/cs\/wp-json\/wp\/v2\/pages\/1244","targetHints":{"allow":["GET"]}}],"collection":[{"href":"https:\/\/ipautomationinc.com\/cs\/wp-json\/wp\/v2\/pages"}],"about":[{"href":"https:\/\/ipautomationinc.com\/cs\/wp-json\/wp\/v2\/types\/page"}],"author":[{"embeddable":true,"href":"https:\/\/ipautomationinc.com\/cs\/wp-json\/wp\/v2\/users\/3"}],"replies":[{"embeddable":true,"href":"https:\/\/ipautomationinc.com\/cs\/wp-json\/wp\/v2\/comments?post=1244"}],"version-history":[{"count":3,"href":"https:\/\/ipautomationinc.com\/cs\/wp-json\/wp\/v2\/pages\/1244\/revisions"}],"predecessor-version":[{"id":39489,"href":"https:\/\/ipautomationinc.com\/cs\/wp-json\/wp\/v2\/pages\/1244\/revisions\/39489"}],"wp:attachment":[{"href":"https:\/\/ipautomationinc.com\/cs\/wp-json\/wp\/v2\/media?parent=1244"}],"curies":[{"name":"wp","href":"https:\/\/api.w.org\/{rel}","templated":true}]}}