{"id":1227,"date":"2022-06-16T12:52:49","date_gmt":"2022-06-16T17:52:49","guid":{"rendered":"https:\/\/ipautomationinc.com\/?page_id=1227"},"modified":"2026-03-31T15:29:40","modified_gmt":"2026-03-31T20:29:40","slug":"rada-i-s","status":"publish","type":"page","link":"https:\/\/ipautomationinc.com\/cs\/i-s-series\/","title":{"rendered":"3D CNC oh\u00fdba\u010dka dr\u00e1tu \u0159ady iS"},"content":{"rendered":"<h6 class=\"wp-block-heading\"><strong>3D CNC oh\u00fdba\u010dka dr\u00e1tu \u0159ady iS je chytr\u00fd d\u0159\u00ed\u010d. Je to intuitivn\u00ed software Intellibend s 3D simulac\u00ed stroje a jedine\u010dn\u00fdmi funkcemi stroje, kter\u00e9 jej odli\u0161uj\u00ed od jeho konkurent\u016f. Pln\u011b elektrick\u00fd 6os\u00fd design sni\u017euje slo\u017eitost syst\u00e9mu a zvy\u0161uje v\u00fdkon, spolehlivost a p\u0159esnost. K dispozici je pole a\u017e 8 polom\u011br\u016f ohybu. Robustn\u00ed servo\u0159ezac\u00ed syst\u00e9m spojen\u00fd s pln\u011b uzav\u0159en\u00fdm syst\u00e9mem pod\u00e1v\u00e1n\u00ed a oh\u00fdb\u00e1n\u00ed v\u0161ech p\u0159evod\u016f poskytuje spolehlivost a nen\u00e1ro\u010dnou \u00fadr\u017ebu.<\/strong><\/h6>\n\n\n\n<p><\/p>\n\n\n\n<p><span class=\"builder2seo\"><\/span>Jednohlav\u00e9 CNC oh\u00fdba\u010dky dr\u00e1tu<br><br>\u0158ada i-S<br><br><img decoding=\"async\" src=\"https:\/\/ipautomationinc.com\/wp-content\/uploads\/2023\/02\/i8-S-RGB-1.png\" alt=\"i8-S RGB\"><br>i-SC 3D CNC oh\u00fdba\u010dka dr\u00e1tu<br>400 pixel\u016f<br>320 pixel\u016f<br><br>Kliknut\u00edm sem zobraz\u00edte video<br><a href=\"https:\/\/ipautomationinc.com\/cs\/rada-i-s\/#video\">https:\/\/ipautomationinc.com\/i-s-series\/#video<\/a><br>fas fa-play-circle<br>button_theme<br><br>Kliknut\u00edm sem zobraz\u00edte let\u00e1k v PDF<br><a href=\"https:\/\/ipautomationinc.com\/wp-content\/uploads\/2025\/09\/2025-i-S-Bifold-Flyer.pdf\">https:\/\/ipautomationinc.com\/wp-content\/uploads\/2025\/09\/2025-i-S-Bifold-Flyer.pdf<\/a><br>fas fa-file-pdf<br>button_theme<br>https:\/\/ipautomationinc.com\/wp-content\/uploads\/2025\/09\/2025-i-S-Bifold-Flyer.pdf<br><br>261,260,262,251,246<br>#0455B3<br>3px 3px 3px 3px<br><br><h4>3D CNC oh\u00fdba\u010dka dr\u00e1tu \u0159ady iS je chytr\u00fd d\u0159\u00ed\u010d. Je to intuitivn\u00ed software Intellibend s 3D simulac\u00ed stroje a jedine\u010dn\u00fdmi funkcemi stroje, kter\u00e9 jej odli\u0161uj\u00ed od jeho konkurent\u016f. Pln\u011b elektrick\u00fd 6os\u00fd design sni\u017euje slo\u017eitost syst\u00e9mu a zvy\u0161uje v\u00fdkon, spolehlivost a p\u0159esnost. K dispozici je pole a\u017e 8 polom\u011br\u016f ohybu. Robustn\u00ed servo\u0159ezn\u00fd syst\u00e9m spojen\u00fd s pln\u011b uzav\u0159en\u00fdm syst\u00e9mem pod\u00e1v\u00e1n\u00ed a oh\u00fdb\u00e1n\u00ed v\u0161ech p\u0159evod\u016f poskytuje spolehlivost a nen\u00e1ro\u010dnou \u00fadr\u017ebu. Jeho jedine\u010dn\u00e9 dostupn\u00e9 mo\u017enosti, jako je posuvn\u00fd posuvov\u00fd mechanismus, \u0159e\u0161\u00ed va\u0161e probl\u00e9my s konzistenc\u00ed. Jednotky sr\u00e1\u017een\u00ed hran a ra\u017een\u00ed raz\u00ed sekund\u00e1rn\u00ed procesy. D\u00edky dlouh\u00e9mu seznamu pokro\u010dil\u00fdch mo\u017enost\u00ed je to stroj, kter\u00fd m\u016f\u017ee r\u016fst s va\u0161\u00ed firmou. \u0160irok\u00e1 \u0161k\u00e1la mo\u017enost\u00ed a cenov\u00e1 dostupnost z \u0159ady iS z n\u00ed \u010din\u00ed skv\u011blou volbu jak pro za\u010d\u00e1te\u010dn\u00edky, tak pro pokro\u010dil\u00e9 spole\u010dnosti vyr\u00e1b\u011bj\u00edc\u00ed dr\u00e1t.<\/h4><br><br><h3>Aplikace<\/h3><h4>Klipy, dr\u017e\u00e1ky, maloobchodn\u00ed komponenty POP displej\u016f, h\u00e1\u010dky, pru\u017einy, v\u011b\u0161\u00e1ky, konektory, d\u00edly za\u0159\u00edzen\u00ed, chr\u00e1ni\u010de obli\u010deje, rukojeti<\/h4><br>#EBEBEB<br><br><img decoding=\"async\" src=\"https:\/\/ipautomationinc.com\/wp-content\/uploads\/2023\/02\/i8-S-RGB-1.png\" alt=\"i8-S RGB\"><br>iS 3D CNC oh\u00fdba\u010dka dr\u00e1tu<br><br>Kliknut\u00edm sem zobraz\u00edte video<br><a href=\"https:\/\/ipautomationinc.com\/cs\/rada-i-s\/#video\">https:\/\/ipautomationinc.com\/i-s-series\/#video<\/a><br>fas fa-play-circle<br>button_theme<br><br>Kliknut\u00edm sem zobraz\u00edte let\u00e1k v PDF<br><a href=\"https:\/\/ipautomationinc.com\/wp-content\/uploads\/2025\/09\/2025-i-S-Bifold-Flyer.pdf\">https:\/\/ipautomationinc.com\/wp-content\/uploads\/2025\/09\/2025-i-S-Bifold-Flyer.pdf<\/a><br>fas fa-file-pdf<br>button_theme<br>https:\/\/ipautomationinc.com\/wp-content\/uploads\/2025\/09\/2025-i-S-Bifold-Flyer.pdf<br><br>261,260,262,251,246<br>#0455B3<br>3px 3px 3px 3px<br>Zvyk<br>80%<br><br><h4>3D CNC oh\u00fdba\u010dka dr\u00e1tu \u0159ady iS je chytr\u00fd d\u0159\u00ed\u010d. Je to intuitivn\u00ed software Intellibend s 3D simulac\u00ed stroje a jedine\u010dn\u00fdmi funkcemi stroje, kter\u00e9 jej odli\u0161uj\u00ed od jeho konkurent\u016f. Pln\u011b elektrick\u00fd 6os\u00fd design sni\u017euje slo\u017eitost syst\u00e9mu a zvy\u0161uje v\u00fdkon, spolehlivost a p\u0159esnost. K dispozici je pole a\u017e 8 polom\u011br\u016f ohybu. Robustn\u00ed servo\u0159ezn\u00fd syst\u00e9m spojen\u00fd s pln\u011b uzav\u0159en\u00fdm syst\u00e9mem pod\u00e1v\u00e1n\u00ed a oh\u00fdb\u00e1n\u00ed v\u0161ech p\u0159evod\u016f poskytuje spolehlivost a nen\u00e1ro\u010dnou \u00fadr\u017ebu. Jeho jedine\u010dn\u00e9 dostupn\u00e9 mo\u017enosti, jako je posuvn\u00fd posuvov\u00fd mechanismus, \u0159e\u0161\u00ed va\u0161e probl\u00e9my s konzistenc\u00ed. Jednotky sr\u00e1\u017een\u00ed hran a ra\u017een\u00ed raz\u00ed sekund\u00e1rn\u00ed procesy. D\u00edky dlouh\u00e9mu seznamu pokro\u010dil\u00fdch mo\u017enost\u00ed je to stroj, kter\u00fd m\u016f\u017ee r\u016fst s va\u0161\u00ed firmou. \u0160irok\u00e1 \u0161k\u00e1la mo\u017enost\u00ed a cenov\u00e1 dostupnost z \u0159ady iS z n\u00ed \u010din\u00ed skv\u011blou volbu jak pro za\u010d\u00e1te\u010dn\u00edky, tak pro pokro\u010dil\u00e9 spole\u010dnosti vyr\u00e1b\u011bj\u00edc\u00ed dr\u00e1t.<\/h4><br><br><h3>Aplikace<\/h3><br><br><h4>Klipy, dr\u017e\u00e1ky, maloobchodn\u00ed komponenty POP displej\u016f, h\u00e1\u010dky, pru\u017einy, v\u011b\u0161\u00e1ky, konektory, d\u00edly za\u0159\u00edzen\u00ed, chr\u00e1ni\u010de obli\u010deje, rukojeti<\/h4><br>#EBEBEB<br><br><br>M\u00e9dia<br><br>;C;;<br><br>i13-S Video<br><a href=\"https:\/\/player.vimeo.com\/video\/739757520\">https:\/\/player.vimeo.com\/video\/739757520<\/a><br>lightbox<br>button_theme<br>exit-mfn-popup<br><br>i20-S Video<br><a href=\"https:\/\/player.vimeo.com\/video\/952466343\">https:\/\/player.vimeo.com\/video\/952466343<\/a><br>lightbox<br>button_theme<br>exit-mfn-popup<br><br>1672,35650,1208,35649,1204<br>velk\u00fd<br><br><br>Funkce<br><br>Oh\u00fdb\u00e1n\u00ed<br>Programov\u00e1n\u00ed<br>Podrobnosti<br>Uspo\u0159\u00e1d\u00e1n\u00ed stroje<br><br><br>\t6 Servo Axes: X &#8211; feed, Y &#8211; bender pin rotation, Z &#8211; arm rotation, T &#8211; center turret rotation, P &#8211; bend head height , C &#8211; cutter<br><br>\tMo\u017enost a\u017e 8 polom\u011br\u016f ohybu s nastavitelnou v\u00fd\u0161kou oh\u00fdba\u010dky<br><br>In\u017een\u00fd\u0159i IP Automation a CNC stroje v\u0161echny oh\u00fdbac\u00ed hlavy, \u0159eza\u010dky a v\u00e1le\u010dky pro pod\u00e1v\u00e1n\u00ed dr\u00e1tu vlastn\u00ed za rozumnou cenu s rychlou obr\u00e1tkou<br><br><br><br><br>\t<a href=\"https:\/\/ipautomationinc.com\/cs\/schopnosti-stroje\/\">Software Intellibend <\/a> na opera\u010dn\u00edm syst\u00e9mu Windows 10 s 3D simulac\u00ed<br><br>Form\u00e1t CNC programu d\u00e9lka-rotace-\u00fahel<br><br>\tV\u00fdrobn\u00ed panel s programov\u00e1n\u00edm sazeb a d\u00e1vek v re\u00e1ln\u00e9m \u010dase<br><br>\t21,5\u2033 Multidotykov\u00fd displej<br><br>\tVzd\u00e1len\u00e9 p\u0159ipojen\u00ed p\u0159es VPN tunel<br><br>\tProtokol OPC-UA pro pr\u016fmysl 4.0<br><br>K dispozici jsou vlastn\u00ed I\/O funkce<br><br>\t<br><br><br>Odv\u00edjen\u00ed dr\u00e1tu s kapacitou ramene s line\u00e1rn\u00edm pohybem: 3000 lb. zahrnuto (mo\u017enost 4500 lbs.)<br><br>7\u2032 (2,13 m) bezpe\u010dnostn\u00ed klec s bezpe\u010dnostn\u00edm blokov\u00e1n\u00edm dve\u0159\u00ed<br><br>\u0160irok\u00e1 \u0159ada dvouplo\u0161n\u00fdch rovna\u010dek dr\u00e1t\u016f<br><br>V\u0161echny syst\u00e9my posuvu a ohybu maj\u00ed tvrzen\u00e1 ozuben\u00e1 kola a jsou pln\u011b uzav\u0159en\u00e9.<br><br>Rychloup\u00ednac\u00ed tvrzen\u00e9 pod\u00e1vac\u00ed v\u00e1le\u010dky pro 2 velikosti dr\u00e1tu<br><br>Line\u00e1rn\u00ed enkod\u00e9r na posuvu dr\u00e1tu pro p\u0159esnost a detekci skluzu<br><br>Dr\u00e1tov\u00fd stabiliz\u00e1tor<br><br>P\u0159ebrousiteln\u00fd povrch fr\u00e9zy<br><br>K dispozici \u0161kolen\u00ed na m\u00edst\u011b<br><br>Mo\u017enost robotick\u00e9 integrace<br><br><br><div class=\"image_frame image_item scale-with-grid element_classes no_border hover-disable mfn-img-box\"  role=\"link\" aria-label=\"Obr\u00e1zek s odkazy\" tabindex=\"0\"><div class=\"image_wrapper\"><a href=\"https:\/\/ipautomationinc.com\/wp-content\/uploads\/2022\/07\/Machine-Layout-i6-i10.png\" rel=\"prettyphoto\"   class=\"\"  tabindex=\"-1\" title=\"\"><div class=\"mask\"><\/div><img decoding=\"async\" class=\"scale-with-grid\" src=\"https:\/\/ipautomationinc.com\/wp-content\/uploads\/2022\/07\/Machine-Layout-i6-i10.png\" fetchpriority=\"high\" alt=\"3D rozlo\u017een\u00ed oh\u00fdba\u010dky cnc dr\u00e1tu\" title=\"\" width=\"300\" height=\"620\" style=\"\"\/><\/a><div class=\"image_links\"><a href=\"https:\/\/ipautomationinc.com\/wp-content\/uploads\/2022\/07\/Machine-Layout-i6-i10.png\" class=\"zoom\" rel=\"prettyphoto\" tabindex=\"-1\" aria-label=\"zv\u011bt\u0161it obr\u00e1zek\" title=\"\"><svg viewbox=\"0 0 26 26\"><defs><style>.path{fill:none;stroke:#333;stroke-miterlimit:10;stroke-width:1.5px;}<\/style><\/defs><circle cx=\"11.35\" cy=\"11.35\" r=\"6\" class=\"path\"\/><line x1=\"15.59\" y1=\"15.59\" x2=\"20.65\" y2=\"20.65\" class=\"path\"\/><\/svg><\/a><\/div><\/div><p class=\"wp-caption-text\">i6-S - i10-S<\/p><\/div>\n<br><br><br><br><div class=\"image_frame image_item scale-with-grid element_classes no_border hover-disable mfn-img-box\"  role=\"link\" aria-label=\"Obr\u00e1zek s odkazy\" tabindex=\"0\"><div class=\"image_wrapper\"><a href=\"https:\/\/ipautomationinc.com\/wp-content\/uploads\/2022\/06\/i13-S-Proposal-Layout.jpg\" rel=\"prettyphoto\"   class=\"\"  tabindex=\"-1\" title=\"\"><div class=\"mask\"><\/div><img decoding=\"async\" class=\"scale-with-grid\" src=\"https:\/\/ipautomationinc.com\/wp-content\/uploads\/2022\/06\/i13-S-Proposal-Layout.jpg\" fetchpriority=\"high\" alt=\"3D rozlo\u017een\u00ed oh\u00fdba\u010dky cnc dr\u00e1tu\" title=\"\" width=\"300\" height=\"622\" style=\"\"\/><\/a><div class=\"image_links\"><a href=\"https:\/\/ipautomationinc.com\/wp-content\/uploads\/2022\/06\/i13-S-Proposal-Layout.jpg\" class=\"zoom\" rel=\"prettyphoto\" tabindex=\"-1\" aria-label=\"zv\u011bt\u0161it obr\u00e1zek\" title=\"\"><svg viewbox=\"0 0 26 26\"><defs><style>.path{fill:none;stroke:#333;stroke-miterlimit:10;stroke-width:1.5px;}<\/style><\/defs><circle cx=\"11.35\" cy=\"11.35\" r=\"6\" class=\"path\"\/><line x1=\"15.59\" y1=\"15.59\" x2=\"20.65\" y2=\"20.65\" class=\"path\"\/><\/svg><\/a><\/div><\/div><p class=\"wp-caption-text\">i13-S<\/p><\/div>\n<br><br><br><br><div class=\"image_frame image_item scale-with-grid element_classes no_border hover-disable mfn-img-box\"  role=\"link\" aria-label=\"Obr\u00e1zek s odkazy\" tabindex=\"0\"><div class=\"image_wrapper\"><a href=\"https:\/\/ipautomationinc.com\/wp-content\/uploads\/2024\/06\/i20-S-layout.png\" rel=\"prettyphoto\"   class=\"\"  tabindex=\"-1\" title=\"\"><div class=\"mask\"><\/div><img decoding=\"async\" class=\"scale-with-grid\" src=\"https:\/\/ipautomationinc.com\/wp-content\/uploads\/2024\/06\/i20-S-layout.png\" fetchpriority=\"high\" alt=\"3D rozlo\u017een\u00ed oh\u00fdba\u010dky cnc dr\u00e1tu\" title=\"\" width=\"300\" height=\"684\" style=\"\"\/><\/a><div class=\"image_links\"><a href=\"https:\/\/ipautomationinc.com\/wp-content\/uploads\/2024\/06\/i20-S-layout.png\" class=\"zoom\" rel=\"prettyphoto\" tabindex=\"-1\" aria-label=\"zv\u011bt\u0161it obr\u00e1zek\" title=\"\"><svg viewbox=\"0 0 26 26\"><defs><style>.path{fill:none;stroke:#333;stroke-miterlimit:10;stroke-width:1.5px;}<\/style><\/defs><circle cx=\"11.35\" cy=\"11.35\" r=\"6\" class=\"path\"\/><line x1=\"15.59\" y1=\"15.59\" x2=\"20.65\" y2=\"20.65\" class=\"path\"\/><\/svg><\/a><\/div><\/div><p class=\"wp-caption-text\">i20-S<\/p><\/div>\n<br>#EBEBEB<br>#222222<br><br><br>Specifikace<br><br><br><br><p>*Schopnost minim\u00e1ln\u00edho a maxim\u00e1ln\u00edho pr\u016fm\u011bru je ovlivn\u011bna pevnost\u00ed dr\u00e1tu v tahu. Kontaktujte n\u00e1s pro objasn\u011bn\u00ed rozsahu min\/max pro v\u00e1\u0161 typ dr\u00e1tu.<\/p><br><br><br>Mo\u017enosti stroje<br><br>Inteligentn\u00ed robotika<br>s p\u0159izp\u016fsoben\u00fdm EOAT<br><img decoding=\"async\" src=\"https:\/\/ipautomationinc.com\/wp-content\/uploads\/2022\/06\/machine-options_robot.png\" alt=\"robot-mo\u017enosti_stroje\"><br><a href=\"https:\/\/ipautomationinc.com\/cs\/prislusenstvi\/roboticka\/\">https:\/\/ipautomationinc.com\/accessories\/robotics\/<\/a><br>krabicov\u00e9 m\u011b\u0159\u00edtko<br>70%<br><br>iFM obr\u00e1b\u011bc\u00ed centrum<br><img decoding=\"async\" src=\"https:\/\/ipautomationinc.com\/wp-content\/uploads\/2023\/11\/ifm-icon-1.png#35422\" alt=\"ikona ifm\"><br><a href=\"https:\/\/ipautomationinc.com\/cs\/prislusenstvi\/obrabeci-centrum\/\">https:\/\/ipautomationinc.com\/accessories\/machining-center\/<\/a><br>krabicov\u00e9 m\u011b\u0159\u00edtko<br>70%<br><br>In-line sr\u00e1\u017een\u00ed hran<br><img decoding=\"async\" src=\"https:\/\/ipautomationinc.com\/wp-content\/uploads\/2024\/01\/internal-chamfer.png#35611\" alt=\"internal chamfer\"><br><a href=\"https:\/\/ipautomationinc.com\/cs\/prislusenstvi\/primkove-zkoseni\/\">https:\/\/ipautomationinc.com\/accessories\/in-line-chamfer\/<\/a><br>krabicov\u00e9 m\u011b\u0159\u00edtko<br>70%<br><br>Stanice pro sr\u00e1\u017een\u00ed hran\/vrt\u00e1n\u00ed<br><img decoding=\"async\" src=\"https:\/\/ipautomationinc.com\/wp-content\/uploads\/2024\/08\/chamfer-drill.png#36736\" alt=\"sr\u00e1\u017eec\u00ed vrt\u00e1k\"><br><a href=\"https:\/\/ipautomationinc.com\/cs\/prislusenstvi\/srazeci-vrtak\/\">https:\/\/ipautomationinc.com\/accessories\/chamfer-drill\/<\/a><br>krabicov\u00e9 m\u011b\u0159\u00edtko<br>70%<br><br>Posuvn\u00fd podava\u010d\/rovna\u010dka<br><img decoding=\"async\" src=\"https:\/\/ipautomationinc.com\/wp-content\/uploads\/2022\/06\/machine-options_traversing-straightener.png\" alt=\"machine-options_traversing-straightener\"><br>krabicov\u00e9 m\u011b\u0159\u00edtko<br>70%<br><br>Studen\u00e1 hlavi\u010dka<br><img decoding=\"async\" src=\"https:\/\/ipautomationinc.com\/wp-content\/uploads\/2022\/06\/machine-options_cold-heading.png\" alt=\"stroj-volby_studen\u00fd-hlavice\"><br>krabicov\u00e9 m\u011b\u0159\u00edtko<br>70%<br><br>Stanice pro uvoln\u011bn\u00ed stresu<br><img decoding=\"async\" src=\"https:\/\/ipautomationinc.com\/wp-content\/uploads\/2022\/06\/machine-options_stress-relieving.png\" alt=\"strojov\u00e9 mo\u017enosti_uvol\u0148uj\u00edc\u00ed stres\"><br>krabicov\u00e9 m\u011b\u0159\u00edtko<br>70%<br><br>Servo lis<br><img decoding=\"async\" src=\"https:\/\/ipautomationinc.com\/wp-content\/uploads\/2022\/06\/machine-options_servo-press.png\" alt=\"machine-options_servo-press\"><br>krabicov\u00e9 m\u011b\u0159\u00edtko<br>70%<br><br>Kontrola zraku<br><img decoding=\"async\" src=\"https:\/\/ipautomationinc.com\/wp-content\/uploads\/2022\/06\/machine-options_vision-inspection-closeup.png\" alt=\"machine-options_vision-inspection-closeup\"><br>krabicov\u00e9 m\u011b\u0159\u00edtko<br>70%<br><br>Z\u00edskejte cenu hned te\u010f!<br>ikona vp\u0159ed<br><a href=\"https:\/\/ipautomationinc.com\/cs\/kontaktujte-nas\/#form\">https:\/\/ipautomationinc.com\/contact-us\/#form<\/a><br>50 pixel\u016f<br><br>Dal\u0161\u00ed CNC oh\u00fdba\u010dky dr\u00e1tu<br><br><h4>\u0158ada i-S\u00b2<\/h4><br><br><p><hr class=\"no_line\" style=\"margin: 0 auto 0px auto\"\/>\n <a href=\"https:\/\/ipautomationinc.com\/cs\/rada-i-s-kvadraticka\/\"> <img decoding=\"async\" src=\"https:\/\/ipautomationinc.com\/wp-content\/uploads\/2024\/08\/i10-S\u00b2-rgb.png\" alt=\"i-S\u00b2 CNC dr\u00e1t\u011bn\u00fd tvarova\u010d\"> <\/a> <hr class=\"no_line\" style=\"margin: 0 auto 0px auto\"\/>\n<\/p><br><br><p>3d cnc oh\u00fdba\u010dka dr\u00e1tu \u0159ady S\u00b2 p\u0159in\u00e1\u0161\u00ed do \u0159ady S 2-13 mm v\u0161estrannost se dv\u011bma v\u011b\u017ei\u010dkami a mo\u017enost oh\u00fdb\u00e1n\u00ed trubek<\/p><br><br><a class=\"mfn-link mfn-link-1\" href=\"\" style=\"\" data-hover=\"\"   ><span data-hover=\"\"><\/span><\/a><br>neopakovat;vlevo naho\u0159e;;<br>auto<br><br><h4>\u0158ada i-SC<\/h4><br><br><p><hr class=\"no_line\" style=\"margin: 0 auto 0px auto\"\/>\n <a href=\"https:\/\/ipautomationinc.com\/cs\/rada-i-sc\/\"> <img decoding=\"async\" src=\"https:\/\/ipautomationinc.com\/wp-content\/uploads\/2025\/09\/i8-SC-RGB.png\" alt=\"\"> <\/a> <hr class=\"no_line\" style=\"margin: 0 auto 0px auto\"\/>\n<\/p><br><br><p>\u0158ada SC je perfektn\u00ed stroj pro krat\u0161\u00ed 3D tvary dr\u00e1tu z 2-8mm dr\u00e1tu<\/p><br><br><a class=\"mfn-link mfn-link-1\" href=\"\" style=\"\" data-hover=\"\"   ><span data-hover=\"\"><\/span><\/a><br>neopakovat;vlevo naho\u0159e;;<br>auto<br><br><h4>\u0158ada i-S\u00b2-P<\/h4><br><br><p><hr class=\"no_line\" style=\"margin: 0 auto 0px auto\"\/>\n <a href=\"https:\/\/ipautomationinc.com\/cs\/rada-i-s-kvadraticka-p\/\"> <img decoding=\"async\" src=\"https:\/\/ipautomationinc.com\/wp-content\/uploads\/2026\/02\/i10-S\u00b2-P-Single-Piece-3D-CNC-Wire-Bender.png\" alt=\"i-S\u00b2-P Jednod\u00edln\u00fd CNC dr\u00e1tov\u00fd tvarova\u010d\"> <\/a> <hr class=\"no_line\" style=\"margin: 0 auto 0px auto\"\/>\n<\/p><br><br><p>\u0158ada S\u00b2-P je navr\u017eena pro snadnou pr\u00e1ci s n\u00e1ro\u010dn\u00fdmi dr\u00e1t\u011bn\u00fdmi formami o pr\u016fm\u011bru 2,5\u201313 mm.<\/p><br><br><a class=\"mfn-link mfn-link-1\" href=\"\" style=\"\" data-hover=\"\"   ><span data-hover=\"\"><\/span><\/a><br>neopakovat;vlevo naho\u0159e;;<br>auto<br><br><\/p>","protected":false},"excerpt":{"rendered":"<p>The i-S series 3D CNC wire bender is a smart workhorse. It\u2019s intuitive Intellibend software with 3D machine simulation and<span class=\"excerpt-hellip\"> [\u2026]<\/span><\/p>\n","protected":false},"author":3,"featured_media":0,"parent":0,"menu_order":0,"comment_status":"closed","ping_status":"closed","template":"","meta":{"footnotes":""},"class_list":["post-1227","page","type-page","status-publish","hentry"],"yoast_head":"<!-- This site is optimized with the Yoast SEO plugin v27.3 - https:\/\/yoast.com\/product\/yoast-seo-wordpress\/ -->\n<title>i-S Series 3D CNC Wire Bender | IP Automation Inc<\/title>\n<meta name=\"description\" content=\"The i-S series 3D CNC wire bender is a smart workhorse. All-electric 6 axis design, up to 8 bending radii, 3d simulation.\" \/>\n<meta name=\"robots\" content=\"index, follow, max-snippet:-1, max-image-preview:large, max-video-preview:-1\" \/>\n<link rel=\"canonical\" href=\"https:\/\/ipautomationinc.com\/cs\/rada-i-s\/\" \/>\n<meta property=\"og:locale\" content=\"cs_CZ\" \/>\n<meta property=\"og:type\" content=\"article\" \/>\n<meta property=\"og:title\" content=\"i-S Series 3D CNC Wire Bender | IP Automation Inc\" \/>\n<meta property=\"og:description\" content=\"The i-S series 3D CNC wire bender is a smart workhorse. All-electric 6 axis design, up to 8 bending radii, 3d simulation.\" \/>\n<meta property=\"og:url\" content=\"https:\/\/ipautomationinc.com\/cs\/rada-i-s\/\" \/>\n<meta property=\"og:site_name\" content=\"IP Automation Inc\" \/>\n<meta property=\"article:publisher\" content=\"https:\/\/www.facebook.com\/ipautomationinc\/\" \/>\n<meta property=\"article:modified_time\" content=\"2026-03-31T20:29:40+00:00\" \/>\n<meta property=\"og:image\" content=\"https:\/\/ipautomationinc.com\/wp-content\/uploads\/2023\/02\/i8-S-RGB-1.png\" \/>\n<script type=\"application\/ld+json\" class=\"yoast-schema-graph\">{\"@context\":\"https:\\\/\\\/schema.org\",\"@graph\":[{\"@type\":\"WebPage\",\"@id\":\"https:\\\/\\\/ipautomationinc.com\\\/i-s-series\\\/\",\"url\":\"https:\\\/\\\/ipautomationinc.com\\\/i-s-series\\\/\",\"name\":\"i-S Series 3D CNC Wire Bender | IP Automation Inc\",\"isPartOf\":{\"@id\":\"https:\\\/\\\/ipautomationinc.com\\\/#website\"},\"primaryImageOfPage\":{\"@id\":\"https:\\\/\\\/ipautomationinc.com\\\/i-s-series\\\/#primaryimage\"},\"image\":{\"@id\":\"https:\\\/\\\/ipautomationinc.com\\\/i-s-series\\\/#primaryimage\"},\"thumbnailUrl\":\"https:\\\/\\\/ipautomationinc.com\\\/wp-content\\\/uploads\\\/2023\\\/02\\\/i8-S-RGB-1.png\",\"datePublished\":\"2022-06-16T17:52:49+00:00\",\"dateModified\":\"2026-03-31T20:29:40+00:00\",\"description\":\"The i-S series 3D CNC wire bender is a smart workhorse. All-electric 6 axis design, up to 8 bending radii, 3d simulation.\",\"inLanguage\":\"cs\",\"potentialAction\":[{\"@type\":\"ReadAction\",\"target\":[\"https:\\\/\\\/ipautomationinc.com\\\/i-s-series\\\/\"]}]},{\"@type\":\"ImageObject\",\"inLanguage\":\"cs\",\"@id\":\"https:\\\/\\\/ipautomationinc.com\\\/i-s-series\\\/#primaryimage\",\"url\":\"https:\\\/\\\/ipautomationinc.com\\\/wp-content\\\/uploads\\\/2023\\\/02\\\/i8-S-RGB-1.png\",\"contentUrl\":\"https:\\\/\\\/ipautomationinc.com\\\/wp-content\\\/uploads\\\/2023\\\/02\\\/i8-S-RGB-1.png\"},{\"@type\":\"WebSite\",\"@id\":\"https:\\\/\\\/ipautomationinc.com\\\/#website\",\"url\":\"https:\\\/\\\/ipautomationinc.com\\\/\",\"name\":\"IP Automation Inc\",\"description\":\"Concept... Creation... Reality...\",\"publisher\":{\"@id\":\"https:\\\/\\\/ipautomationinc.com\\\/#organization\"},\"potentialAction\":[{\"@type\":\"SearchAction\",\"target\":{\"@type\":\"EntryPoint\",\"urlTemplate\":\"https:\\\/\\\/ipautomationinc.com\\\/?s={search_term_string}\"},\"query-input\":{\"@type\":\"PropertyValueSpecification\",\"valueRequired\":true,\"valueName\":\"search_term_string\"}}],\"inLanguage\":\"cs\"},{\"@type\":\"Organization\",\"@id\":\"https:\\\/\\\/ipautomationinc.com\\\/#organization\",\"name\":\"IP Automation Inc\",\"url\":\"https:\\\/\\\/ipautomationinc.com\\\/\",\"logo\":{\"@type\":\"ImageObject\",\"inLanguage\":\"cs\",\"@id\":\"https:\\\/\\\/ipautomationinc.com\\\/#\\\/schema\\\/logo\\\/image\\\/\",\"url\":\"https:\\\/\\\/ipautomationinc.com\\\/wp-content\\\/uploads\\\/2022\\\/05\\\/IPA-Favicon.png\",\"contentUrl\":\"https:\\\/\\\/ipautomationinc.com\\\/wp-content\\\/uploads\\\/2022\\\/05\\\/IPA-Favicon.png\",\"width\":513,\"height\":513,\"caption\":\"IP Automation Inc\"},\"image\":{\"@id\":\"https:\\\/\\\/ipautomationinc.com\\\/#\\\/schema\\\/logo\\\/image\\\/\"},\"sameAs\":[\"https:\\\/\\\/www.facebook.com\\\/ipautomationinc\\\/\",\"https:\\\/\\\/www.linkedin.com\\\/company\\\/ip-automation-inc\\\/\",\"https:\\\/\\\/www.youtube.com\\\/@IPAutomation\"]}]}<\/script>\n<!-- \/ Yoast SEO plugin. -->","yoast_head_json":{"title":"3D CNC oh\u00fdba\u010dka dr\u00e1tu \u0159ady iS | IP Automation Inc","description":"3D CNC oh\u00fdba\u010dka dr\u00e1tu \u0159ady iS je chytr\u00fd d\u0159\u00ed\u010d. Pln\u011b elektrick\u00fd 6os\u00fd design, a\u017e 8 polom\u011br\u016f ohybu, 3D simulace.","robots":{"index":"index","follow":"follow","max-snippet":"max-snippet:-1","max-image-preview":"max-image-preview:large","max-video-preview":"max-video-preview:-1"},"canonical":"https:\/\/ipautomationinc.com\/cs\/rada-i-s\/","og_locale":"cs_CZ","og_type":"article","og_title":"i-S Series 3D CNC Wire Bender | IP Automation Inc","og_description":"The i-S series 3D CNC wire bender is a smart workhorse. All-electric 6 axis design, up to 8 bending radii, 3d simulation.","og_url":"https:\/\/ipautomationinc.com\/cs\/rada-i-s\/","og_site_name":"IP Automation Inc","article_publisher":"https:\/\/www.facebook.com\/ipautomationinc\/","article_modified_time":"2026-03-31T20:29:40+00:00","og_image":[{"url":"https:\/\/ipautomationinc.com\/wp-content\/uploads\/2023\/02\/i8-S-RGB-1.png","type":"","width":"","height":""}],"schema":{"@context":"https:\/\/schema.org","@graph":[{"@type":"WebPage","@id":"https:\/\/ipautomationinc.com\/i-s-series\/","url":"https:\/\/ipautomationinc.com\/i-s-series\/","name":"3D CNC oh\u00fdba\u010dka dr\u00e1tu \u0159ady iS | IP Automation Inc","isPartOf":{"@id":"https:\/\/ipautomationinc.com\/#website"},"primaryImageOfPage":{"@id":"https:\/\/ipautomationinc.com\/i-s-series\/#primaryimage"},"image":{"@id":"https:\/\/ipautomationinc.com\/i-s-series\/#primaryimage"},"thumbnailUrl":"https:\/\/ipautomationinc.com\/wp-content\/uploads\/2023\/02\/i8-S-RGB-1.png","datePublished":"2022-06-16T17:52:49+00:00","dateModified":"2026-03-31T20:29:40+00:00","description":"3D CNC oh\u00fdba\u010dka dr\u00e1tu \u0159ady iS je chytr\u00fd d\u0159\u00ed\u010d. Pln\u011b elektrick\u00fd 6os\u00fd design, a\u017e 8 polom\u011br\u016f ohybu, 3D simulace.","inLanguage":"cs","potentialAction":[{"@type":"ReadAction","target":["https:\/\/ipautomationinc.com\/i-s-series\/"]}]},{"@type":"ImageObject","inLanguage":"cs","@id":"https:\/\/ipautomationinc.com\/i-s-series\/#primaryimage","url":"https:\/\/ipautomationinc.com\/wp-content\/uploads\/2023\/02\/i8-S-RGB-1.png","contentUrl":"https:\/\/ipautomationinc.com\/wp-content\/uploads\/2023\/02\/i8-S-RGB-1.png"},{"@type":"WebSite","@id":"https:\/\/ipautomationinc.com\/#website","url":"https:\/\/ipautomationinc.com\/","name":"IP Automation Inc","description":"Koncept... Tvorba... Realita...","publisher":{"@id":"https:\/\/ipautomationinc.com\/#organization"},"potentialAction":[{"@type":"SearchAction","target":{"@type":"EntryPoint","urlTemplate":"https:\/\/ipautomationinc.com\/?s={search_term_string}"},"query-input":{"@type":"PropertyValueSpecification","valueRequired":true,"valueName":"search_term_string"}}],"inLanguage":"cs"},{"@type":"Organization","@id":"https:\/\/ipautomationinc.com\/#organization","name":"IP Automation Inc","url":"https:\/\/ipautomationinc.com\/","logo":{"@type":"ImageObject","inLanguage":"cs","@id":"https:\/\/ipautomationinc.com\/#\/schema\/logo\/image\/","url":"https:\/\/ipautomationinc.com\/wp-content\/uploads\/2022\/05\/IPA-Favicon.png","contentUrl":"https:\/\/ipautomationinc.com\/wp-content\/uploads\/2022\/05\/IPA-Favicon.png","width":513,"height":513,"caption":"IP Automation Inc"},"image":{"@id":"https:\/\/ipautomationinc.com\/#\/schema\/logo\/image\/"},"sameAs":["https:\/\/www.facebook.com\/ipautomationinc\/","https:\/\/www.linkedin.com\/company\/ip-automation-inc\/","https:\/\/www.youtube.com\/@IPAutomation"]}]}},"_links":{"self":[{"href":"https:\/\/ipautomationinc.com\/cs\/wp-json\/wp\/v2\/pages\/1227","targetHints":{"allow":["GET"]}}],"collection":[{"href":"https:\/\/ipautomationinc.com\/cs\/wp-json\/wp\/v2\/pages"}],"about":[{"href":"https:\/\/ipautomationinc.com\/cs\/wp-json\/wp\/v2\/types\/page"}],"author":[{"embeddable":true,"href":"https:\/\/ipautomationinc.com\/cs\/wp-json\/wp\/v2\/users\/3"}],"replies":[{"embeddable":true,"href":"https:\/\/ipautomationinc.com\/cs\/wp-json\/wp\/v2\/comments?post=1227"}],"version-history":[{"count":3,"href":"https:\/\/ipautomationinc.com\/cs\/wp-json\/wp\/v2\/pages\/1227\/revisions"}],"predecessor-version":[{"id":39516,"href":"https:\/\/ipautomationinc.com\/cs\/wp-json\/wp\/v2\/pages\/1227\/revisions\/39516"}],"wp:attachment":[{"href":"https:\/\/ipautomationinc.com\/cs\/wp-json\/wp\/v2\/media?parent=1227"}],"curies":[{"name":"wp","href":"https:\/\/api.w.org\/{rel}","templated":true}]}}