{"id":122,"date":"2017-10-27T17:57:09","date_gmt":"2017-10-27T22:57:09","guid":{"rendered":"http:\/\/ipautomationinc.com\/?page_id=122"},"modified":"2025-06-03T16:36:10","modified_gmt":"2025-06-03T21:36:10","slug":"podpera-podpora","status":"publish","type":"page","link":"https:\/\/ipautomationinc.com\/cs\/support\/","title":{"rendered":"Podp\u011bra, podpora"},"content":{"rendered":"<h6 class=\"wp-block-heading\"><strong>Pro podporu n\u00e1m pros\u00edm napi\u0161te SMS na na\u0161i linku podpory na \u010d\u00edslo (630)376-9903, napi\u0161te n\u00e1m p\u0159\u00edmo e-mail na adresu support@ipautomationinc.com nebo n\u00e1m po\u0161lete zpr\u00e1vu. Podpora vzd\u00e1len\u00e9ho p\u0159ipojen\u00ed. Zvedneme telefon. M\u016f\u017eeme b\u00fdt na m\u00edst\u011b. Servisn\u00ed d\u00edly. Dokumentace. Poprodejn\u00ed podpora.<\/strong><\/h6>\n\n\n\n<p><span class=\"builder2seo\"><\/span><h3>Pro podporu m\u016f\u017eete poslat SMS na na\u0161i linku podpory na \u010d\u00edslo (630)-376-9903.<\/h3><br><br><hr class=\"no_line\" style=\"margin: 0 auto 0px auto\"\/>\n<br><br><h3><span>napi\u0161te n\u00e1m p\u0159\u00edmo na adresu support@ipautomationinc.com<\/span><\/h3><br><br><hr class=\"no_line\" style=\"margin: 0 auto 0px auto\"\/>\n<br><br><h3><span>nebo <\/span>Po\u0161lete n\u00e1m zpr\u00e1vu pomoc\u00ed n\u00ed\u017ee uveden\u00e9ho formul\u00e1\u0159e.<\/h3><br>neopakovat;vlevo naho\u0159e;;<br>auto<br><br><p class=\"wpcf7-contact-form-not-found\"><strong>Chyba:<\/strong> Kontaktn\u00ed formul\u00e1\u0159 nebyl nalezen.<\/p><br><br><h3>Podpora vzd\u00e1len\u00e9ho p\u0159ipojen\u00ed<\/h3><br><br><h6>Pokud vlastn\u00edte stroj na tvarov\u00e1n\u00ed dr\u00e1tu IP Automation, m\u016f\u017eeme se k va\u0161emu stroji p\u0159ipojit p\u0159es ethernetov\u00e9 p\u0159ipojen\u00ed a \u0159e\u0161it probl\u00e9my se softwarem i hardwarem. Sta\u010d\u00ed zavolat nebo poslat e-mail a my v\u00e1s provedeme cel\u00fdm procesem.<\/h6><br><br><br><br><h3>Zvedneme telefon<\/h3><br><br><h6>Pokud je v\u00e1\u0161 probl\u00e9m p\u0159\u00edli\u0161 slo\u017eit\u00fd na to, abyste n\u00e1m jej mohli vysv\u011btlit e-mailem, nev\u00e1hejte n\u00e1m zavolat na \u010d\u00edslo 630-656-1215 s va\u0161imi dotazy nebo probl\u00e9my se slu\u017ebami. Poskytneme v\u00e1m citlivou podporu bez obch\u00e1zen\u00ed.<\/h6><br><br><br><br><h3>M\u016f\u017eeme tam b\u00fdt<\/h3><br><br><h6>M\u00e1me servisn\u00ed techniky p\u0159ipraven\u00e9 zajistit \u00fadr\u017ebu a opravy na m\u00edst\u011b. Na\u0161i technici tak\u00e9 nainstaluj\u00ed, provedou p\u0159ej\u00edmac\u00ed zkou\u0161ky na m\u00edst\u011b a za\u0161kol\u00ed.<\/h6><br><br><br><br><h3>Servisn\u00ed d\u00edly<\/h3><br><br><h6>Skladujeme velkou v\u011bt\u0161inu servisn\u00edch d\u00edl\u016f, kter\u00e9 mohou na\u0161i z\u00e1kazn\u00edci pot\u0159ebovat. Poskytujeme dokonce vlastn\u00ed v\u00fdkresov\u00e9 soubory n\u00e1stroj\u016f, tak\u017ee si m\u016f\u017eete vytvo\u0159it sv\u016fj vlastn\u00ed v mal\u00ed\u010dku. Na servisn\u00ed d\u00edly grav\u00edrujeme laserem \u010d\u00edsla d\u00edl\u016f pro snadnou identifikaci.<\/h6><br><br><br><br><h3>Dokumentace<\/h3><br><br><h6>Dokumentace se m\u016f\u017ee ztratit, sta\u010d\u00ed zadat model stroje a s\u00e9riov\u00e9 \u010d\u00edslo a pou\u017e\u00edt v\u00fd\u0161e uveden\u00fd kontaktn\u00ed formul\u00e1\u0159.<\/h6><br><br><br><br><h3>Poprodejn\u00ed podpora<\/h3><br><br><h6>Na\u0161e poprodejn\u00ed podpora zahrnuje \u0161kolen\u00ed oper\u00e1tor\u016f a technik\u016f, kompletn\u00ed seznam kusovn\u00edk\u016f v\u0161ech hlavn\u00edch sou\u010d\u00e1st\u00ed, standardn\u00ed provozn\u00ed postupy a pokyny pro odstra\u0148ov\u00e1n\u00ed probl\u00e9m\u016f. Krom\u011b toho zaji\u0161\u0165ujeme personalizovanou podporu pro v\u0161echny va\u0161e oper\u00e1tory a in\u017een\u00fdry, abychom zajistili bezprobl\u00e9mov\u00e9 zprovozn\u011bn\u00ed va\u0161eho projektu a bezprobl\u00e9movou \u017eivotnost projektu.<\/h6><br><br><br>neopakovat;vlevo naho\u0159e;;<br>auto<br><br><p class=\"wpcf7-contact-form-not-found\"><strong>Chyba:<\/strong> Kontaktn\u00ed formul\u00e1\u0159 nebyl nalezen.<\/p><br>neopakovat;vlevo naho\u0159e;;<br>auto<br>schovat notebook schovat tablet<br><br><\/p>","protected":false},"excerpt":{"rendered":"<p>For support please text our support line at (630)376-9903, email us directly at support@ipautomationinc.com or send us a message. Remote<span class=\"excerpt-hellip\"> [\u2026]<\/span><\/p>\n","protected":false},"author":3,"featured_media":0,"parent":0,"menu_order":0,"comment_status":"open","ping_status":"closed","template":"","meta":{"footnotes":""},"class_list":["post-122","page","type-page","status-publish","hentry"],"yoast_head":"<!-- This site is optimized with the Yoast SEO plugin v27.3 - https:\/\/yoast.com\/product\/yoast-seo-wordpress\/ -->\n<title>Support | IP Automation Inc<\/title>\n<meta name=\"description\" content=\"Need support for your wire bending machine? Give us a call or email us with any questions you may have.\" \/>\n<meta name=\"robots\" content=\"index, follow, max-snippet:-1, max-image-preview:large, max-video-preview:-1\" \/>\n<link rel=\"canonical\" href=\"https:\/\/ipautomationinc.com\/cs\/podpera-podpora\/\" \/>\n<meta property=\"og:locale\" content=\"cs_CZ\" \/>\n<meta property=\"og:type\" content=\"article\" \/>\n<meta property=\"og:title\" content=\"Support | IP Automation Inc\" \/>\n<meta property=\"og:description\" content=\"Need support for your wire bending machine? Give us a call or email us with any questions you may have.\" \/>\n<meta property=\"og:url\" content=\"https:\/\/ipautomationinc.com\/cs\/podpera-podpora\/\" \/>\n<meta property=\"og:site_name\" content=\"IP Automation Inc\" \/>\n<meta property=\"article:publisher\" content=\"https:\/\/www.facebook.com\/ipautomationinc\/\" \/>\n<meta property=\"article:modified_time\" content=\"2025-06-03T21:36:10+00:00\" \/>\n<script type=\"application\/ld+json\" class=\"yoast-schema-graph\">{\"@context\":\"https:\\\/\\\/schema.org\",\"@graph\":[{\"@type\":\"WebPage\",\"@id\":\"https:\\\/\\\/ipautomationinc.com\\\/support\\\/\",\"url\":\"https:\\\/\\\/ipautomationinc.com\\\/support\\\/\",\"name\":\"Support | IP Automation Inc\",\"isPartOf\":{\"@id\":\"https:\\\/\\\/ipautomationinc.com\\\/#website\"},\"datePublished\":\"2017-10-27T22:57:09+00:00\",\"dateModified\":\"2025-06-03T21:36:10+00:00\",\"description\":\"Need support for your wire bending machine? Give us a call or email us with any questions you may have.\",\"inLanguage\":\"cs\",\"potentialAction\":[{\"@type\":\"ReadAction\",\"target\":[\"https:\\\/\\\/ipautomationinc.com\\\/support\\\/\"]}]},{\"@type\":\"WebSite\",\"@id\":\"https:\\\/\\\/ipautomationinc.com\\\/#website\",\"url\":\"https:\\\/\\\/ipautomationinc.com\\\/\",\"name\":\"IP Automation Inc\",\"description\":\"Concept... Creation... Reality...\",\"publisher\":{\"@id\":\"https:\\\/\\\/ipautomationinc.com\\\/#organization\"},\"potentialAction\":[{\"@type\":\"SearchAction\",\"target\":{\"@type\":\"EntryPoint\",\"urlTemplate\":\"https:\\\/\\\/ipautomationinc.com\\\/?s={search_term_string}\"},\"query-input\":{\"@type\":\"PropertyValueSpecification\",\"valueRequired\":true,\"valueName\":\"search_term_string\"}}],\"inLanguage\":\"cs\"},{\"@type\":\"Organization\",\"@id\":\"https:\\\/\\\/ipautomationinc.com\\\/#organization\",\"name\":\"IP Automation Inc\",\"url\":\"https:\\\/\\\/ipautomationinc.com\\\/\",\"logo\":{\"@type\":\"ImageObject\",\"inLanguage\":\"cs\",\"@id\":\"https:\\\/\\\/ipautomationinc.com\\\/#\\\/schema\\\/logo\\\/image\\\/\",\"url\":\"https:\\\/\\\/ipautomationinc.com\\\/wp-content\\\/uploads\\\/2022\\\/05\\\/IPA-Favicon.png\",\"contentUrl\":\"https:\\\/\\\/ipautomationinc.com\\\/wp-content\\\/uploads\\\/2022\\\/05\\\/IPA-Favicon.png\",\"width\":513,\"height\":513,\"caption\":\"IP Automation Inc\"},\"image\":{\"@id\":\"https:\\\/\\\/ipautomationinc.com\\\/#\\\/schema\\\/logo\\\/image\\\/\"},\"sameAs\":[\"https:\\\/\\\/www.facebook.com\\\/ipautomationinc\\\/\",\"https:\\\/\\\/www.linkedin.com\\\/company\\\/ip-automation-inc\\\/\",\"https:\\\/\\\/www.youtube.com\\\/@IPAutomation\"]}]}<\/script>\n<!-- \/ Yoast SEO plugin. -->","yoast_head_json":{"title":"Podpora | IP Automation Inc","description":"Pot\u0159ebujete podporu pro v\u00e1\u0161 oh\u00fdbac\u00ed stroj? Zavolejte n\u00e1m nebo n\u00e1m napi\u0161te e-mail s jak\u00fdmikoli dotazy.","robots":{"index":"index","follow":"follow","max-snippet":"max-snippet:-1","max-image-preview":"max-image-preview:large","max-video-preview":"max-video-preview:-1"},"canonical":"https:\/\/ipautomationinc.com\/cs\/podpera-podpora\/","og_locale":"cs_CZ","og_type":"article","og_title":"Support | IP Automation Inc","og_description":"Need support for your wire bending machine? Give us a call or email us with any questions you may have.","og_url":"https:\/\/ipautomationinc.com\/cs\/podpera-podpora\/","og_site_name":"IP Automation Inc","article_publisher":"https:\/\/www.facebook.com\/ipautomationinc\/","article_modified_time":"2025-06-03T21:36:10+00:00","schema":{"@context":"https:\/\/schema.org","@graph":[{"@type":"WebPage","@id":"https:\/\/ipautomationinc.com\/support\/","url":"https:\/\/ipautomationinc.com\/support\/","name":"Podpora | IP Automation Inc","isPartOf":{"@id":"https:\/\/ipautomationinc.com\/#website"},"datePublished":"2017-10-27T22:57:09+00:00","dateModified":"2025-06-03T21:36:10+00:00","description":"Pot\u0159ebujete podporu pro v\u00e1\u0161 oh\u00fdbac\u00ed stroj? Zavolejte n\u00e1m nebo n\u00e1m napi\u0161te e-mail s jak\u00fdmikoli dotazy.","inLanguage":"cs","potentialAction":[{"@type":"ReadAction","target":["https:\/\/ipautomationinc.com\/support\/"]}]},{"@type":"WebSite","@id":"https:\/\/ipautomationinc.com\/#website","url":"https:\/\/ipautomationinc.com\/","name":"IP Automation Inc","description":"Koncept... Tvorba... Realita...","publisher":{"@id":"https:\/\/ipautomationinc.com\/#organization"},"potentialAction":[{"@type":"SearchAction","target":{"@type":"EntryPoint","urlTemplate":"https:\/\/ipautomationinc.com\/?s={search_term_string}"},"query-input":{"@type":"PropertyValueSpecification","valueRequired":true,"valueName":"search_term_string"}}],"inLanguage":"cs"},{"@type":"Organization","@id":"https:\/\/ipautomationinc.com\/#organization","name":"IP Automation Inc","url":"https:\/\/ipautomationinc.com\/","logo":{"@type":"ImageObject","inLanguage":"cs","@id":"https:\/\/ipautomationinc.com\/#\/schema\/logo\/image\/","url":"https:\/\/ipautomationinc.com\/wp-content\/uploads\/2022\/05\/IPA-Favicon.png","contentUrl":"https:\/\/ipautomationinc.com\/wp-content\/uploads\/2022\/05\/IPA-Favicon.png","width":513,"height":513,"caption":"IP Automation Inc"},"image":{"@id":"https:\/\/ipautomationinc.com\/#\/schema\/logo\/image\/"},"sameAs":["https:\/\/www.facebook.com\/ipautomationinc\/","https:\/\/www.linkedin.com\/company\/ip-automation-inc\/","https:\/\/www.youtube.com\/@IPAutomation"]}]}},"_links":{"self":[{"href":"https:\/\/ipautomationinc.com\/cs\/wp-json\/wp\/v2\/pages\/122","targetHints":{"allow":["GET"]}}],"collection":[{"href":"https:\/\/ipautomationinc.com\/cs\/wp-json\/wp\/v2\/pages"}],"about":[{"href":"https:\/\/ipautomationinc.com\/cs\/wp-json\/wp\/v2\/types\/page"}],"author":[{"embeddable":true,"href":"https:\/\/ipautomationinc.com\/cs\/wp-json\/wp\/v2\/users\/3"}],"replies":[{"embeddable":true,"href":"https:\/\/ipautomationinc.com\/cs\/wp-json\/wp\/v2\/comments?post=122"}],"version-history":[{"count":1,"href":"https:\/\/ipautomationinc.com\/cs\/wp-json\/wp\/v2\/pages\/122\/revisions"}],"predecessor-version":[{"id":37720,"href":"https:\/\/ipautomationinc.com\/cs\/wp-json\/wp\/v2\/pages\/122\/revisions\/37720"}],"wp:attachment":[{"href":"https:\/\/ipautomationinc.com\/cs\/wp-json\/wp\/v2\/media?parent=122"}],"curies":[{"name":"wp","href":"https:\/\/api.w.org\/{rel}","templated":true}]}}