{"id":120,"date":"2017-10-27T17:55:58","date_gmt":"2017-10-27T22:55:58","guid":{"rendered":"http:\/\/ipautomationinc.com\/?page_id=120"},"modified":"2026-02-12T15:09:31","modified_gmt":"2026-02-12T21:09:31","slug":"o-nas","status":"publish","type":"page","link":"https:\/\/ipautomationinc.com\/cs\/about-us\/","title":{"rendered":"O automatizaci IP"},"content":{"rendered":"<p>M\u00e1me v\u00edce ne\u017e 100 let zku\u0161enost\u00ed v oblasti oh\u00fdb\u00e1n\u00ed dr\u00e1tu a automatizace. Nab\u00edz\u00edme vlastn\u00ed in\u017een\u00fdrsk\u00e9 slu\u017eby, v\u00fdrobu n\u00e1stroj\u016f a stroj\u00edrenstv\u00ed. Rychlou servisn\u00ed podporu na m\u00edst\u011b i na d\u00e1lku.<\/p>\n\n\n\n<p><span class=\"builder2seo\"><\/span><img decoding=\"async\" src=\"https:\/\/ipautomationinc.com\/wp-content\/uploads\/2023\/07\/1.1-with-logo.jpg#24683\" alt=\"1.1 s logem\"><br><br><img decoding=\"async\" src=\"https:\/\/ipautomationinc.com\/wp-content\/uploads\/2022\/10\/10years.png\" alt=\"\"><br>Zvyk<br>205 pixel\u016f<br><br><img decoding=\"async\" src=\"https:\/\/ipautomationinc.com\/wp-content\/uploads\/2022\/10\/10years.png\" alt=\"\"><br><br><br><br><br><br><h6>V\u00edce ne\u017e 100 let zku\u0161enost\u00ed v oblasti oh\u00fdb\u00e1n\u00ed dr\u00e1tu a automatizace<\/h6><br><br><br><br><br><br><h6>Pln\u011b elektrick\u00e9 CNC oh\u00fdba\u010dky dr\u00e1tu se snadno pou\u017eiteln\u00fdm softwarem Intellibend a nejmodern\u011bj\u0161\u00edmi simulacemi<\/h6><br><br><br><br><br><br><h6>Specialist\u00e9 na zak\u00e1zkovou automatizaci zam\u011b\u0159en\u00ed na na\u0161e CNC oh\u00fdba\u010dky dr\u00e1tu<\/h6><br><br><br><br><br><br><h6>Vlastn\u00ed stroj\u00edrenstv\u00ed, v\u00fdroba n\u00e1stroj\u016f a stroj\u00edrenstv\u00ed<\/h6><br><br><br><br><br><br><h6>Dedikovan\u00fd projektov\u00fd management a z\u00e1kaznick\u00fd servis<\/h6><br><br><br><br><br><br><h6>Responzivn\u00ed servisn\u00ed podpora na m\u00edst\u011b i na d\u00e1lku<\/h6><br><br><br><br><br>Nadpis<br>ne-opakovat;uprost\u0159ed naho\u0159e;;<br>auto<br>10px<br><br><h6><br><br>\t<br><br>Na\u0161e kompletn\u00ed \u0159ada strojn\u00ed technologie nov\u00e9 generace 2D, 3D stroj\u016f na tv\u00e1\u0159en\u00ed dr\u00e1tu s jednou a dv\u011bma hlavami poskytuje dokonal\u00e9 ovl\u00e1d\u00e1n\u00ed oh\u00fdb\u00e1n\u00ed a n\u00edzk\u00e9 n\u00e1roky na \u00fadr\u017ebu se servomotory u v\u0161ech funkc\u00ed oh\u00fdb\u00e1n\u00ed a \u0159ez\u00e1n\u00ed.<br><br>\t<br><br>Na\u0161e n\u00e1vrhy jsou navr\u017eeny s mnoha inovativn\u00edmi vylep\u0161en\u00edmi, kter\u00e1 se zrodila z 80 let kombinovan\u00fdch zku\u0161enost\u00ed v mechanice a softwaru oh\u00fdb\u00e1n\u00ed dr\u00e1tu, co\u017e na\u0161im z\u00e1kazn\u00edk\u016fm poskytuje bezstarostnou produktivitu.<br><br>\t<br><br>Robotick\u00e1 integrace sekund\u00e1rn\u00edch operac\u00ed od sva\u0159ov\u00e1n\u00ed, lisov\u00e1n\u00ed, obr\u00e1b\u011bn\u00ed, odleh\u010den\u00ed, kontrola, pr\u00e1\u0161kov\u00e9 lakov\u00e1n\u00ed, sekund\u00e1rn\u00ed oh\u00fdb\u00e1n\u00ed a krimpov\u00e1n\u00ed.<br><br>\t<br><br>Design a v\u00fdroba v\u0161ech na\u0161ich stroj\u016f je na p\u0159edm\u011bst\u00ed Chicaga. Ve\u0161ker\u00fd invent\u00e1\u0159, v\u00fdroba n\u00e1stroj\u016f, podpora, in\u017een\u00fdrstv\u00ed a v\u00fdvoj softwaru a v\u00fdroba a testov\u00e1n\u00ed stroj\u016f jsou pod jednou st\u0159echou.<br><br>\t<br><br>Na\u0161i servisn\u00ed technici poskytuj\u00ed slu\u017eby na odborn\u00e9 \u00farovni, podporu p\u0159i instalaci a \u0161kolen\u00ed. M\u016f\u017eeme snadno odstra\u0148ovat probl\u00e9my s hardwarem a softwarem na d\u00e1lku na v\u0161ech stroj\u00edch s vestav\u011bn\u00fdm vzd\u00e1len\u00fdm p\u0159ipojen\u00edm.<br><br><br><br><\/h6><br>Nadpis<br>ne-opakovat;uprost\u0159ed naho\u0159e;;<br>auto<br><br>B\u00fdt v kontaktu<br><a href=\"https:\/\/ipautomationinc.com\/cs\/kontaktujte-nas\/\">https:\/\/ipautomationinc.com\/contact-us\/<\/a><br>ikona vp\u0159ed<br>button_theme<br><br>#ffffff<br><br><h3><span>Asociace a p\u0159idru\u017een\u00ed<\/span><\/h3><br>ne-opakovat;st\u0159ed;;<br>auto<br><br><img decoding=\"async\" src=\"https:\/\/ipautomationinc.com\/wp-content\/uploads\/2023\/12\/asi-logo.png#35542\" alt=\"asi-logo\"><br><a href=\"https:\/\/www.fanucamerica.com\/solutions\/applications\/material-handling-robots\">https:\/\/www.fanucamerica.com\/solutions\/applications\/material-handling-robots<\/a><br>p\u0159ibl\u00ed\u017eit<br><br><img decoding=\"async\" src=\"https:\/\/ipautomationinc.com\/wp-content\/uploads\/2022\/04\/tma-logo.png\" alt=\"logo tma\"><br><a href=\"https:\/\/www.tmaillinois.org\/\">https:\/\/www.tmaillinois.org\/<\/a><br>p\u0159ibl\u00ed\u017eit<br><br><img decoding=\"async\" src=\"https:\/\/ipautomationinc.com\/wp-content\/uploads\/2022\/04\/Imec-logo-1.jpg\" alt=\"Logo spole\u010dnosti Imec\"><br><a href=\"https:\/\/www.imec.org\/\">https:\/\/www.imec.org\/<\/a><br>p\u0159ibl\u00ed\u017eit<br><br><img decoding=\"async\" src=\"https:\/\/ipautomationinc.com\/wp-content\/uploads\/2022\/04\/br22.jpg\" alt=\"br22\"><br><a href=\"https:\/\/www.br-automation.com\/\">https:\/\/www.br-automation.com\/<\/a><br>p\u0159ibl\u00ed\u017eit<br><br><img decoding=\"async\" src=\"https:\/\/ipautomationinc.com\/wp-content\/uploads\/2022\/04\/powerlink-logo.png\" alt=\"logo powerlink\"><br><a href=\"https:\/\/www.ethernet-powerlink.org\/\">https:\/\/www.ethernet-powerlink.org\/<\/a><br>p\u0159ibl\u00ed\u017eit<br><br><img decoding=\"async\" src=\"https:\/\/ipautomationinc.com\/wp-content\/uploads\/2022\/04\/casmi.jpg\" alt=\"casmi\"><br><a href=\"https:\/\/www.casmi-springworld.org\/\">https:\/\/www.casmi-springworld.org\/<\/a><br>p\u0159ibl\u00ed\u017eit<br><br><\/p>","protected":false},"excerpt":{"rendered":"<p>We have over 100 years of combined experience in wire bending and automation. In-house engineering, tooling production, and machine building.<span class=\"excerpt-hellip\"> [\u2026]<\/span><\/p>\n","protected":false},"author":3,"featured_media":0,"parent":0,"menu_order":0,"comment_status":"open","ping_status":"closed","template":"","meta":{"footnotes":""},"class_list":["post-120","page","type-page","status-publish","hentry"],"yoast_head":"<!-- This site is optimized with the Yoast SEO plugin v27.3 - https:\/\/yoast.com\/product\/yoast-seo-wordpress\/ -->\n<title>About IP Automation | IP Automation Inc<\/title>\n<meta name=\"description\" content=\"Over 100 years combined experience in wire bending. In-house engineering, tooling, and production. Learn more about IP Automation.\" \/>\n<meta name=\"robots\" content=\"index, follow, max-snippet:-1, max-image-preview:large, max-video-preview:-1\" \/>\n<link rel=\"canonical\" href=\"https:\/\/ipautomationinc.com\/cs\/o-nas\/\" \/>\n<meta property=\"og:locale\" content=\"cs_CZ\" \/>\n<meta property=\"og:type\" content=\"article\" \/>\n<meta property=\"og:title\" content=\"About IP Automation | IP Automation Inc\" \/>\n<meta property=\"og:description\" content=\"Over 100 years combined experience in wire bending. In-house engineering, tooling, and production. Learn more about IP Automation.\" \/>\n<meta property=\"og:url\" content=\"https:\/\/ipautomationinc.com\/cs\/o-nas\/\" \/>\n<meta property=\"og:site_name\" content=\"IP Automation Inc\" \/>\n<meta property=\"article:publisher\" content=\"https:\/\/www.facebook.com\/ipautomationinc\/\" \/>\n<meta property=\"article:modified_time\" content=\"2026-02-12T21:09:31+00:00\" \/>\n<meta property=\"og:image\" content=\"https:\/\/ipautomationinc.com\/wp-content\/uploads\/2023\/07\/1.1-with-logo.jpg#24683\" \/>\n<script type=\"application\/ld+json\" class=\"yoast-schema-graph\">{\"@context\":\"https:\\\/\\\/schema.org\",\"@graph\":[{\"@type\":\"WebPage\",\"@id\":\"https:\\\/\\\/ipautomationinc.com\\\/about-us\\\/\",\"url\":\"https:\\\/\\\/ipautomationinc.com\\\/about-us\\\/\",\"name\":\"About IP Automation | IP Automation Inc\",\"isPartOf\":{\"@id\":\"https:\\\/\\\/ipautomationinc.com\\\/#website\"},\"primaryImageOfPage\":{\"@id\":\"https:\\\/\\\/ipautomationinc.com\\\/about-us\\\/#primaryimage\"},\"image\":{\"@id\":\"https:\\\/\\\/ipautomationinc.com\\\/about-us\\\/#primaryimage\"},\"thumbnailUrl\":\"https:\\\/\\\/ipautomationinc.com\\\/wp-content\\\/uploads\\\/2023\\\/07\\\/1.1-with-logo.jpg#24683\",\"datePublished\":\"2017-10-27T22:55:58+00:00\",\"dateModified\":\"2026-02-12T21:09:31+00:00\",\"description\":\"Over 100 years combined experience in wire bending. In-house engineering, tooling, and production. Learn more about IP Automation.\",\"inLanguage\":\"cs\",\"potentialAction\":[{\"@type\":\"ReadAction\",\"target\":[\"https:\\\/\\\/ipautomationinc.com\\\/about-us\\\/\"]}]},{\"@type\":\"ImageObject\",\"inLanguage\":\"cs\",\"@id\":\"https:\\\/\\\/ipautomationinc.com\\\/about-us\\\/#primaryimage\",\"url\":\"https:\\\/\\\/ipautomationinc.com\\\/wp-content\\\/uploads\\\/2023\\\/07\\\/1.1-with-logo.jpg#24683\",\"contentUrl\":\"https:\\\/\\\/ipautomationinc.com\\\/wp-content\\\/uploads\\\/2023\\\/07\\\/1.1-with-logo.jpg#24683\"},{\"@type\":\"WebSite\",\"@id\":\"https:\\\/\\\/ipautomationinc.com\\\/#website\",\"url\":\"https:\\\/\\\/ipautomationinc.com\\\/\",\"name\":\"IP Automation Inc\",\"description\":\"Concept... Creation... Reality...\",\"publisher\":{\"@id\":\"https:\\\/\\\/ipautomationinc.com\\\/#organization\"},\"potentialAction\":[{\"@type\":\"SearchAction\",\"target\":{\"@type\":\"EntryPoint\",\"urlTemplate\":\"https:\\\/\\\/ipautomationinc.com\\\/?s={search_term_string}\"},\"query-input\":{\"@type\":\"PropertyValueSpecification\",\"valueRequired\":true,\"valueName\":\"search_term_string\"}}],\"inLanguage\":\"cs\"},{\"@type\":\"Organization\",\"@id\":\"https:\\\/\\\/ipautomationinc.com\\\/#organization\",\"name\":\"IP Automation Inc\",\"url\":\"https:\\\/\\\/ipautomationinc.com\\\/\",\"logo\":{\"@type\":\"ImageObject\",\"inLanguage\":\"cs\",\"@id\":\"https:\\\/\\\/ipautomationinc.com\\\/#\\\/schema\\\/logo\\\/image\\\/\",\"url\":\"https:\\\/\\\/ipautomationinc.com\\\/wp-content\\\/uploads\\\/2022\\\/05\\\/IPA-Favicon.png\",\"contentUrl\":\"https:\\\/\\\/ipautomationinc.com\\\/wp-content\\\/uploads\\\/2022\\\/05\\\/IPA-Favicon.png\",\"width\":513,\"height\":513,\"caption\":\"IP Automation Inc\"},\"image\":{\"@id\":\"https:\\\/\\\/ipautomationinc.com\\\/#\\\/schema\\\/logo\\\/image\\\/\"},\"sameAs\":[\"https:\\\/\\\/www.facebook.com\\\/ipautomationinc\\\/\",\"https:\\\/\\\/www.linkedin.com\\\/company\\\/ip-automation-inc\\\/\",\"https:\\\/\\\/www.youtube.com\\\/@IPAutomation\"]}]}<\/script>\n<!-- \/ Yoast SEO plugin. -->","yoast_head_json":{"title":"O automatizaci IP | IP Automation Inc","description":"V\u00edce ne\u017e 100 let zku\u0161enost\u00ed s oh\u00fdb\u00e1n\u00edm dr\u00e1tu. Vlastn\u00ed in\u017een\u00fdrstv\u00ed, n\u00e1stroje a v\u00fdroba. Zjist\u011bte v\u00edce o IP automatizaci.","robots":{"index":"index","follow":"follow","max-snippet":"max-snippet:-1","max-image-preview":"max-image-preview:large","max-video-preview":"max-video-preview:-1"},"canonical":"https:\/\/ipautomationinc.com\/cs\/o-nas\/","og_locale":"cs_CZ","og_type":"article","og_title":"About IP Automation | IP Automation Inc","og_description":"Over 100 years combined experience in wire bending. In-house engineering, tooling, and production. Learn more about IP Automation.","og_url":"https:\/\/ipautomationinc.com\/cs\/o-nas\/","og_site_name":"IP Automation Inc","article_publisher":"https:\/\/www.facebook.com\/ipautomationinc\/","article_modified_time":"2026-02-12T21:09:31+00:00","og_image":[{"url":"https:\/\/ipautomationinc.com\/wp-content\/uploads\/2023\/07\/1.1-with-logo.jpg#24683","type":"","width":"","height":""}],"schema":{"@context":"https:\/\/schema.org","@graph":[{"@type":"WebPage","@id":"https:\/\/ipautomationinc.com\/about-us\/","url":"https:\/\/ipautomationinc.com\/about-us\/","name":"O automatizaci IP | IP Automation Inc","isPartOf":{"@id":"https:\/\/ipautomationinc.com\/#website"},"primaryImageOfPage":{"@id":"https:\/\/ipautomationinc.com\/about-us\/#primaryimage"},"image":{"@id":"https:\/\/ipautomationinc.com\/about-us\/#primaryimage"},"thumbnailUrl":"https:\/\/ipautomationinc.com\/wp-content\/uploads\/2023\/07\/1.1-with-logo.jpg#24683","datePublished":"2017-10-27T22:55:58+00:00","dateModified":"2026-02-12T21:09:31+00:00","description":"V\u00edce ne\u017e 100 let zku\u0161enost\u00ed s oh\u00fdb\u00e1n\u00edm dr\u00e1tu. Vlastn\u00ed in\u017een\u00fdrstv\u00ed, n\u00e1stroje a v\u00fdroba. Zjist\u011bte v\u00edce o IP automatizaci.","inLanguage":"cs","potentialAction":[{"@type":"ReadAction","target":["https:\/\/ipautomationinc.com\/about-us\/"]}]},{"@type":"ImageObject","inLanguage":"cs","@id":"https:\/\/ipautomationinc.com\/about-us\/#primaryimage","url":"https:\/\/ipautomationinc.com\/wp-content\/uploads\/2023\/07\/1.1-with-logo.jpg#24683","contentUrl":"https:\/\/ipautomationinc.com\/wp-content\/uploads\/2023\/07\/1.1-with-logo.jpg#24683"},{"@type":"WebSite","@id":"https:\/\/ipautomationinc.com\/#website","url":"https:\/\/ipautomationinc.com\/","name":"IP Automation Inc","description":"Koncept... Tvorba... Realita...","publisher":{"@id":"https:\/\/ipautomationinc.com\/#organization"},"potentialAction":[{"@type":"SearchAction","target":{"@type":"EntryPoint","urlTemplate":"https:\/\/ipautomationinc.com\/?s={search_term_string}"},"query-input":{"@type":"PropertyValueSpecification","valueRequired":true,"valueName":"search_term_string"}}],"inLanguage":"cs"},{"@type":"Organization","@id":"https:\/\/ipautomationinc.com\/#organization","name":"IP Automation Inc","url":"https:\/\/ipautomationinc.com\/","logo":{"@type":"ImageObject","inLanguage":"cs","@id":"https:\/\/ipautomationinc.com\/#\/schema\/logo\/image\/","url":"https:\/\/ipautomationinc.com\/wp-content\/uploads\/2022\/05\/IPA-Favicon.png","contentUrl":"https:\/\/ipautomationinc.com\/wp-content\/uploads\/2022\/05\/IPA-Favicon.png","width":513,"height":513,"caption":"IP Automation Inc"},"image":{"@id":"https:\/\/ipautomationinc.com\/#\/schema\/logo\/image\/"},"sameAs":["https:\/\/www.facebook.com\/ipautomationinc\/","https:\/\/www.linkedin.com\/company\/ip-automation-inc\/","https:\/\/www.youtube.com\/@IPAutomation"]}]}},"_links":{"self":[{"href":"https:\/\/ipautomationinc.com\/cs\/wp-json\/wp\/v2\/pages\/120","targetHints":{"allow":["GET"]}}],"collection":[{"href":"https:\/\/ipautomationinc.com\/cs\/wp-json\/wp\/v2\/pages"}],"about":[{"href":"https:\/\/ipautomationinc.com\/cs\/wp-json\/wp\/v2\/types\/page"}],"author":[{"embeddable":true,"href":"https:\/\/ipautomationinc.com\/cs\/wp-json\/wp\/v2\/users\/3"}],"replies":[{"embeddable":true,"href":"https:\/\/ipautomationinc.com\/cs\/wp-json\/wp\/v2\/comments?post=120"}],"version-history":[{"count":1,"href":"https:\/\/ipautomationinc.com\/cs\/wp-json\/wp\/v2\/pages\/120\/revisions"}],"predecessor-version":[{"id":37722,"href":"https:\/\/ipautomationinc.com\/cs\/wp-json\/wp\/v2\/pages\/120\/revisions\/37722"}],"wp:attachment":[{"href":"https:\/\/ipautomationinc.com\/cs\/wp-json\/wp\/v2\/media?parent=120"}],"curies":[{"name":"wp","href":"https:\/\/api.w.org\/{rel}","templated":true}]}}