{"id":118,"date":"2017-10-27T17:51:34","date_gmt":"2017-10-27T22:51:34","guid":{"rendered":"http:\/\/ipautomationinc.com\/?page_id=118"},"modified":"2024-03-13T21:59:50","modified_gmt":"2024-03-13T21:59:50","slug":"schopnosti-stroje","status":"publish","type":"page","link":"https:\/\/ipautomationinc.com\/cs\/machine-capabilities\/","title":{"rendered":"Strojn\u00ed technologie"},"content":{"rendered":"<h6 class=\"wp-block-heading\">Funkce softwaru Intellibend <br>Jednoduch\u00e9 programovac\u00ed rozhran\u00ed na 21,5\u2033 multidotykov\u00e9 obrazovce <br>Pln\u00e9 CNC \u0159\u00edzen\u00ed v\u0161ech servoos <br>Aktualizovan\u00e1 3D animovan\u00e1 simulace s detekc\u00ed koliz\u00ed <br>Integrovan\u00e1 kontrola d\u00e1vek a po\u010d\u00edt\u00e1n\u00ed kus\u016f <br>Vestav\u011bn\u00e9 s\u00ed\u0165ov\u00e9 p\u0159ipojen\u00ed pro vzd\u00e1lenou technickou podporu a \u0159e\u0161en\u00ed probl\u00e9m\u016f<br>Pln\u00e1 funkce zp\u011bt\/znovu Windows 10 <br>Funk\u010dnost OPC UA pro implementaci \\\u201dIIOT\\\u201d. <br>K dispozici jsou vlastn\u00ed I\/O funkce <br>N\u00e1stroje pro automatick\u00e9 ukl\u00e1d\u00e1n\u00ed\/z\u00e1lohov\u00e1n\u00ed <br>Automatick\u00e9 vol\u00e1n\u00ed a obnova chyb s robotikou Fanuc <br>Aktualizace softwaru jsou poskytov\u00e1ny zdarma <br>Vestav\u011bn\u00e9 sloupce pozn\u00e1mek <br>Spole\u010dn\u00e9 softwarov\u00e9 funkce<\/h6>\n\n\n\n<p><h3>Funkce softwaru Intellibend<\/h3>\n<br>\n<br>\n<br><h6>Jednoduch\u00e9 programovac\u00ed rozhran\u00ed na 21,5\u2033 multidotykov\u00e9 obrazovce<\/h6>\n<br>\n<br>\n<br><h6>Pln\u00e9 CNC \u0159\u00edzen\u00ed v\u0161ech servoos<\/h6>\n<br>\n<br>\n<br><h6>Aktualizovan\u00e1 3D animovan\u00e1 simulace s detekc\u00ed koliz\u00ed<\/h6>\n<br>\n<br>\n<br><h6>Integrovan\u00e1 kontrola d\u00e1vek a po\u010d\u00edt\u00e1n\u00ed kus\u016f<\/h6>\n<br>\n<br>\n<br><h6> Vestav\u011bn\u00e9 s\u00ed\u0165ov\u00e9 p\u0159ipojen\u00ed pro vzd\u00e1lenou technickou podporu a \u0159e\u0161en\u00ed probl\u00e9m\u016f<\/h6>\n<br>\n<br>\n<br><h6>Pln\u00e1 funkce zp\u011bt\/znovu Windows 10<\/h6>\n<br>\n<br>\n<br><h6>Funk\u010dnost OPC UA pro implementaci \\\u201dIIOT\\\u201d.<\/h6>\n<br>\n<br>\n<br><h6>K dispozici jsou vlastn\u00ed I\/O funkce<\/h6>\n<br>\n<br>\n<br><h6>N\u00e1stroje pro automatick\u00e9 ukl\u00e1d\u00e1n\u00ed\/z\u00e1lohov\u00e1n\u00ed<\/h6>\n<br>\n<br>\n<br><h6>Automatick\u00e9 vol\u00e1n\u00ed a obnova chyb s robotikou Fanuc<\/h6>\n<br>\n<br>\n<br><h6>Aktualizace softwaru jsou poskytov\u00e1ny zdarma<\/h6>\n<br>\n<br>\n<br><h6>Vestav\u011bn\u00e9 sloupce pozn\u00e1mek<\/h6>\n<br>\n<br><br>Spole\u010dn\u00e9 softwarov\u00e9 funkce<br>vlevo, odjet<br>ne-opakovat;uprost\u0159ed naho\u0159e;;<br>auto<br><br><img decoding=\"async\" src=\"https:\/\/ipautomationinc.com\/wp-content\/uploads\/2022\/05\/DH-Simulation_Moment-trim.jpg\" alt=\"DH Simulation_Moment-trim\" \/><br>pln\u00fd<br>10<br><br><img decoding=\"async\" src=\"https:\/\/ipautomationinc.com\/wp-content\/uploads\/2021\/12\/3D-EDIT-e1640878763153.png\" alt=\"3D \u00daPRAVA\" \/><br>st\u0159edn\u00ed<br><br><img decoding=\"async\" src=\"https:\/\/ipautomationinc.com\/wp-content\/uploads\/2021\/11\/3D-Feature-e1640879116681.png\" alt=\"3D funkce\" \/><br>st\u0159edn\u00ed<br><br><h3>3D simulace programu<\/h3>\n<br>\n<br>\t<h6>Animovan\u00e1 simulace generuje vytv\u00e1\u0159en\u00ed tvaru dr\u00e1tu a pohyby stroje<\/h6>\n<br>\t<h6>Re\u017eim n\u00e1vrhu umo\u017e\u0148uje v\u00fdb\u011br segment\u016f pro \u00fapravu odpov\u00eddaj\u00edc\u00edho CNC k\u00f3du<\/h6>\n<br>\t<h6>Pohybliv\u00fd 360stup\u0148ov\u00fd pohled kamery na vytvo\u0159en\u00fd dr\u00e1t\u011bn\u00fd tvar<\/h6>\n<br>\t<h6>Spus\u0165te kompletn\u00ed simulaci najednou nebo krok za krokem<\/h6>\n<br>\t<h6>Detekce kolize tvaru dr\u00e1tu se sebou a strojem<\/h6>\n<br><br>vlevo, odjet<br>neopakovat;vlevo naho\u0159e;;<br>auto<br><br><h3>Mechanick\u00e9 vlastnosti<\/h3>\n<br>\n<br>\n<br><h6>Mechanismus pod\u00e1v\u00e1n\u00ed dr\u00e1tu p\u0159evodovky \u2013 \u017e\u00e1dn\u00e9 \u0159emeny k opot\u0159eben\u00ed<\/h6>\n<br>\n<br>\n<br><h6>Rychl\u00e1 v\u00fdm\u011bna 2 pod\u00e1vac\u00edch v\u00e1le\u010dk\u016f velikosti dr\u00e1tu, kter\u00e9 se dokonale vyrovn\u00e1vaj\u00ed<\/h6>\n<br>\n<br>\n<br><h6>V\u0161echna ozuben\u00e1 kola jsou tvrzen\u00e1 pro dlouhou \u017eivotnost<\/h6>\n<br>\n<br>\n<br><h6>Stabiliz\u00e1tor dr\u00e1tu pro zv\u00fd\u0161enou opakovatelnost tvaru dr\u00e1tu<\/h6>\n<br>\n<br>\n<br><h6>\u0160irok\u00fd sortiment 2 rovinn\u00fdch rovna\u010dek dr\u00e1t\u016f<\/h6>\n<br>\n<br>\n<br><h6>V\u010detn\u011b v\u00fdkres\u016f n\u00e1stroj\u016f pro spot\u0159ebn\u00ed materi\u00e1l<\/h6>\n<br>\n<br>\n<br><h6>Super tuh\u00e1 konstrukce boxov\u00e9ho r\u00e1mu<\/h6>\n<br>\n<br>\n<br><h6>V\u010detn\u011b standardn\u00ed 3000 lb v\u00fdkonov\u00e9 odv\u00edjec\u00ed jednotky<\/h6>\n<br>\n<br><br>Desc<br>vlevo, odjet<br>ne-opakovat;uprost\u0159ed naho\u0159e;;<br>auto<br><br><img decoding=\"async\" src=\"https:\/\/ipautomationinc.com\/wp-content\/uploads\/2022\/05\/roller-front-2.jpg\" alt=\"p\u0159edn\u00ed v\u00e1lec\" \/><br>st\u0159edn\u00ed<br><br><img decoding=\"async\" src=\"https:\/\/ipautomationinc.com\/wp-content\/uploads\/2022\/05\/roller-side.jpg\" alt=\"v\u00e1le\u010dkov\u00e1 strana\" \/><br>st\u0159edn\u00ed<br><br><img decoding=\"async\" src=\"https:\/\/ipautomationinc.com\/wp-content\/uploads\/2021\/10\/pannel-e1640882866614.png\" alt=\"panel\" \/><br>pln\u00fd<br>obsahovat<br>st\u0159ed centrum<br>skr\u00fdt<br><br><img decoding=\"async\" src=\"https:\/\/ipautomationinc.com\/wp-content\/uploads\/2022\/04\/SDM.png\" alt=\"SDM\" \/><br>st\u0159edn\u00ed<br><br><h3>Ovl\u00e1dac\u00ed prvky\/funkce softwaru<\/h3>\n<br>\n<br>\t<h6>Spr\u00e1vce syst\u00e9mov\u00e9 diagnostiky pro \u00fapln\u00fd p\u0159ehled o stroji<\/h6>\n<br>\t<h6>Monitor spot\u0159eby energie pro spot\u0159ebu energie a \u00fa\u010dinnost stroje<\/h6>\n<br>\t<h6>Aktivn\u00ed nap\u00e1jec\u00ed zdroje pro zv\u00fd\u0161en\u00ed nap\u011bt\u00ed DC sb\u011brnice pro vy\u0161\u0161\u00ed v\u00fdkon stroje<\/h6>\n<br>\t<h6>Sd\u00edlen\u00e9 nap\u011bt\u00ed stejnosm\u011brn\u00e9 sb\u011brnice pro efektivitu stroje, extra v\u00fdkon je filtrov\u00e1n zp\u011bt do linky<\/h6>\n<br>\t<h6>Kod\u00e9r polohy dr\u00e1tu pro detekci prokluzu podava\u010de<\/h6>\n<br><br>Desc<br>vlevo, odjet<br>ne-opakovat;uprost\u0159ed naho\u0159e;;<br>auto<br><br>B\u00fdt v kontaktu<br><a href=\"https:\/\/ipautomationinc.com\/cs\/kontaktujte-nas\/\">https:\/\/ipautomationinc.com\/contact-us\/<\/a><br>ikona vp\u0159ed<br>\u017ee jo<br>4<br>button_theme<br>centrum<br><br><\/p>","protected":false},"excerpt":{"rendered":"<p>Intellibend Software features Simple programming interface on 21.5&#8243; multi touch screen Full CNC control of all servo axis Updated 3D<span class=\"excerpt-hellip\"> [\u2026]<\/span><\/p>\n","protected":false},"author":3,"featured_media":0,"parent":0,"menu_order":0,"comment_status":"open","ping_status":"closed","template":"","meta":{"footnotes":""},"class_list":["post-118","page","type-page","status-publish","hentry"],"yoast_head":"<!-- This site is optimized with the Yoast SEO plugin v27.3 - https:\/\/yoast.com\/product\/yoast-seo-wordpress\/ -->\n<title>Machine Technology | IP Automation Inc<\/title>\n<meta name=\"description\" content=\"Learn about the mechanical and programming machine features that goes into our machinery. Intellibend software with simulation.\" \/>\n<meta name=\"robots\" content=\"index, follow, max-snippet:-1, max-image-preview:large, max-video-preview:-1\" \/>\n<link rel=\"canonical\" href=\"https:\/\/ipautomationinc.com\/cs\/schopnosti-stroje\/\" \/>\n<meta property=\"og:locale\" content=\"cs_CZ\" \/>\n<meta property=\"og:type\" content=\"article\" \/>\n<meta property=\"og:title\" content=\"Machine Technology | IP Automation Inc\" \/>\n<meta property=\"og:description\" content=\"Learn about the mechanical and programming machine features that goes into our machinery. Intellibend software with simulation.\" \/>\n<meta property=\"og:url\" content=\"https:\/\/ipautomationinc.com\/cs\/schopnosti-stroje\/\" \/>\n<meta property=\"og:site_name\" content=\"IP Automation Inc\" \/>\n<meta property=\"article:publisher\" content=\"https:\/\/www.facebook.com\/ipautomationinc\/\" \/>\n<meta property=\"article:modified_time\" content=\"2024-03-13T21:59:50+00:00\" \/>\n<meta property=\"og:image\" content=\"https:\/\/ipautomationinc.com\/wp-content\/uploads\/2022\/05\/web-header_Artboard-6.jpg\" \/>\n\t<meta property=\"og:image:width\" content=\"1920\" \/>\n\t<meta property=\"og:image:height\" content=\"815\" \/>\n\t<meta property=\"og:image:type\" content=\"image\/jpeg\" \/>\n<script type=\"application\/ld+json\" class=\"yoast-schema-graph\">{\"@context\":\"https:\\\/\\\/schema.org\",\"@graph\":[{\"@type\":\"WebPage\",\"@id\":\"https:\\\/\\\/ipautomationinc.com\\\/machine-capabilities\\\/\",\"url\":\"https:\\\/\\\/ipautomationinc.com\\\/machine-capabilities\\\/\",\"name\":\"Machine Technology | IP Automation Inc\",\"isPartOf\":{\"@id\":\"https:\\\/\\\/ipautomationinc.com\\\/#website\"},\"primaryImageOfPage\":{\"@id\":\"https:\\\/\\\/ipautomationinc.com\\\/machine-capabilities\\\/#primaryimage\"},\"image\":{\"@id\":\"https:\\\/\\\/ipautomationinc.com\\\/machine-capabilities\\\/#primaryimage\"},\"thumbnailUrl\":\"https:\\\/\\\/ipautomationinc.com\\\/wp-content\\\/uploads\\\/2022\\\/05\\\/DH-Simulation_Moment-trim.jpg\",\"datePublished\":\"2017-10-27T22:51:34+00:00\",\"dateModified\":\"2024-03-13T21:59:50+00:00\",\"description\":\"Learn about the mechanical and programming machine features that goes into our machinery. Intellibend software with simulation.\",\"inLanguage\":\"cs\",\"potentialAction\":[{\"@type\":\"ReadAction\",\"target\":[\"https:\\\/\\\/ipautomationinc.com\\\/machine-capabilities\\\/\"]}]},{\"@type\":\"ImageObject\",\"inLanguage\":\"cs\",\"@id\":\"https:\\\/\\\/ipautomationinc.com\\\/machine-capabilities\\\/#primaryimage\",\"url\":\"https:\\\/\\\/ipautomationinc.com\\\/wp-content\\\/uploads\\\/2022\\\/05\\\/DH-Simulation_Moment-trim.jpg\",\"contentUrl\":\"https:\\\/\\\/ipautomationinc.com\\\/wp-content\\\/uploads\\\/2022\\\/05\\\/DH-Simulation_Moment-trim.jpg\"},{\"@type\":\"WebSite\",\"@id\":\"https:\\\/\\\/ipautomationinc.com\\\/#website\",\"url\":\"https:\\\/\\\/ipautomationinc.com\\\/\",\"name\":\"IP Automation Inc\",\"description\":\"Concept... Creation... Reality...\",\"publisher\":{\"@id\":\"https:\\\/\\\/ipautomationinc.com\\\/#organization\"},\"potentialAction\":[{\"@type\":\"SearchAction\",\"target\":{\"@type\":\"EntryPoint\",\"urlTemplate\":\"https:\\\/\\\/ipautomationinc.com\\\/?s={search_term_string}\"},\"query-input\":{\"@type\":\"PropertyValueSpecification\",\"valueRequired\":true,\"valueName\":\"search_term_string\"}}],\"inLanguage\":\"cs\"},{\"@type\":\"Organization\",\"@id\":\"https:\\\/\\\/ipautomationinc.com\\\/#organization\",\"name\":\"IP Automation Inc\",\"url\":\"https:\\\/\\\/ipautomationinc.com\\\/\",\"logo\":{\"@type\":\"ImageObject\",\"inLanguage\":\"cs\",\"@id\":\"https:\\\/\\\/ipautomationinc.com\\\/#\\\/schema\\\/logo\\\/image\\\/\",\"url\":\"https:\\\/\\\/ipautomationinc.com\\\/wp-content\\\/uploads\\\/2022\\\/05\\\/IPA-Favicon.png\",\"contentUrl\":\"https:\\\/\\\/ipautomationinc.com\\\/wp-content\\\/uploads\\\/2022\\\/05\\\/IPA-Favicon.png\",\"width\":513,\"height\":513,\"caption\":\"IP Automation Inc\"},\"image\":{\"@id\":\"https:\\\/\\\/ipautomationinc.com\\\/#\\\/schema\\\/logo\\\/image\\\/\"},\"sameAs\":[\"https:\\\/\\\/www.facebook.com\\\/ipautomationinc\\\/\",\"https:\\\/\\\/www.linkedin.com\\\/company\\\/ip-automation-inc\\\/\",\"https:\\\/\\\/www.youtube.com\\\/@IPAutomation\"]}]}<\/script>\n<!-- \/ Yoast SEO plugin. -->","yoast_head_json":{"title":"Strojn\u00ed technologie | IP Automation Inc","description":"Seznamte se s mechanick\u00fdmi a programovac\u00edmi stroji, kter\u00e9 jsou sou\u010d\u00e1st\u00ed na\u0161ich stroj\u016f. Software Intellibend se simulac\u00ed.","robots":{"index":"index","follow":"follow","max-snippet":"max-snippet:-1","max-image-preview":"max-image-preview:large","max-video-preview":"max-video-preview:-1"},"canonical":"https:\/\/ipautomationinc.com\/cs\/schopnosti-stroje\/","og_locale":"cs_CZ","og_type":"article","og_title":"Machine Technology | IP Automation Inc","og_description":"Learn about the mechanical and programming machine features that goes into our machinery. Intellibend software with simulation.","og_url":"https:\/\/ipautomationinc.com\/cs\/schopnosti-stroje\/","og_site_name":"IP Automation Inc","article_publisher":"https:\/\/www.facebook.com\/ipautomationinc\/","article_modified_time":"2024-03-13T21:59:50+00:00","og_image":[{"width":1920,"height":815,"url":"https:\/\/ipautomationinc.com\/wp-content\/uploads\/2022\/05\/web-header_Artboard-6.jpg","type":"image\/jpeg"}],"schema":{"@context":"https:\/\/schema.org","@graph":[{"@type":"WebPage","@id":"https:\/\/ipautomationinc.com\/machine-capabilities\/","url":"https:\/\/ipautomationinc.com\/machine-capabilities\/","name":"Strojn\u00ed technologie | IP Automation Inc","isPartOf":{"@id":"https:\/\/ipautomationinc.com\/#website"},"primaryImageOfPage":{"@id":"https:\/\/ipautomationinc.com\/machine-capabilities\/#primaryimage"},"image":{"@id":"https:\/\/ipautomationinc.com\/machine-capabilities\/#primaryimage"},"thumbnailUrl":"https:\/\/ipautomationinc.com\/wp-content\/uploads\/2022\/05\/DH-Simulation_Moment-trim.jpg","datePublished":"2017-10-27T22:51:34+00:00","dateModified":"2024-03-13T21:59:50+00:00","description":"Seznamte se s mechanick\u00fdmi a programovac\u00edmi stroji, kter\u00e9 jsou sou\u010d\u00e1st\u00ed na\u0161ich stroj\u016f. Software Intellibend se simulac\u00ed.","inLanguage":"cs","potentialAction":[{"@type":"ReadAction","target":["https:\/\/ipautomationinc.com\/machine-capabilities\/"]}]},{"@type":"ImageObject","inLanguage":"cs","@id":"https:\/\/ipautomationinc.com\/machine-capabilities\/#primaryimage","url":"https:\/\/ipautomationinc.com\/wp-content\/uploads\/2022\/05\/DH-Simulation_Moment-trim.jpg","contentUrl":"https:\/\/ipautomationinc.com\/wp-content\/uploads\/2022\/05\/DH-Simulation_Moment-trim.jpg"},{"@type":"WebSite","@id":"https:\/\/ipautomationinc.com\/#website","url":"https:\/\/ipautomationinc.com\/","name":"IP Automation Inc","description":"Koncept... Tvorba... Realita...","publisher":{"@id":"https:\/\/ipautomationinc.com\/#organization"},"potentialAction":[{"@type":"SearchAction","target":{"@type":"EntryPoint","urlTemplate":"https:\/\/ipautomationinc.com\/?s={search_term_string}"},"query-input":{"@type":"PropertyValueSpecification","valueRequired":true,"valueName":"search_term_string"}}],"inLanguage":"cs"},{"@type":"Organization","@id":"https:\/\/ipautomationinc.com\/#organization","name":"IP Automation Inc","url":"https:\/\/ipautomationinc.com\/","logo":{"@type":"ImageObject","inLanguage":"cs","@id":"https:\/\/ipautomationinc.com\/#\/schema\/logo\/image\/","url":"https:\/\/ipautomationinc.com\/wp-content\/uploads\/2022\/05\/IPA-Favicon.png","contentUrl":"https:\/\/ipautomationinc.com\/wp-content\/uploads\/2022\/05\/IPA-Favicon.png","width":513,"height":513,"caption":"IP Automation Inc"},"image":{"@id":"https:\/\/ipautomationinc.com\/#\/schema\/logo\/image\/"},"sameAs":["https:\/\/www.facebook.com\/ipautomationinc\/","https:\/\/www.linkedin.com\/company\/ip-automation-inc\/","https:\/\/www.youtube.com\/@IPAutomation"]}]}},"_links":{"self":[{"href":"https:\/\/ipautomationinc.com\/cs\/wp-json\/wp\/v2\/pages\/118","targetHints":{"allow":["GET"]}}],"collection":[{"href":"https:\/\/ipautomationinc.com\/cs\/wp-json\/wp\/v2\/pages"}],"about":[{"href":"https:\/\/ipautomationinc.com\/cs\/wp-json\/wp\/v2\/types\/page"}],"author":[{"embeddable":true,"href":"https:\/\/ipautomationinc.com\/cs\/wp-json\/wp\/v2\/users\/3"}],"replies":[{"embeddable":true,"href":"https:\/\/ipautomationinc.com\/cs\/wp-json\/wp\/v2\/comments?post=118"}],"version-history":[{"count":0,"href":"https:\/\/ipautomationinc.com\/cs\/wp-json\/wp\/v2\/pages\/118\/revisions"}],"wp:attachment":[{"href":"https:\/\/ipautomationinc.com\/cs\/wp-json\/wp\/v2\/media?parent=118"}],"curies":[{"name":"wp","href":"https:\/\/api.w.org\/{rel}","templated":true}]}}