{"id":1161,"date":"2022-06-01T14:10:28","date_gmt":"2022-06-01T19:10:28","guid":{"rendered":"https:\/\/ipautomationinc.com\/?page_id=1161"},"modified":"2026-03-27T13:27:01","modified_gmt":"2026-03-27T18:27:01","slug":"rada-i-sc","status":"publish","type":"page","link":"https:\/\/ipautomationinc.com\/cs\/i-sc-series\/","title":{"rendered":"CNC oh\u00fdba\u010dka dr\u00e1tu \u0159ady i-SC"},"content":{"rendered":"<h6 class=\"wp-block-heading\"><strong>The i-SC series 3D CNC wire bender is a powerhouse of value. It features an all-electric bending and cutting design using the same precision feed mechanisms, Intellibend software with 3D simulation and an incredible list of features you&#8217;ll find on our more advanced machines.<\/strong><\/h6>\n\n\n\n<p><\/p>\n\n\n\n<p><span class=\"builder2seo\"><\/span>Kompaktn\u00ed CNC oh\u00fdba\u010dka dr\u00e1tu s jednou hlavou<br><br>\u0158ada i-SC<br><br><img decoding=\"async\" src=\"https:\/\/ipautomationinc.com\/wp-content\/uploads\/2025\/09\/i8-SC-RGB.png#38241\" alt=\"i8-SC RGB\"><br>i-SC CNC tvarova\u010d dr\u00e1tu<br>400 pixel\u016f<br><br>Kliknut\u00edm sem zobraz\u00edte video<br><a href=\"https:\/\/ipautomationinc.com\/cs\/rada-i-sc\/#video\">https:\/\/ipautomationinc.com\/i-sc-series\/#video<\/a><br>fas fa-play-circle<br>button_theme<br><br>Kliknut\u00edm sem zobraz\u00edte let\u00e1k v PDF<br><a href=\"https:\/\/ipautomationinc.com\/wp-content\/uploads\/2025\/09\/2025-i-SC-Flyer.pdf\">https:\/\/ipautomationinc.com\/wp-content\/uploads\/2025\/09\/2025-i-SC-Flyer.pdf<\/a><br>fas fa-file-pdf<br>button_theme<br>https:\/\/ipautomationinc.com\/wp-content\/uploads\/2025\/09\/2025-i-SC-Flyer.pdf<br><br>261,260,262,251,246<br>#0455B3<br>3px 3px 3px 3px<br><br><h4>The i-SC series 3D CNC wire bender is a powerhouse of value. It features an all-electric bending and cutting design using the same precision feed mechanisms, Intellibend software with 3D simulation and an incredible list of features you\\&#8217;ll find on our more advanced machines.You will make quick work of common wire forms and immediately appreciate the refined details of this thoughtfully engineered machine and user-friendly design.The i-SC series CNC wire bender is an affordable performer, designed for low maintenance, easy setup and long term durability.<\/h4><br><br><h3>Aplikace<\/h3><h4>Perfektn\u00ed pro komponenty POP displej\u016f, pr\u016fmyslov\u00e1 za\u0159\u00edzen\u00ed, spony, dr\u017e\u00e1ky, h\u00e1\u010dky, pru\u017einy, v\u011b\u0161\u00e1ky, konektory, d\u00edly ko\u0161\u016f pro stromky.<\/h4><br>#EBEBEB<br><br><img decoding=\"async\" src=\"https:\/\/ipautomationinc.com\/wp-content\/uploads\/2025\/09\/i8-SC-RGB.png#38241\" alt=\"i8-SC RGB\"><br><br>Kliknut\u00edm sem zobraz\u00edte video<br><a href=\"https:\/\/ipautomationinc.com\/cs\/rada-i-sc\/#video\">https:\/\/ipautomationinc.com\/i-sc-series\/#video<\/a><br>fas fa-play-circle<br>button_theme<br><br>Kliknut\u00edm sem zobraz\u00edte let\u00e1k v PDF<br><a href=\"https:\/\/ipautomationinc.com\/wp-content\/uploads\/2025\/09\/2025-i-SC-Flyer.pdf\">https:\/\/ipautomationinc.com\/wp-content\/uploads\/2025\/09\/2025-i-SC-Flyer.pdf<\/a><br>fas fa-file-pdf<br>button_theme<br>https:\/\/ipautomationinc.com\/wp-content\/uploads\/2025\/09\/2025-i-SC-Flyer.pdf<br><br>261,260,262,251,246<br>#0455B3<br>3px 3px 3px 3px<br>Zvyk<br>80%<br><br><h4>The i-SC series 3D CNC wire bender is a powerhouse of value. It features an all-electric bending and cutting design using the same precision feed mechanisms, Intellibend software with 3D Simulation and an incredible list of features you\\&#8217;ll find on our more advanced machines.You will make quick work of common wire forms and immediately appreciate the refined details of this thoughtfully engineered machine and user-friendly design.The i-SC series CNC wire bender is an affordable performer, designed for low maintenance, easy setup and long term durability.<\/h4><br><br><h3>Aplikace<\/h3><h4>Perfektn\u00ed pro komponenty POP displej\u016f, pr\u016fmyslov\u00e1 za\u0159\u00edzen\u00ed, spony, dr\u017e\u00e1ky, h\u00e1\u010dky, pru\u017einy, v\u011b\u0161\u00e1ky, konektory, d\u00edly ko\u0161\u016f pro stromky.<\/h4><br>#EBEBEB<br><br><br>M\u00e9dia<br><br>;C;;<br><br>i6-SC Video<br><a href=\"https:\/\/player.vimeo.com\/video\/799206818\">https:\/\/player.vimeo.com\/video\/799206818<\/a><br>lightbox<br>button_theme<br>exit-mfn-popup<br><br>37051,1326,1208,1204,37052<br><br><br>Funkce<br><br>Oh\u00fdb\u00e1n\u00ed<br>Programov\u00e1n\u00ed<br>Podrobnosti<br>Uspo\u0159\u00e1d\u00e1n\u00ed stroje<br><br><br>\t4 Servo Axes: X &#8211; feed, Y &#8211; bend, Z &#8211; arm rotation, + 1 combined servo cutter and bend head height<br><br><br><br>\tSt\u0159edov\u00fd n\u00e1stroj m\u00e1 pevnou polohu a nab\u00edz\u00ed potenci\u00e1l pro 2 symetrick\u00e9 polom\u011bry d\u00edky servo nastaviteln\u00e9 v\u00fd\u0161ce ohybov\u00e9 hlavy. St\u0159edov\u00fd n\u00e1stroj lze ru\u010dn\u011b ot\u00e1\u010det tak, aby poskytl 2 dal\u0161\u00ed polom\u011bry na opa\u010dn\u00e9 stran\u011b stejn\u00e9ho n\u00e1stroje.<br><br><br><br>Na\u0161e metoda oh\u00fdb\u00e1n\u00ed dv\u011bma kol\u00edky iniciuje st\u0159\u00eddav\u00e9 ohyby dvojn\u00e1sobnou rychlost\u00ed ne\u017e oh\u00fdba\u010dky s jedn\u00edm kol\u00edkem.<br><br><br><br>Zak\u00e1zkov\u00e9 mo\u017enosti n\u00e1stroj\u016f a n\u00e1stroje pro \u0159ez\u00e1n\u00ed prsten\u016f k dispozici.<br><br><br><br>In\u017een\u00fd\u0159i IP Automation a CNC stroje v\u0161echny oh\u00fdbac\u00ed hlavy, \u0159eza\u010dky a v\u00e1le\u010dky pro pod\u00e1v\u00e1n\u00ed dr\u00e1tu vlastn\u00ed za rozumnou cenu s rychl\u00fdm obratem.<br><br><br><br><br>\t<a href=\"https:\/\/ipautomationinc.com\/cs\/schopnosti-stroje\/\"><span>Software Intellibend<\/span> <\/a> na opera\u010dn\u00edm syst\u00e9mu Windows 10 s 3D simulac\u00ed<br><br><br><br>      Form\u00e1t CNC programu d\u00e9lka-rotace-\u00fahel<br><br><br><br>      V\u00fdrobn\u00ed panel s programov\u00e1n\u00edm sazeb a d\u00e1vek v re\u00e1ln\u00e9m \u010dase<br><br><br><br>      18,5\u2033 Multidotykov\u00fd displej<br><br><br><br>      Vzd\u00e1len\u00e9 p\u0159ipojen\u00ed p\u0159es VPN tunel<br><br>      Protokol OPC-UA pro pr\u016fmysl 4.0<br><br><br><br>      K dispozici jsou vlastn\u00ed I\/O funkce<br><br>\t<br><br><br>Odv\u00edjen\u00ed dr\u00e1tu s kapacitou ramene s line\u00e1rn\u00edm pohybem: 3000 lb. zahrnuto (mo\u017enost 4500 lbs.)<br><br>7\u2032 (2,13 m) bezpe\u010dnostn\u00ed klec s bezpe\u010dnostn\u00edm blokov\u00e1n\u00edm dve\u0159\u00ed<br><br>\u0160irok\u00e1 \u0159ada dvouplo\u0161n\u00fdch rovna\u010dek dr\u00e1t\u016f<br><br>V\u0161echny syst\u00e9my posuvu a ohybu maj\u00ed tvrzen\u00e1 ozuben\u00e1 kola a jsou pln\u011b uzav\u0159en\u00e9.<br><br>Rychloup\u00ednac\u00ed tvrzen\u00e9 pod\u00e1vac\u00ed v\u00e1le\u010dky pro 2 velikosti dr\u00e1tu<br><br>Line\u00e1rn\u00ed enkod\u00e9r na posuvu dr\u00e1tu pro p\u0159esnost a detekci skluzu<br><br>P\u0159ebrousiteln\u00fd povrch fr\u00e9zy<br><br>K dispozici \u0161kolen\u00ed na m\u00edst\u011b<br><br>Mo\u017enost robotick\u00e9 integrace<br><br><br><div class=\"image_frame image_item scale-with-grid element_classes aligncenter no_border hover-disable mfn-img-box\"  role=\"link\" aria-label=\"Obr\u00e1zek s odkazy\" tabindex=\"0\"><div class=\"image_wrapper\"><a href=\"https:\/\/ipautomationinc.com\/wp-content\/uploads\/2022\/06\/i6-SC-layout.jpg\" rel=\"prettyphoto\"   class=\"\"  tabindex=\"-1\" title=\"\"><div class=\"mask\"><\/div><img decoding=\"async\" class=\"scale-with-grid\" src=\"https:\/\/ipautomationinc.com\/wp-content\/uploads\/2022\/06\/i6-SC-layout.jpg\" fetchpriority=\"high\" alt=\"i6-SC rozlo\u017een\u00ed\" title=\"\" width=\"300\" height=\"886\" style=\"\"\/><\/a><div class=\"image_links\"><a href=\"https:\/\/ipautomationinc.com\/wp-content\/uploads\/2022\/06\/i6-SC-layout.jpg\" class=\"zoom\" rel=\"prettyphoto\" tabindex=\"-1\" aria-label=\"zv\u011bt\u0161it obr\u00e1zek\" title=\"\"><svg viewbox=\"0 0 26 26\"><defs><style>.path{fill:none;stroke:#333;stroke-miterlimit:10;stroke-width:1.5px;}<\/style><\/defs><circle cx=\"11.35\" cy=\"11.35\" r=\"6\" class=\"path\"\/><line x1=\"15.59\" y1=\"15.59\" x2=\"20.65\" y2=\"20.65\" class=\"path\"\/><\/svg><\/a><\/div><\/div><\/div>\n<br>#EBEBEB<br>#222222<br><br><br>Specifikace<br><br><br><br><p>*Schopnost minim\u00e1ln\u00edho a maxim\u00e1ln\u00edho pr\u016fm\u011bru je ovlivn\u011bna pevnost\u00ed dr\u00e1tu v tahu. Kontaktujte n\u00e1s pro objasn\u011bn\u00ed rozsahu min\/max pro v\u00e1\u0161 typ dr\u00e1tu.<\/p><br><br><br>Mo\u017enosti stroje<br><br>Inteligentn\u00ed robotika<br>s p\u0159izp\u016fsoben\u00fdm EOAT<br><img decoding=\"async\" src=\"https:\/\/ipautomationinc.com\/wp-content\/uploads\/2022\/06\/machine-options_robot.png\" alt=\"robot-mo\u017enosti_stroje\"><br><a href=\"https:\/\/ipautomationinc.com\/cs\/prislusenstvi\/roboticka\/\">https:\/\/ipautomationinc.com\/accessories\/robotics\/<\/a><br>krabicov\u00e9 m\u011b\u0159\u00edtko<br>70%<br>#000000<br><br>iFM obr\u00e1b\u011bc\u00ed centrum<br><img decoding=\"async\" src=\"https:\/\/ipautomationinc.com\/wp-content\/uploads\/2023\/11\/ifm-icon-1.png#35422\" alt=\"ikona ifm\"><br><a href=\"https:\/\/ipautomationinc.com\/cs\/prislusenstvi\/obrabeci-centrum\/\">https:\/\/ipautomationinc.com\/accessories\/machining-center\/<\/a><br>krabicov\u00e9 m\u011b\u0159\u00edtko<br>70%<br><br>Stanice pro sr\u00e1\u017een\u00ed hran\/vrt\u00e1n\u00ed<br><img decoding=\"async\" src=\"https:\/\/ipautomationinc.com\/wp-content\/uploads\/2024\/08\/chamfer-drill.png#36736\" alt=\"sr\u00e1\u017eec\u00ed vrt\u00e1k\"><br><a href=\"https:\/\/ipautomationinc.com\/cs\/prislusenstvi\/srazeci-vrtak\/\">https:\/\/ipautomationinc.com\/accessories\/chamfer-drill\/<\/a><br>krabicov\u00e9 m\u011b\u0159\u00edtko<br>70%<br><br>iBW-45 Tup\u00e1 sv\u00e1\u0159e\u010dka<br>s rota\u010dn\u00edm sva\u0159ovac\u00edm kle\u0161t\u011bm<br><img decoding=\"async\" src=\"https:\/\/ipautomationinc.com\/wp-content\/uploads\/2025\/08\/machine-options_iBW-45.png#38050\" alt=\"machine-options_iBW-45\"><br><a href=\"https:\/\/ipautomationinc.com\/cs\/prislusenstvi\/automatizovane-svarecky\/\">https:\/\/ipautomationinc.com\/accessories\/automated-welders\/<\/a><br>krabicov\u00e9 m\u011b\u0159\u00edtko<br>70%<br>#000000<br><br>Kontrola zraku<br><img decoding=\"async\" src=\"https:\/\/ipautomationinc.com\/wp-content\/uploads\/2022\/06\/machine-options_vision-inspection-closeup.png\" alt=\"machine-options_vision-inspection-closeup\"><br>krabicov\u00e9 m\u011b\u0159\u00edtko<br>70%<br><br>\u0158e\u0161en\u00ed pro manipulaci s d\u00edly<br><img decoding=\"async\" src=\"https:\/\/ipautomationinc.com\/wp-content\/uploads\/2022\/06\/machine-options_rack-option.png\" alt=\"machine-options_rack-option\"><br>krabicov\u00e9 m\u011b\u0159\u00edtko<br>70%<br><br>Servo lis<br><img decoding=\"async\" src=\"https:\/\/ipautomationinc.com\/wp-content\/uploads\/2022\/06\/machine-options_servo-press.png\" alt=\"machine-options_servo-press\"><br>krabicov\u00e9 m\u011b\u0159\u00edtko<br>70%<br><br>Studen\u00e1 hlavi\u010dka<br><img decoding=\"async\" src=\"https:\/\/ipautomationinc.com\/wp-content\/uploads\/2022\/06\/machine-options_cold-heading.png\" alt=\"stroj-volby_studen\u00fd-hlavice\"><br>krabicov\u00e9 m\u011b\u0159\u00edtko<br>70%<br><br>Z\u00edskejte cenu hned te\u010f!<br>ikona vp\u0159ed<br><a href=\"https:\/\/ipautomationinc.com\/cs\/kontaktujte-nas\/#form\">https:\/\/ipautomationinc.com\/contact-us\/#form<\/a><br>50 pixel\u016f<br><br>Dal\u0161\u00ed CNC oh\u00fdba\u010dky dr\u00e1tu<br><br><h4>\u0158ada i-S\u00b2<\/h4><br><br><p><hr class=\"no_line\" style=\"margin: 0 auto 0px auto\"\/>\n <a href=\"https:\/\/ipautomationinc.com\/cs\/rada-i-s-kvadraticka\/\"> <img decoding=\"async\" src=\"https:\/\/ipautomationinc.com\/wp-content\/uploads\/2024\/08\/i10-S\u00b2-rgb.png\" alt=\"i-S\u00b2 CNC dr\u00e1t\u011bn\u00fd tvarova\u010d\"> <\/a> <hr class=\"no_line\" style=\"margin: 0 auto 0px auto\"\/>\n<\/p><br><br><p>\u0158ada S\u00b2 p\u0159in\u00e1\u0161\u00ed v\u0161estrannost dvou v\u011b\u017e\u00ed a mo\u017enost oh\u00fdb\u00e1n\u00ed trubek do \u0159ady S 2-13 mm<\/p><br><br><a class=\"mfn-link mfn-link-1\" href=\"\" style=\"\" data-hover=\"\"   ><span data-hover=\"\"><\/span><\/a><br>neopakovat;vlevo naho\u0159e;;<br>auto<br><br><h4>\u0158ada i-S\u00b2-P<\/h4><br><br><p><hr class=\"no_line\" style=\"margin: 0 auto 0px auto\"\/>\n <a href=\"https:\/\/ipautomationinc.com\/cs\/rada-i-s-kvadraticka-p\/\"> <img decoding=\"async\" src=\"https:\/\/ipautomationinc.com\/wp-content\/uploads\/2026\/02\/i10-S\u00b2-P-Single-Piece-3D-CNC-Wire-Bender.png\" alt=\"i-S\u00b2-P Jednod\u00edln\u00fd CNC dr\u00e1tov\u00fd tvarova\u010d\"> <\/a> <hr class=\"no_line\" style=\"margin: 0 auto 0px auto\"\/>\n<\/p><br><br><p>\u0158ada S\u00b2-P je navr\u017eena pro snadnou pr\u00e1ci s n\u00e1ro\u010dn\u00fdmi dr\u00e1t\u011bn\u00fdmi formami o pr\u016fm\u011bru 2,5\u201313 mm.<\/p><br><br><a class=\"mfn-link mfn-link-1\" href=\"\" style=\"\" data-hover=\"\"   ><span data-hover=\"\"><\/span><\/a><br>neopakovat;vlevo naho\u0159e;;<br>auto<br><br><h4>\u0158ada i-S<\/h4><br><br><p><hr class=\"no_line\" style=\"margin: 0 auto 0px auto\"\/>\n <a href=\"https:\/\/ipautomationinc.com\/cs\/rada-i-s\/\"> <img decoding=\"async\" src=\"https:\/\/ipautomationinc.com\/wp-content\/uploads\/2023\/02\/i8-S-RGB-1.png\" alt=\"iS CNC Wire Former\"> <\/a> <hr class=\"no_line\" style=\"margin: 0 auto 0px auto\"\/>\n<\/p><br><br><p>\u0158ada S je p\u0159esn\u00fd d\u0159\u00ed\u010d pro 3D tvary dr\u00e1tu od 2 do 16 mm<\/p><br><br><a class=\"mfn-link mfn-link-1\" href=\"\" style=\"\" data-hover=\"\"   ><span data-hover=\"\"><\/span><\/a><br>neopakovat;vlevo naho\u0159e;;<br>auto<br><br><\/p>","protected":false},"excerpt":{"rendered":"<p>The i-SC series 3D CNC wire bender is a powerhouse of value. It features an all-electric bending and cutting design<span class=\"excerpt-hellip\"> [\u2026]<\/span><\/p>\n","protected":false},"author":3,"featured_media":0,"parent":0,"menu_order":0,"comment_status":"closed","ping_status":"closed","template":"","meta":{"footnotes":""},"class_list":["post-1161","page","type-page","status-publish","hentry"],"yoast_head":"<!-- This site is optimized with the Yoast SEO plugin v27.3 - https:\/\/yoast.com\/product\/yoast-seo-wordpress\/ -->\n<title>i-SC Series CNC Wire Bender | IP Automation Inc<\/title>\n<meta name=\"description\" content=\"The i-SC series 3D CNC wire bender is an affordable performer, designed for low maintenance, easy setup and long term durability.\" \/>\n<meta name=\"robots\" content=\"index, follow, max-snippet:-1, max-image-preview:large, max-video-preview:-1\" \/>\n<link rel=\"canonical\" href=\"https:\/\/ipautomationinc.com\/cs\/rada-i-sc\/\" \/>\n<meta property=\"og:locale\" content=\"cs_CZ\" \/>\n<meta property=\"og:type\" content=\"article\" \/>\n<meta property=\"og:title\" content=\"i-SC Series CNC Wire Bender | IP Automation Inc\" \/>\n<meta property=\"og:description\" content=\"The i-SC series 3D CNC wire bender is an affordable performer, designed for low maintenance, easy setup and long term durability.\" \/>\n<meta property=\"og:url\" content=\"https:\/\/ipautomationinc.com\/cs\/rada-i-sc\/\" \/>\n<meta property=\"og:site_name\" content=\"IP Automation Inc\" \/>\n<meta property=\"article:publisher\" content=\"https:\/\/www.facebook.com\/ipautomationinc\/\" \/>\n<meta property=\"article:modified_time\" content=\"2026-03-27T18:27:01+00:00\" \/>\n<meta property=\"og:image\" content=\"https:\/\/ipautomationinc.com\/wp-content\/uploads\/2025\/09\/i8-SC-RGB.png#38241\" \/>\n<script type=\"application\/ld+json\" class=\"yoast-schema-graph\">{\"@context\":\"https:\\\/\\\/schema.org\",\"@graph\":[{\"@type\":\"WebPage\",\"@id\":\"https:\\\/\\\/ipautomationinc.com\\\/i-sc-series\\\/\",\"url\":\"https:\\\/\\\/ipautomationinc.com\\\/i-sc-series\\\/\",\"name\":\"i-SC Series CNC Wire Bender | IP Automation Inc\",\"isPartOf\":{\"@id\":\"https:\\\/\\\/ipautomationinc.com\\\/#website\"},\"primaryImageOfPage\":{\"@id\":\"https:\\\/\\\/ipautomationinc.com\\\/i-sc-series\\\/#primaryimage\"},\"image\":{\"@id\":\"https:\\\/\\\/ipautomationinc.com\\\/i-sc-series\\\/#primaryimage\"},\"thumbnailUrl\":\"https:\\\/\\\/ipautomationinc.com\\\/wp-content\\\/uploads\\\/2025\\\/09\\\/i8-SC-RGB.png#38241\",\"datePublished\":\"2022-06-01T19:10:28+00:00\",\"dateModified\":\"2026-03-27T18:27:01+00:00\",\"description\":\"The i-SC series 3D CNC wire bender is an affordable performer, designed for low maintenance, easy setup and long term durability.\",\"inLanguage\":\"cs\",\"potentialAction\":[{\"@type\":\"ReadAction\",\"target\":[\"https:\\\/\\\/ipautomationinc.com\\\/i-sc-series\\\/\"]}]},{\"@type\":\"ImageObject\",\"inLanguage\":\"cs\",\"@id\":\"https:\\\/\\\/ipautomationinc.com\\\/i-sc-series\\\/#primaryimage\",\"url\":\"https:\\\/\\\/ipautomationinc.com\\\/wp-content\\\/uploads\\\/2025\\\/09\\\/i8-SC-RGB.png#38241\",\"contentUrl\":\"https:\\\/\\\/ipautomationinc.com\\\/wp-content\\\/uploads\\\/2025\\\/09\\\/i8-SC-RGB.png#38241\"},{\"@type\":\"WebSite\",\"@id\":\"https:\\\/\\\/ipautomationinc.com\\\/#website\",\"url\":\"https:\\\/\\\/ipautomationinc.com\\\/\",\"name\":\"IP Automation Inc\",\"description\":\"Concept... Creation... Reality...\",\"publisher\":{\"@id\":\"https:\\\/\\\/ipautomationinc.com\\\/#organization\"},\"potentialAction\":[{\"@type\":\"SearchAction\",\"target\":{\"@type\":\"EntryPoint\",\"urlTemplate\":\"https:\\\/\\\/ipautomationinc.com\\\/?s={search_term_string}\"},\"query-input\":{\"@type\":\"PropertyValueSpecification\",\"valueRequired\":true,\"valueName\":\"search_term_string\"}}],\"inLanguage\":\"cs\"},{\"@type\":\"Organization\",\"@id\":\"https:\\\/\\\/ipautomationinc.com\\\/#organization\",\"name\":\"IP Automation Inc\",\"url\":\"https:\\\/\\\/ipautomationinc.com\\\/\",\"logo\":{\"@type\":\"ImageObject\",\"inLanguage\":\"cs\",\"@id\":\"https:\\\/\\\/ipautomationinc.com\\\/#\\\/schema\\\/logo\\\/image\\\/\",\"url\":\"https:\\\/\\\/ipautomationinc.com\\\/wp-content\\\/uploads\\\/2022\\\/05\\\/IPA-Favicon.png\",\"contentUrl\":\"https:\\\/\\\/ipautomationinc.com\\\/wp-content\\\/uploads\\\/2022\\\/05\\\/IPA-Favicon.png\",\"width\":513,\"height\":513,\"caption\":\"IP Automation Inc\"},\"image\":{\"@id\":\"https:\\\/\\\/ipautomationinc.com\\\/#\\\/schema\\\/logo\\\/image\\\/\"},\"sameAs\":[\"https:\\\/\\\/www.facebook.com\\\/ipautomationinc\\\/\",\"https:\\\/\\\/www.linkedin.com\\\/company\\\/ip-automation-inc\\\/\",\"https:\\\/\\\/www.youtube.com\\\/@IPAutomation\"]}]}<\/script>\n<!-- \/ Yoast SEO plugin. -->","yoast_head_json":{"title":"CNC oh\u00fdba\u010dka dr\u00e1tu \u0159ady i-SC | IP Automation Inc","description":"3D CNC oh\u00fdba\u010dka dr\u00e1tu \u0159ady i-SC je cenov\u011b dostupn\u00e1, navr\u017een\u00e1 pro n\u00edzkou \u00fadr\u017ebu, snadn\u00e9 nastaven\u00ed a dlouhou \u017eivotnost.","robots":{"index":"index","follow":"follow","max-snippet":"max-snippet:-1","max-image-preview":"max-image-preview:large","max-video-preview":"max-video-preview:-1"},"canonical":"https:\/\/ipautomationinc.com\/cs\/rada-i-sc\/","og_locale":"cs_CZ","og_type":"article","og_title":"i-SC Series CNC Wire Bender | IP Automation Inc","og_description":"The i-SC series 3D CNC wire bender is an affordable performer, designed for low maintenance, easy setup and long term durability.","og_url":"https:\/\/ipautomationinc.com\/cs\/rada-i-sc\/","og_site_name":"IP Automation Inc","article_publisher":"https:\/\/www.facebook.com\/ipautomationinc\/","article_modified_time":"2026-03-27T18:27:01+00:00","og_image":[{"url":"https:\/\/ipautomationinc.com\/wp-content\/uploads\/2025\/09\/i8-SC-RGB.png#38241","type":"","width":"","height":""}],"schema":{"@context":"https:\/\/schema.org","@graph":[{"@type":"WebPage","@id":"https:\/\/ipautomationinc.com\/i-sc-series\/","url":"https:\/\/ipautomationinc.com\/i-sc-series\/","name":"CNC oh\u00fdba\u010dka dr\u00e1tu \u0159ady i-SC | IP Automation Inc","isPartOf":{"@id":"https:\/\/ipautomationinc.com\/#website"},"primaryImageOfPage":{"@id":"https:\/\/ipautomationinc.com\/i-sc-series\/#primaryimage"},"image":{"@id":"https:\/\/ipautomationinc.com\/i-sc-series\/#primaryimage"},"thumbnailUrl":"https:\/\/ipautomationinc.com\/wp-content\/uploads\/2025\/09\/i8-SC-RGB.png#38241","datePublished":"2022-06-01T19:10:28+00:00","dateModified":"2026-03-27T18:27:01+00:00","description":"3D CNC oh\u00fdba\u010dka dr\u00e1tu \u0159ady i-SC je cenov\u011b dostupn\u00e1, navr\u017een\u00e1 pro n\u00edzkou \u00fadr\u017ebu, snadn\u00e9 nastaven\u00ed a dlouhou \u017eivotnost.","inLanguage":"cs","potentialAction":[{"@type":"ReadAction","target":["https:\/\/ipautomationinc.com\/i-sc-series\/"]}]},{"@type":"ImageObject","inLanguage":"cs","@id":"https:\/\/ipautomationinc.com\/i-sc-series\/#primaryimage","url":"https:\/\/ipautomationinc.com\/wp-content\/uploads\/2025\/09\/i8-SC-RGB.png#38241","contentUrl":"https:\/\/ipautomationinc.com\/wp-content\/uploads\/2025\/09\/i8-SC-RGB.png#38241"},{"@type":"WebSite","@id":"https:\/\/ipautomationinc.com\/#website","url":"https:\/\/ipautomationinc.com\/","name":"IP Automation Inc","description":"Koncept... Tvorba... Realita...","publisher":{"@id":"https:\/\/ipautomationinc.com\/#organization"},"potentialAction":[{"@type":"SearchAction","target":{"@type":"EntryPoint","urlTemplate":"https:\/\/ipautomationinc.com\/?s={search_term_string}"},"query-input":{"@type":"PropertyValueSpecification","valueRequired":true,"valueName":"search_term_string"}}],"inLanguage":"cs"},{"@type":"Organization","@id":"https:\/\/ipautomationinc.com\/#organization","name":"IP Automation Inc","url":"https:\/\/ipautomationinc.com\/","logo":{"@type":"ImageObject","inLanguage":"cs","@id":"https:\/\/ipautomationinc.com\/#\/schema\/logo\/image\/","url":"https:\/\/ipautomationinc.com\/wp-content\/uploads\/2022\/05\/IPA-Favicon.png","contentUrl":"https:\/\/ipautomationinc.com\/wp-content\/uploads\/2022\/05\/IPA-Favicon.png","width":513,"height":513,"caption":"IP Automation Inc"},"image":{"@id":"https:\/\/ipautomationinc.com\/#\/schema\/logo\/image\/"},"sameAs":["https:\/\/www.facebook.com\/ipautomationinc\/","https:\/\/www.linkedin.com\/company\/ip-automation-inc\/","https:\/\/www.youtube.com\/@IPAutomation"]}]}},"_links":{"self":[{"href":"https:\/\/ipautomationinc.com\/cs\/wp-json\/wp\/v2\/pages\/1161","targetHints":{"allow":["GET"]}}],"collection":[{"href":"https:\/\/ipautomationinc.com\/cs\/wp-json\/wp\/v2\/pages"}],"about":[{"href":"https:\/\/ipautomationinc.com\/cs\/wp-json\/wp\/v2\/types\/page"}],"author":[{"embeddable":true,"href":"https:\/\/ipautomationinc.com\/cs\/wp-json\/wp\/v2\/users\/3"}],"replies":[{"embeddable":true,"href":"https:\/\/ipautomationinc.com\/cs\/wp-json\/wp\/v2\/comments?post=1161"}],"version-history":[{"count":7,"href":"https:\/\/ipautomationinc.com\/cs\/wp-json\/wp\/v2\/pages\/1161\/revisions"}],"predecessor-version":[{"id":39514,"href":"https:\/\/ipautomationinc.com\/cs\/wp-json\/wp\/v2\/pages\/1161\/revisions\/39514"}],"wp:attachment":[{"href":"https:\/\/ipautomationinc.com\/cs\/wp-json\/wp\/v2\/media?parent=1161"}],"curies":[{"name":"wp","href":"https:\/\/api.w.org\/{rel}","templated":true}]}}