{"id":1110,"date":"2022-05-24T15:32:25","date_gmt":"2022-05-24T20:32:25","guid":{"rendered":"https:\/\/ipautomationinc.com\/?page_id=1110"},"modified":"2025-09-16T12:03:12","modified_gmt":"2025-09-16T17:03:12","slug":"obchodni-zastupci","status":"publish","type":"page","link":"https:\/\/ipautomationinc.com\/cs\/sales-representatives\/","title":{"rendered":"Obchodn\u00ed z\u00e1stupci"},"content":{"rendered":"<h6 class=\"wp-block-heading\"><strong>Obchodn\u00ed z\u00e1stupci stroj\u016f pro oh\u00fdb\u00e1n\u00ed dr\u00e1tu IP Automation jsou odborn\u00edci na oh\u00fdb\u00e1n\u00ed dr\u00e1tu, p\u0159ipraveni poskytnout m\u00edstn\u00ed pozornost va\u0161im pot\u0159eb\u00e1m v oblasti v\u00fdroby dr\u00e1tu a sd\u00edlet n\u00e1pady o mo\u017enostech, kter\u00e9 optimalizuj\u00ed va\u0161e \u0159e\u0161en\u00ed IP Automation. Najd\u011bte obchodn\u00edho z\u00e1stupce pro va\u0161i zemi nebo region.<\/strong><\/h6>\n\n\n\n<p><span class=\"builder2seo\"><\/span><img decoding=\"async\" src=\"https:\/\/ipautomationinc.com\/wp-content\/uploads\/2023\/11\/new-world-map-1123.png#35520\" alt=\"Nov\u00e1 mapa sv\u011bta 1123\"><br>oh\u00fdba\u010dka dr\u00e1tu obchodn\u00ed z\u00e1stupci mapa<br><br><h5>Obchodn\u00ed z\u00e1stupci stroj\u016f pro oh\u00fdb\u00e1n\u00ed dr\u00e1tu IP Automation jsou odborn\u00edci na oh\u00fdb\u00e1n\u00ed dr\u00e1tu, p\u0159ipraveni poskytnout m\u00edstn\u00ed pozornost va\u0161im pot\u0159eb\u00e1m v oblasti tvarov\u00e1n\u00ed dr\u00e1tu a sd\u00edlet n\u00e1pady o mo\u017enostech, kter\u00e9 optimalizuj\u00ed va\u0161e \u0159e\u0161en\u00ed IP Automation.<\/h5><br><br><h2>USA<\/h2><br>Nadpis<br>ne-opakovat;uprost\u0159ed naho\u0159e;;<br>auto<br><br><h4>David Konr\u00e1d<\/h4><br><br><span>Georgia, Severn\u00ed Karol\u00edna, Ji\u017en\u00ed Karol\u00edna, Virginie<\/span><br><br><a href=\"tel:+17049027399\">(704)-902-7399<\/a><br><br><a href=\"mailto:Conradsales@aol.com\">Conradsales@aol.com<\/a><br>neopakovat;vlevo naho\u0159e;;<br>auto<br>0 0 0 55px<br><br><h4>Thomas Melonic<\/h4><br><br>Connecticut, Delaware, Maine, Maryland, Massachusetts, New Hampshire, New Jersey, New York, Pennsylvania, Rhode Island, Vermont, Ohio<br><br><a href=\"tel:+17165363104\"> Mobil \u2013 (716)-536-3104<\/a><br><br><a href=\"mailto:wireguy@roadrunner.com\">wireguy@roadrunner.com<\/a><br>neopakovat;vlevo naho\u0159e;;<br>auto<br>0 0 0 55px<br><br>V\u0161echny ostatn\u00ed st\u00e1ty<br><br><h4>Pavel <span class=\"cf0\">Sitkiewicz<\/span><\/h4><br><br><h4>Sean Costin<\/h4><br><br><a href=\"tel:+16303769905\">Seanova p\u0159\u00edm\u00e1 linka \u2013 +1(630)-376-9905<\/a><!--EndFragment --><br><br><a href=\"mailto:sales@ipautomationinc.com\">sales@ipautomationinc.com<\/a><br><br>WhatsApp:<br><br><img decoding=\"async\" src=\"https:\/\/ipautomationinc.com\/wp-content\/uploads\/2024\/08\/whatsapp-qr-150x150.jpg\" alt=\"\"><br>neopakovat;vlevo naho\u0159e;;<br>auto<br>0 0 0 55px<br><br><br><h2>Mexiko<\/h2><br>Nadpis<br>ne-opakovat;uprost\u0159ed naho\u0159e;;<br>auto<br><br><h4>Manuel Uriarte<\/h4><br><br><span>ProMachinery<\/span><br><br><a href=\"tel:+523314746954\">+52 33 1474 6954<\/a><br><br><a href=\"mailto:muriarte@prod3.net\">muriarte@prod3.net<\/a><br><br><a href=\"https:\/\/www.promachinerymx.com\/\">www.promachinerymx.com<\/a><br><br><div class=\"image_frame image_item no_link scale-with-grid element_classes alignnone no_border mfn-img-box\" ><div class=\"image_wrapper\"><img decoding=\"async\" class=\"scale-with-grid\" src=\"\" fetchpriority=\"high\" alt=\"\" title=\"\" width=\"\" height=\"\" style=\"\"\/><\/div><\/div>\n<br>neopakovat;vlevo naho\u0159e;;<br>auto<br>0 0 0 55px<br><br><h4>Juan Ram\u00f3n<!--EndFragment --><\/h4><br><br><span>Jartool<\/span><br><br><span><a href=\"tel:8134188492\">813-4188-492<\/a><\/span><br><br><a href=\"mailto:juan.ramon@jartool.com\">juan.ramon@jartool.com<\/a><br><br><a href=\"https:\/\/jartool.com\/\">www.jartool.com<\/a><br><br><div class=\"image_frame image_item no_link scale-with-grid element_classes alignnone no_border mfn-img-box\" ><div class=\"image_wrapper\"><img decoding=\"async\" class=\"scale-with-grid\" src=\"\" fetchpriority=\"high\" alt=\"\" title=\"\" width=\"\" height=\"\" style=\"\"\/><\/div><\/div>\n<br>neopakovat;vlevo naho\u0159e;;<br>auto<br>0 0 0 55px<br><br><h4>Bernardo <!--StartFragment --><span class=\"cf0\">Guerrero<\/span><!--EndFragment --><\/h4><br><br><span>Stroj\u00edrensk\u00fd technik<\/span><br><br><a href=\"mailto:bguerrero@ipautomationinc.com\">bguerrero@ipautomationinc.com<\/a><br>neopakovat;vlevo naho\u0159e;;<br>auto<br>0 0 0 55px<br><br><br><h2>Kanada<\/h2><br>Nadpis<br>ne-opakovat;uprost\u0159ed naho\u0159e;;<br>auto<br><br><h4>John Somerville<\/h4><br><br><span>Spole\u010dnost Rotem Industrial Products Inc.<\/span><br><br><a href=\"tel:+14163186842\">+1 416-318-6842<\/a><br><br><a href=\"mailto:john@rotem.ca\">john@rotem.ca<\/a><br><br><a href=\"https:\/\/www.rotem.ca\/\">www.rotem.ca<\/a><br><br><div class=\"image_frame image_item no_link scale-with-grid element_classes alignnone no_border mfn-img-box\" ><div class=\"image_wrapper\"><img decoding=\"async\" class=\"scale-with-grid\" src=\"\" fetchpriority=\"high\" alt=\"\" title=\"\" width=\"\" height=\"\" style=\"\"\/><\/div><\/div>\n<br>neopakovat;vlevo naho\u0159e;;<br>auto<br>0 0 0 55px<br><br><br><h2>Evropa<\/h2><br>Nadpis<br>ne-opakovat;uprost\u0159ed naho\u0159e;;<br>auto<br><br><h4>Petr Mikovec<\/h4><br><br><span>\u010cesk\u00e1 republika, Slovensko<\/span><br><br><a href=\"tel:+420312249281\">Kancel\u00e1\u0159 \u2013 +(420) 312-249-281<\/a><br><br><a href=\"tel:+420777555282\">Mobil \u2013 +(420) 777-555-282<\/a><br><br><a href=\"mailto:mikovec@mec-technik.cz\">mikovec@mec-technik.cz<\/a><br><br><a href=\"http:\/\/www.mec-technik.cz\">www.mectechnik.cz<\/a><br><br><div class=\"image_frame image_item no_link scale-with-grid element_classes alignnone no_border mfn-img-box\" ><div class=\"image_wrapper\"><img decoding=\"async\" class=\"scale-with-grid\" src=\"\" fetchpriority=\"high\" alt=\"\" title=\"\" width=\"\" height=\"\" style=\"\"\/><\/div><\/div>\n<br>neopakovat;vlevo naho\u0159e;;<br>auto<br>0 0 0 55px<br><br><h4>Markus Suchomski<\/h4><br><br><span>Rakousko, N\u011bmecko<\/span><br><br><a href=\"tel:+498212461530\">Kancel\u00e1\u0159 \u2013 +49 (0)8 21 \/ 2 46 15 30<\/a><br><br><a href=\"tel:+491728127098\">Mobil \u2013 +49 (0)1 72 \/ 8 12 70 98<\/a><br><br><a href=\"mailto:markus@suchomski.de\">markus@suchomski.de<\/a><br><br><a href=\"https:\/\/www.suchomski.de\">www.suchomski.de<\/a><br><br><div class=\"image_frame image_item no_link scale-with-grid element_classes alignnone no_border mfn-img-box\" ><div class=\"image_wrapper\"><img decoding=\"async\" class=\"scale-with-grid\" src=\"\" fetchpriority=\"high\" alt=\"\" title=\"\" width=\"\" height=\"\" style=\"\"\/><\/div><\/div>\n<br>neopakovat;vlevo naho\u0159e;;<br>auto<br>0 0 0 55px<br><br><br>Naj\u00edt produkty<br><br>Klikn\u011bte zde<br><a href=\"https:\/\/ipautomationinc.com\/cs\/produkty-a-sluzby\/\">https:\/\/ipautomationinc.com\/products-and-services\/<\/a><br><br>Dostat podporu<br><br>Klikn\u011bte zde<br><a href=\"https:\/\/ipautomationinc.com\/cs\/podpera-podpora\/\">https:\/\/ipautomationinc.com\/support\/<\/a><br><br>Kontaktujte n\u00e1s<br><br>Klikn\u011bte zde<br><a href=\"https:\/\/ipautomationinc.com\/cs\/kontaktujte-nas\/\">https:\/\/ipautomationinc.com\/contact-us\/<\/a><br><br><br>M\u00e1te z\u00e1jem st\u00e1t se obchodn\u00edm z\u00e1stupcem IP Automation Inc?<br><br>Po\u0161lete n\u00e1m zpr\u00e1vu!<br><br><p class=\"wpcf7-contact-form-not-found\"><strong>Chyba:<\/strong> Kontaktn\u00ed formul\u00e1\u0159 nebyl nalezen.<\/p><br><br><\/p>","protected":false},"excerpt":{"rendered":"<p>IP Automation wire bending machine sales representatives are wire bending experts, ready to provide local attention to your wire forming<span class=\"excerpt-hellip\"> [\u2026]<\/span><\/p>\n","protected":false},"author":3,"featured_media":0,"parent":0,"menu_order":0,"comment_status":"open","ping_status":"closed","template":"","meta":{"footnotes":""},"class_list":["post-1110","page","type-page","status-publish","hentry"],"yoast_head":"<!-- This site is optimized with the Yoast SEO plugin v27.4 - https:\/\/yoast.com\/product\/yoast-seo-wordpress\/ -->\n<title>Wire Bending Machine Sales Representative Near You<\/title>\n<meta name=\"description\" content=\"Find a wire bending machine sales representative near you to purchase our premium quality made in the USA wire bending machines.\" \/>\n<meta name=\"robots\" content=\"index, follow, max-snippet:-1, max-image-preview:large, max-video-preview:-1\" \/>\n<link rel=\"canonical\" href=\"https:\/\/ipautomationinc.com\/cs\/obchodni-zastupci\/\" \/>\n<meta property=\"og:locale\" content=\"cs_CZ\" \/>\n<meta property=\"og:type\" content=\"article\" \/>\n<meta property=\"og:title\" content=\"Wire Bending Machine Sales Representative Near You\" \/>\n<meta property=\"og:description\" content=\"Find a wire bending machine sales representative near you to purchase our premium quality made in the USA wire bending machines.\" \/>\n<meta property=\"og:url\" content=\"https:\/\/ipautomationinc.com\/cs\/obchodni-zastupci\/\" \/>\n<meta property=\"og:site_name\" content=\"IP Automation Inc\" \/>\n<meta property=\"article:publisher\" content=\"https:\/\/www.facebook.com\/ipautomationinc\/\" \/>\n<meta property=\"article:modified_time\" content=\"2025-09-16T17:03:12+00:00\" \/>\n<meta property=\"og:image\" content=\"https:\/\/ipautomationinc.com\/wp-content\/uploads\/2023\/11\/new-world-map-1123.png#35520\" \/>\n<script type=\"application\/ld+json\" class=\"yoast-schema-graph\">{\"@context\":\"https:\\\/\\\/schema.org\",\"@graph\":[{\"@type\":\"WebPage\",\"@id\":\"https:\\\/\\\/ipautomationinc.com\\\/sales-representatives\\\/\",\"url\":\"https:\\\/\\\/ipautomationinc.com\\\/sales-representatives\\\/\",\"name\":\"Wire Bending Machine Sales Representative Near You\",\"isPartOf\":{\"@id\":\"https:\\\/\\\/ipautomationinc.com\\\/#website\"},\"primaryImageOfPage\":{\"@id\":\"https:\\\/\\\/ipautomationinc.com\\\/sales-representatives\\\/#primaryimage\"},\"image\":{\"@id\":\"https:\\\/\\\/ipautomationinc.com\\\/sales-representatives\\\/#primaryimage\"},\"thumbnailUrl\":\"https:\\\/\\\/ipautomationinc.com\\\/wp-content\\\/uploads\\\/2023\\\/11\\\/new-world-map-1123.png#35520\",\"datePublished\":\"2022-05-24T20:32:25+00:00\",\"dateModified\":\"2025-09-16T17:03:12+00:00\",\"description\":\"Find a wire bending machine sales representative near you to purchase our premium quality made in the USA wire bending machines.\",\"inLanguage\":\"cs\",\"potentialAction\":[{\"@type\":\"ReadAction\",\"target\":[\"https:\\\/\\\/ipautomationinc.com\\\/sales-representatives\\\/\"]}]},{\"@type\":\"ImageObject\",\"inLanguage\":\"cs\",\"@id\":\"https:\\\/\\\/ipautomationinc.com\\\/sales-representatives\\\/#primaryimage\",\"url\":\"https:\\\/\\\/ipautomationinc.com\\\/wp-content\\\/uploads\\\/2023\\\/11\\\/new-world-map-1123.png#35520\",\"contentUrl\":\"https:\\\/\\\/ipautomationinc.com\\\/wp-content\\\/uploads\\\/2023\\\/11\\\/new-world-map-1123.png#35520\"},{\"@type\":\"WebSite\",\"@id\":\"https:\\\/\\\/ipautomationinc.com\\\/#website\",\"url\":\"https:\\\/\\\/ipautomationinc.com\\\/\",\"name\":\"IP Automation Inc\",\"description\":\"Concept... Creation... Reality...\",\"publisher\":{\"@id\":\"https:\\\/\\\/ipautomationinc.com\\\/#organization\"},\"potentialAction\":[{\"@type\":\"SearchAction\",\"target\":{\"@type\":\"EntryPoint\",\"urlTemplate\":\"https:\\\/\\\/ipautomationinc.com\\\/?s={search_term_string}\"},\"query-input\":{\"@type\":\"PropertyValueSpecification\",\"valueRequired\":true,\"valueName\":\"search_term_string\"}}],\"inLanguage\":\"cs\"},{\"@type\":\"Organization\",\"@id\":\"https:\\\/\\\/ipautomationinc.com\\\/#organization\",\"name\":\"IP Automation Inc\",\"url\":\"https:\\\/\\\/ipautomationinc.com\\\/\",\"logo\":{\"@type\":\"ImageObject\",\"inLanguage\":\"cs\",\"@id\":\"https:\\\/\\\/ipautomationinc.com\\\/#\\\/schema\\\/logo\\\/image\\\/\",\"url\":\"https:\\\/\\\/ipautomationinc.com\\\/wp-content\\\/uploads\\\/2022\\\/05\\\/IPA-Favicon.png\",\"contentUrl\":\"https:\\\/\\\/ipautomationinc.com\\\/wp-content\\\/uploads\\\/2022\\\/05\\\/IPA-Favicon.png\",\"width\":513,\"height\":513,\"caption\":\"IP Automation Inc\"},\"image\":{\"@id\":\"https:\\\/\\\/ipautomationinc.com\\\/#\\\/schema\\\/logo\\\/image\\\/\"},\"sameAs\":[\"https:\\\/\\\/www.facebook.com\\\/ipautomationinc\\\/\",\"https:\\\/\\\/www.linkedin.com\\\/company\\\/ip-automation-inc\\\/\",\"https:\\\/\\\/www.youtube.com\\\/@IPAutomation\"]}]}<\/script>\n<!-- \/ Yoast SEO plugin. -->","yoast_head_json":{"title":"Obchodn\u00ed z\u00e1stupce oh\u00fdba\u010dky dr\u00e1tu ve va\u0161em okol\u00ed","description":"Najd\u011bte ve sv\u00e9m okol\u00ed obchodn\u00edho z\u00e1stupce pro oh\u00fdba\u010dky dr\u00e1tu, abyste si mohli zakoupit na\u0161e stroje na oh\u00fdb\u00e1n\u00ed dr\u00e1tu pr\u00e9miov\u00e9 kvality vyroben\u00e9 v USA.","robots":{"index":"index","follow":"follow","max-snippet":"max-snippet:-1","max-image-preview":"max-image-preview:large","max-video-preview":"max-video-preview:-1"},"canonical":"https:\/\/ipautomationinc.com\/cs\/obchodni-zastupci\/","og_locale":"cs_CZ","og_type":"article","og_title":"Wire Bending Machine Sales Representative Near You","og_description":"Find a wire bending machine sales representative near you to purchase our premium quality made in the USA wire bending machines.","og_url":"https:\/\/ipautomationinc.com\/cs\/obchodni-zastupci\/","og_site_name":"IP Automation Inc","article_publisher":"https:\/\/www.facebook.com\/ipautomationinc\/","article_modified_time":"2025-09-16T17:03:12+00:00","og_image":[{"url":"https:\/\/ipautomationinc.com\/wp-content\/uploads\/2023\/11\/new-world-map-1123.png#35520","type":"","width":"","height":""}],"schema":{"@context":"https:\/\/schema.org","@graph":[{"@type":"WebPage","@id":"https:\/\/ipautomationinc.com\/sales-representatives\/","url":"https:\/\/ipautomationinc.com\/sales-representatives\/","name":"Obchodn\u00ed z\u00e1stupce oh\u00fdba\u010dky dr\u00e1tu ve va\u0161em okol\u00ed","isPartOf":{"@id":"https:\/\/ipautomationinc.com\/#website"},"primaryImageOfPage":{"@id":"https:\/\/ipautomationinc.com\/sales-representatives\/#primaryimage"},"image":{"@id":"https:\/\/ipautomationinc.com\/sales-representatives\/#primaryimage"},"thumbnailUrl":"https:\/\/ipautomationinc.com\/wp-content\/uploads\/2023\/11\/new-world-map-1123.png#35520","datePublished":"2022-05-24T20:32:25+00:00","dateModified":"2025-09-16T17:03:12+00:00","description":"Najd\u011bte ve sv\u00e9m okol\u00ed obchodn\u00edho z\u00e1stupce pro oh\u00fdba\u010dky dr\u00e1tu, abyste si mohli zakoupit na\u0161e stroje na oh\u00fdb\u00e1n\u00ed dr\u00e1tu pr\u00e9miov\u00e9 kvality vyroben\u00e9 v USA.","inLanguage":"cs","potentialAction":[{"@type":"ReadAction","target":["https:\/\/ipautomationinc.com\/sales-representatives\/"]}]},{"@type":"ImageObject","inLanguage":"cs","@id":"https:\/\/ipautomationinc.com\/sales-representatives\/#primaryimage","url":"https:\/\/ipautomationinc.com\/wp-content\/uploads\/2023\/11\/new-world-map-1123.png#35520","contentUrl":"https:\/\/ipautomationinc.com\/wp-content\/uploads\/2023\/11\/new-world-map-1123.png#35520"},{"@type":"WebSite","@id":"https:\/\/ipautomationinc.com\/#website","url":"https:\/\/ipautomationinc.com\/","name":"IP Automation Inc","description":"Koncept... Tvorba... Realita...","publisher":{"@id":"https:\/\/ipautomationinc.com\/#organization"},"potentialAction":[{"@type":"SearchAction","target":{"@type":"EntryPoint","urlTemplate":"https:\/\/ipautomationinc.com\/?s={search_term_string}"},"query-input":{"@type":"PropertyValueSpecification","valueRequired":true,"valueName":"search_term_string"}}],"inLanguage":"cs"},{"@type":"Organization","@id":"https:\/\/ipautomationinc.com\/#organization","name":"IP Automation Inc","url":"https:\/\/ipautomationinc.com\/","logo":{"@type":"ImageObject","inLanguage":"cs","@id":"https:\/\/ipautomationinc.com\/#\/schema\/logo\/image\/","url":"https:\/\/ipautomationinc.com\/wp-content\/uploads\/2022\/05\/IPA-Favicon.png","contentUrl":"https:\/\/ipautomationinc.com\/wp-content\/uploads\/2022\/05\/IPA-Favicon.png","width":513,"height":513,"caption":"IP Automation Inc"},"image":{"@id":"https:\/\/ipautomationinc.com\/#\/schema\/logo\/image\/"},"sameAs":["https:\/\/www.facebook.com\/ipautomationinc\/","https:\/\/www.linkedin.com\/company\/ip-automation-inc\/","https:\/\/www.youtube.com\/@IPAutomation"]}]}},"_links":{"self":[{"href":"https:\/\/ipautomationinc.com\/cs\/wp-json\/wp\/v2\/pages\/1110","targetHints":{"allow":["GET"]}}],"collection":[{"href":"https:\/\/ipautomationinc.com\/cs\/wp-json\/wp\/v2\/pages"}],"about":[{"href":"https:\/\/ipautomationinc.com\/cs\/wp-json\/wp\/v2\/types\/page"}],"author":[{"embeddable":true,"href":"https:\/\/ipautomationinc.com\/cs\/wp-json\/wp\/v2\/users\/3"}],"replies":[{"embeddable":true,"href":"https:\/\/ipautomationinc.com\/cs\/wp-json\/wp\/v2\/comments?post=1110"}],"version-history":[{"count":2,"href":"https:\/\/ipautomationinc.com\/cs\/wp-json\/wp\/v2\/pages\/1110\/revisions"}],"predecessor-version":[{"id":37707,"href":"https:\/\/ipautomationinc.com\/cs\/wp-json\/wp\/v2\/pages\/1110\/revisions\/37707"}],"wp:attachment":[{"href":"https:\/\/ipautomationinc.com\/cs\/wp-json\/wp\/v2\/media?parent=1110"}],"curies":[{"name":"wp","href":"https:\/\/api.w.org\/{rel}","templated":true}]}}