{"id":111,"date":"2017-10-27T17:33:30","date_gmt":"2017-10-27T22:33:30","guid":{"rendered":"http:\/\/ipautomationinc.com\/?page_id=111"},"modified":"2025-09-10T15:54:28","modified_gmt":"2025-09-10T20:54:28","slug":"automatizacni-bunky","status":"publish","type":"page","link":"https:\/\/ipautomationinc.com\/cs\/automationcells\/","title":{"rendered":"Automatiza\u010dn\u00ed \u010dl\u00e1nky"},"content":{"rendered":"<p>Odborn\u00edci na automatizaci proces\u016f tvarov\u00e1n\u00ed dr\u00e1tu.<\/p>\n\n\n\n<p>Na\u0161e stroje, in\u017een\u00fd\u0159i a technici jsou p\u0159ipraveni na p\u0159izp\u016fsoben\u00e1 \u0159e\u0161en\u00ed pro va\u0161i spole\u010dnost. Dos\u00e1hn\u011bte sv\u00e9 vize vysokorychlostn\u00edho toku jednotliv\u00fdch kus\u016f s minim\u00e1ln\u00ed pracnost\u00ed a nulov\u00fdm WIP.<\/p>\n\n\n\n<p>M\u00e1me odborn\u00e9 znalosti v oblasti robotick\u00fdch integrac\u00ed, jako jsou: sva\u0159ov\u00e1n\u00ed, sr\u00e1\u017een\u00ed hran, mont\u00e1\u017e, lisov\u00e1n\u00ed, \u0159ez\u00e1n\u00ed z\u00e1vit\u016f za studena, \u0159ez\u00e1n\u00ed z\u00e1vit\u016f, obr\u00e1b\u011bn\u00ed, st\u0159\u00edh\u00e1n\u00ed, odstra\u0148ov\u00e1n\u00ed pnut\u00ed, kontrola atd.<\/p>\n\n\n\n<p><span class=\"builder2seo\"><\/span>autoplay=1&amp;muted=1&amp;loop=1&amp;autopause=0&amp;controls=1<br><br><h2>Odborn\u00edci na automatizaci proces\u016f tvarov\u00e1n\u00ed dr\u00e1tu.<\/h2><br><br><h3>Na\u0161e stroje, in\u017een\u00fd\u0159i a technici jsou p\u0159ipraveni na p\u0159izp\u016fsoben\u00e1 \u0159e\u0161en\u00ed pro va\u0161i spole\u010dnost. Dos\u00e1hn\u011bte sv\u00e9 vize vysokorychlostn\u00edho toku jednotliv\u00fdch kus\u016f s minim\u00e1ln\u00ed pracnost\u00ed a nulov\u00fdm WIP.<\/h3><br><br><h3>M\u00e1me odborn\u00e9 znalosti v oblasti robotick\u00fdch integrac\u00ed, jako jsou: sva\u0159ov\u00e1n\u00ed, sr\u00e1\u017een\u00ed hran, mont\u00e1\u017e, lisov\u00e1n\u00ed, \u0159ez\u00e1n\u00ed z\u00e1vit\u016f za studena, \u0159ez\u00e1n\u00ed z\u00e1vit\u016f, obr\u00e1b\u011bn\u00ed, st\u0159\u00edh\u00e1n\u00ed, odstra\u0148ov\u00e1n\u00ed pnut\u00ed, kontrola atd.<\/h3><br><br>\u0161irok\u00fd<br><br>i-D automatiza\u010dn\u00ed bu\u0148ka<br>#DD0000<br>po\u010d\u00e1te\u010dn\u00ed<br><br>;C;;<br><br>i-S Automation Cell<br>#DD0000<br>po\u010d\u00e1te\u010dn\u00ed<br><br>;C;;<br><br>i-S Automation Cell<br>#DD0000<br>po\u010d\u00e1te\u010dn\u00ed<br><br>;C;;<br><br>i-S\u00b2 Automation Cell<br>#DD0000<br>po\u010d\u00e1te\u010dn\u00ed<br><br>;C;;<br><br>i-S\u00b2 Automation Cell<br>#DD0000<br>po\u010d\u00e1te\u010dn\u00ed<br><br>;C;;<br><br>\u0161irok\u00fd<br><br><img decoding=\"async\" src=\"https:\/\/ipautomationinc.com\/wp-content\/uploads\/2017\/11\/cell-pic_Web.png\" alt=\"obr\u00e1zek bu\u0148ky_Web\"><br><br><img decoding=\"async\" src=\"https:\/\/ipautomationinc.com\/wp-content\/uploads\/2017\/10\/IMG_1989-1-e1640896417688.png#191\" alt=\"IMG_1989\"><br><br>Flexmat Automation Cells<br>Flexibiln\u00ed automatizace, provoz r\u016fzn\u00fdch \u010d\u00e1st\u00ed s rychl\u00fdm p\u0159ep\u00edn\u00e1n\u00edm<br>Mo\u017enost nastaven\u00ed serva pro snadn\u00e9 nastaven\u00ed a minim\u00e1ln\u00ed n\u00e1\u0159ad\u00ed<br><br><br>Z c\u00edvky nebo pod\u00e1v\u00e1n\u00ed z\u00e1sobn\u00edku<br><br>A\u017e 32 Servo os<br><br>A\u017e 6 oh\u00fdbac\u00edch stanic<br><br>Voliteln\u00e9 integrovan\u00e9 stanice pro odstran\u011bn\u00ed nap\u011bt\u00ed a nylonov\u00e9 nebo PVC potahovac\u00ed stanice<br><br>Vestav\u011bn\u00e1 chladic\u00ed stanice<br><br>Mont\u00e1\u017en\u00ed stanice \u0159\u00edzen\u00e1 zrakem<br><br>Mo\u017enosti sekund\u00e1rn\u00ed stanice v\u010detn\u011b mont\u00e1\u017ee sev\u0159en\u00edm nebo klipsem<br><br>Pro mont\u00e1\u017e lze p\u0159izp\u016fsobit v\u00edce dr\u00e1t\u011bn\u00fdch tvar\u016f, lisov\u00e1n\u00ed a plastov\u00fdch vlo\u017eek<br><br><br>fadeInRight<br><br><img decoding=\"async\" src=\"https:\/\/ipautomationinc.com\/wp-content\/uploads\/2017\/11\/cell.png\" alt=\"bu\u0148ka\"><br>velk\u00fd<br><br><img decoding=\"async\" src=\"https:\/\/ipautomationinc.com\/wp-content\/uploads\/2017\/11\/placementfix.png\" alt=\"um\u00edst\u011bn\u00edfix\"><br>velk\u00fd<br><br>\u0161irok\u00fd<br><br><br>Mont\u00e1\u017en\u00ed bu\u0148ky<br>Mont\u00e1\u017en\u00ed bu\u0148ky pro automobilov\u00e9 komponenty<br><br>V\u00edce tvar\u016f dr\u00e1tu a smontovan\u00e9<br><br>Operace zahrnuj\u00ed o\u0159ez\u00e1v\u00e1n\u00ed, klin\u010dov\u00e1n\u00ed, bodov\u00e9 sva\u0159ov\u00e1n\u00ed, mig sva\u0159ov\u00e1n\u00ed a dal\u0161\u00ed spojovac\u00ed techniky.<br><br>M\u016f\u017ee b\u00fdt integrov\u00e1n do jin\u00fdch stroj\u016f pro kompletn\u00ed autonomn\u00ed v\u00fdrobu<br><br>Bu\u0148ky lze p\u0159ekonfigurovat pro r\u016fzn\u00e9 produktov\u00e9 \u0159ady<br>fadeInRight<br><br>\u0161irok\u00fd<br><br><img decoding=\"async\" src=\"https:\/\/ipautomationinc.com\/wp-content\/uploads\/2017\/11\/CoatingRounded-e1635351228930.png\" alt=\"Povlak Zaoblen\u00fd\"><br><br>Linky odstra\u0148uj\u00edc\u00ed stres a nylonov\u00e9 povlaky<br><br><br>Automatizace uvol\u0148uj\u00edc\u00ed nap\u011bt\u00ed s povlakem<br><br>Konven\u010dn\u00ed trouby, odporov\u00e9, induk\u010dn\u00ed a infra\u010derven\u00e9 technologie<br><br>Robotick\u00e1 manipulace pro efektivn\u00ed v\u00fdm\u011bnu a minim\u00e1ln\u00ed n\u00e1\u0159ad\u00ed <br><br>Povlak pomoc\u00ed nylonu, PVC nebo jin\u00fdch termoplast\u016f<br><br>V\u00edcebarevn\u00fd n\u00e1t\u011br k dispozici najednou<br><br>Standardn\u00ed n\u00e1sypky na pr\u00e1\u0161ek se \u0161nekov\u00fdm dopravn\u00edm syst\u00e9mem pro minim\u00e1ln\u00ed ztr\u00e1ty pr\u00e1\u0161ku<br><br>Standardn\u00ed chladic\u00ed reg\u00e1ly s voliteln\u00fdmi robotick\u00fdmi \u0159e\u0161en\u00edmi balen\u00ed<br><br>Stojany nalo\u017een\u00e9 oper\u00e1torem nebo pln\u011b automatizovan\u00e9 p\u0159ipojen\u00e9 ke st\u00e1vaj\u00edc\u00edmu strojn\u00edmu za\u0159\u00edzen\u00ed<br><br><br>fadeInRight<br><br><br><img decoding=\"async\" src=\"https:\/\/ipautomationinc.com\/wp-content\/uploads\/2017\/11\/Coating2-1-1-1.png\" alt=\"N\u00e1t\u011br2-1-1-1\"><br><br><img decoding=\"async\" src=\"https:\/\/ipautomationinc.com\/wp-content\/uploads\/2017\/11\/Coating-cell-1-e1635351476148.png\" alt=\"Povlak-bu\u0148ka-1\"><br><br>\u0161irok\u00fd<br><br><img decoding=\"async\" src=\"https:\/\/ipautomationinc.com\/wp-content\/uploads\/2021\/11\/Resistance-Welder.png\" alt=\"Odporov\u00e1 sv\u00e1\u0159e\u010dka\"><br><br>Odporov\u00e9 sva\u0159ovac\u00ed \u010dl\u00e1nky<br><br><br>Fanuc R1000iA-80 a\u017e R2000iA-210F<br><br>Servo oto\u010dn\u00fd st\u016fl<br><br>Voliteln\u00e9 Obara nebo Tolomatic Servo Guns <br><br>Zabudovan\u00e9 rychloobr\u00e1b\u011bc\u00ed desky pro rychlou v\u00fdm\u011bnu<br><br>Schopnost RFID minimalizovat chyby nastaven\u00ed<br><br>Volby na\u010dten\u00e9 oper\u00e1torem Light Curtain nebo Safety Scanner<br><br>Lze integrovat do v\u00edce oh\u00fdba\u010dek dr\u00e1tu pro automatick\u00e9 tv\u00e1\u0159en\u00ed a sva\u0159ovac\u00ed bu\u0148ky<br><br>Voliteln\u00e9 automatizovan\u00e9 p\u0159epravn\u00ed syst\u00e9my Tote pro balen\u00ed<br><br><br>fadeInRight<br><br><br><img decoding=\"async\" src=\"https:\/\/ipautomationinc.com\/wp-content\/uploads\/2017\/10\/Robotic-Welding-put-sparks-back-in-1-e1635353496321.png\" alt=\"Robotick\u00e9-sva\u0159ov\u00e1n\u00ed-zapalov\u00e1n\u00ed-zp\u011bt-in\"><br><br>B\u00fdt v kontaktu<br><a href=\"https:\/\/ipautomationinc.com\/cs\/kontaktujte-nas\/\">https:\/\/ipautomationinc.com\/contact-us\/<\/a><br>ikona vp\u0159ed<br>button_theme<br><br><\/p>","protected":false},"excerpt":{"rendered":"<p>Experts in automating wire forming processes. Our machines, engineers, and technicians are geared for customized solutions for your company. Achieve<span class=\"excerpt-hellip\"> [\u2026]<\/span><\/p>\n","protected":false},"author":3,"featured_media":0,"parent":0,"menu_order":0,"comment_status":"open","ping_status":"closed","template":"","meta":{"footnotes":""},"class_list":["post-111","page","type-page","status-publish","hentry"],"yoast_head":"<!-- This site is optimized with the Yoast SEO plugin v27.4 - https:\/\/yoast.com\/product\/yoast-seo-wordpress\/ -->\n<title>Automation Cells | IP Automation Inc<\/title>\n<meta name=\"description\" content=\"Our machines, engineers, and technicians are geared for customized solutions for your company and make automation easy for your project. Achieve your vision with an automation cell.\" \/>\n<meta name=\"robots\" content=\"index, follow, max-snippet:-1, max-image-preview:large, max-video-preview:-1\" \/>\n<link rel=\"canonical\" href=\"https:\/\/ipautomationinc.com\/cs\/automatizacni-bunky\/\" \/>\n<meta property=\"og:locale\" content=\"cs_CZ\" \/>\n<meta property=\"og:type\" content=\"article\" \/>\n<meta property=\"og:title\" content=\"Automation Cells | IP Automation Inc\" \/>\n<meta property=\"og:description\" content=\"Our machines, engineers, and technicians are geared for customized solutions for your company and make automation easy for your project. Achieve your vision with an automation cell.\" \/>\n<meta property=\"og:url\" content=\"https:\/\/ipautomationinc.com\/cs\/automatizacni-bunky\/\" \/>\n<meta property=\"og:site_name\" content=\"IP Automation Inc\" \/>\n<meta property=\"article:publisher\" content=\"https:\/\/www.facebook.com\/ipautomationinc\/\" \/>\n<meta property=\"article:modified_time\" content=\"2025-09-10T20:54:28+00:00\" \/>\n<meta property=\"og:image\" content=\"https:\/\/ipautomationinc.com\/wp-content\/uploads\/2017\/11\/cell-pic_Web.png\" \/>\n<script type=\"application\/ld+json\" class=\"yoast-schema-graph\">{\"@context\":\"https:\\\/\\\/schema.org\",\"@graph\":[{\"@type\":\"WebPage\",\"@id\":\"https:\\\/\\\/ipautomationinc.com\\\/automationcells\\\/\",\"url\":\"https:\\\/\\\/ipautomationinc.com\\\/automationcells\\\/\",\"name\":\"Automation Cells | IP Automation Inc\",\"isPartOf\":{\"@id\":\"https:\\\/\\\/ipautomationinc.com\\\/#website\"},\"primaryImageOfPage\":{\"@id\":\"https:\\\/\\\/ipautomationinc.com\\\/automationcells\\\/#primaryimage\"},\"image\":{\"@id\":\"https:\\\/\\\/ipautomationinc.com\\\/automationcells\\\/#primaryimage\"},\"thumbnailUrl\":\"https:\\\/\\\/ipautomationinc.com\\\/wp-content\\\/uploads\\\/2017\\\/11\\\/cell-pic_Web.png\",\"datePublished\":\"2017-10-27T22:33:30+00:00\",\"dateModified\":\"2025-09-10T20:54:28+00:00\",\"description\":\"Our machines, engineers, and technicians are geared for customized solutions for your company and make automation easy for your project. Achieve your vision with an automation cell.\",\"inLanguage\":\"cs\",\"potentialAction\":[{\"@type\":\"ReadAction\",\"target\":[\"https:\\\/\\\/ipautomationinc.com\\\/automationcells\\\/\"]}]},{\"@type\":\"ImageObject\",\"inLanguage\":\"cs\",\"@id\":\"https:\\\/\\\/ipautomationinc.com\\\/automationcells\\\/#primaryimage\",\"url\":\"https:\\\/\\\/ipautomationinc.com\\\/wp-content\\\/uploads\\\/2017\\\/11\\\/cell-pic_Web.png\",\"contentUrl\":\"https:\\\/\\\/ipautomationinc.com\\\/wp-content\\\/uploads\\\/2017\\\/11\\\/cell-pic_Web.png\"},{\"@type\":\"WebSite\",\"@id\":\"https:\\\/\\\/ipautomationinc.com\\\/#website\",\"url\":\"https:\\\/\\\/ipautomationinc.com\\\/\",\"name\":\"IP Automation Inc\",\"description\":\"Concept... Creation... Reality...\",\"publisher\":{\"@id\":\"https:\\\/\\\/ipautomationinc.com\\\/#organization\"},\"potentialAction\":[{\"@type\":\"SearchAction\",\"target\":{\"@type\":\"EntryPoint\",\"urlTemplate\":\"https:\\\/\\\/ipautomationinc.com\\\/?s={search_term_string}\"},\"query-input\":{\"@type\":\"PropertyValueSpecification\",\"valueRequired\":true,\"valueName\":\"search_term_string\"}}],\"inLanguage\":\"cs\"},{\"@type\":\"Organization\",\"@id\":\"https:\\\/\\\/ipautomationinc.com\\\/#organization\",\"name\":\"IP Automation Inc\",\"url\":\"https:\\\/\\\/ipautomationinc.com\\\/\",\"logo\":{\"@type\":\"ImageObject\",\"inLanguage\":\"cs\",\"@id\":\"https:\\\/\\\/ipautomationinc.com\\\/#\\\/schema\\\/logo\\\/image\\\/\",\"url\":\"https:\\\/\\\/ipautomationinc.com\\\/wp-content\\\/uploads\\\/2022\\\/05\\\/IPA-Favicon.png\",\"contentUrl\":\"https:\\\/\\\/ipautomationinc.com\\\/wp-content\\\/uploads\\\/2022\\\/05\\\/IPA-Favicon.png\",\"width\":513,\"height\":513,\"caption\":\"IP Automation Inc\"},\"image\":{\"@id\":\"https:\\\/\\\/ipautomationinc.com\\\/#\\\/schema\\\/logo\\\/image\\\/\"},\"sameAs\":[\"https:\\\/\\\/www.facebook.com\\\/ipautomationinc\\\/\",\"https:\\\/\\\/www.linkedin.com\\\/company\\\/ip-automation-inc\\\/\",\"https:\\\/\\\/www.youtube.com\\\/@IPAutomation\"]}]}<\/script>\n<!-- \/ Yoast SEO plugin. -->","yoast_head_json":{"title":"Automatiza\u010dn\u00ed \u010dl\u00e1nky | IP Automation Inc","description":"Na\u0161e stroje, in\u017een\u00fd\u0159i a technici jsou p\u0159ipraveni na p\u0159izp\u016fsoben\u00e1 \u0159e\u0161en\u00ed pro va\u0161i spole\u010dnost a usnad\u0148uj\u00ed automatizaci va\u0161eho projektu. Dos\u00e1hn\u011bte sv\u00e9 vize pomoc\u00ed automatiza\u010dn\u00ed bu\u0148ky.","robots":{"index":"index","follow":"follow","max-snippet":"max-snippet:-1","max-image-preview":"max-image-preview:large","max-video-preview":"max-video-preview:-1"},"canonical":"https:\/\/ipautomationinc.com\/cs\/automatizacni-bunky\/","og_locale":"cs_CZ","og_type":"article","og_title":"Automation Cells | IP Automation Inc","og_description":"Our machines, engineers, and technicians are geared for customized solutions for your company and make automation easy for your project. Achieve your vision with an automation cell.","og_url":"https:\/\/ipautomationinc.com\/cs\/automatizacni-bunky\/","og_site_name":"IP Automation Inc","article_publisher":"https:\/\/www.facebook.com\/ipautomationinc\/","article_modified_time":"2025-09-10T20:54:28+00:00","og_image":[{"url":"https:\/\/ipautomationinc.com\/wp-content\/uploads\/2017\/11\/cell-pic_Web.png","type":"","width":"","height":""}],"schema":{"@context":"https:\/\/schema.org","@graph":[{"@type":"WebPage","@id":"https:\/\/ipautomationinc.com\/automationcells\/","url":"https:\/\/ipautomationinc.com\/automationcells\/","name":"Automatiza\u010dn\u00ed \u010dl\u00e1nky | IP Automation Inc","isPartOf":{"@id":"https:\/\/ipautomationinc.com\/#website"},"primaryImageOfPage":{"@id":"https:\/\/ipautomationinc.com\/automationcells\/#primaryimage"},"image":{"@id":"https:\/\/ipautomationinc.com\/automationcells\/#primaryimage"},"thumbnailUrl":"https:\/\/ipautomationinc.com\/wp-content\/uploads\/2017\/11\/cell-pic_Web.png","datePublished":"2017-10-27T22:33:30+00:00","dateModified":"2025-09-10T20:54:28+00:00","description":"Na\u0161e stroje, in\u017een\u00fd\u0159i a technici jsou p\u0159ipraveni na p\u0159izp\u016fsoben\u00e1 \u0159e\u0161en\u00ed pro va\u0161i spole\u010dnost a usnad\u0148uj\u00ed automatizaci va\u0161eho projektu. Dos\u00e1hn\u011bte sv\u00e9 vize pomoc\u00ed automatiza\u010dn\u00ed bu\u0148ky.","inLanguage":"cs","potentialAction":[{"@type":"ReadAction","target":["https:\/\/ipautomationinc.com\/automationcells\/"]}]},{"@type":"ImageObject","inLanguage":"cs","@id":"https:\/\/ipautomationinc.com\/automationcells\/#primaryimage","url":"https:\/\/ipautomationinc.com\/wp-content\/uploads\/2017\/11\/cell-pic_Web.png","contentUrl":"https:\/\/ipautomationinc.com\/wp-content\/uploads\/2017\/11\/cell-pic_Web.png"},{"@type":"WebSite","@id":"https:\/\/ipautomationinc.com\/#website","url":"https:\/\/ipautomationinc.com\/","name":"IP Automation Inc","description":"Koncept... Tvorba... Realita...","publisher":{"@id":"https:\/\/ipautomationinc.com\/#organization"},"potentialAction":[{"@type":"SearchAction","target":{"@type":"EntryPoint","urlTemplate":"https:\/\/ipautomationinc.com\/?s={search_term_string}"},"query-input":{"@type":"PropertyValueSpecification","valueRequired":true,"valueName":"search_term_string"}}],"inLanguage":"cs"},{"@type":"Organization","@id":"https:\/\/ipautomationinc.com\/#organization","name":"IP Automation Inc","url":"https:\/\/ipautomationinc.com\/","logo":{"@type":"ImageObject","inLanguage":"cs","@id":"https:\/\/ipautomationinc.com\/#\/schema\/logo\/image\/","url":"https:\/\/ipautomationinc.com\/wp-content\/uploads\/2022\/05\/IPA-Favicon.png","contentUrl":"https:\/\/ipautomationinc.com\/wp-content\/uploads\/2022\/05\/IPA-Favicon.png","width":513,"height":513,"caption":"IP Automation Inc"},"image":{"@id":"https:\/\/ipautomationinc.com\/#\/schema\/logo\/image\/"},"sameAs":["https:\/\/www.facebook.com\/ipautomationinc\/","https:\/\/www.linkedin.com\/company\/ip-automation-inc\/","https:\/\/www.youtube.com\/@IPAutomation"]}]}},"_links":{"self":[{"href":"https:\/\/ipautomationinc.com\/cs\/wp-json\/wp\/v2\/pages\/111","targetHints":{"allow":["GET"]}}],"collection":[{"href":"https:\/\/ipautomationinc.com\/cs\/wp-json\/wp\/v2\/pages"}],"about":[{"href":"https:\/\/ipautomationinc.com\/cs\/wp-json\/wp\/v2\/types\/page"}],"author":[{"embeddable":true,"href":"https:\/\/ipautomationinc.com\/cs\/wp-json\/wp\/v2\/users\/3"}],"replies":[{"embeddable":true,"href":"https:\/\/ipautomationinc.com\/cs\/wp-json\/wp\/v2\/comments?post=111"}],"version-history":[{"count":2,"href":"https:\/\/ipautomationinc.com\/cs\/wp-json\/wp\/v2\/pages\/111\/revisions"}],"predecessor-version":[{"id":38204,"href":"https:\/\/ipautomationinc.com\/cs\/wp-json\/wp\/v2\/pages\/111\/revisions\/38204"}],"wp:attachment":[{"href":"https:\/\/ipautomationinc.com\/cs\/wp-json\/wp\/v2\/media?parent=111"}],"curies":[{"name":"wp","href":"https:\/\/api.w.org\/{rel}","templated":true}]}}