{"id":106,"date":"2017-10-27T17:09:03","date_gmt":"2017-10-27T22:09:03","guid":{"rendered":"http:\/\/ipautomationinc.com\/?page_id=106"},"modified":"2026-04-06T11:08:32","modified_gmt":"2026-04-06T16:08:32","slug":"produkty-a-sluzby","status":"publish","type":"page","link":"https:\/\/ipautomationinc.com\/cs\/products-and-services\/","title":{"rendered":"produkty"},"content":{"rendered":"<h6 class=\"wp-block-heading\"><strong>V\u0161echny CNC oh\u00fdba\u010dky dr\u00e1tu, zahrnuj\u00edc\u00ed nejnov\u011bj\u0161\u00ed technologii a design pro efektivn\u00ed a p\u0159esn\u00e9 tv\u00e1\u0159en\u00ed. P\u0159\u00edslu\u0161enstv\u00ed, na\u0161e produkty vyr\u00e1b\u00edme s ohledem na to, \u017ee pot\u0159eby z\u00e1kazn\u00edk\u016f se mohou \u010das od \u010dasu m\u011bnit. To je d\u016fvod, pro\u010d IP Automation poskytuje n\u00e1stroje a vym\u011bniteln\u00e9 d\u00edly, kter\u00e9 z\u00e1kazn\u00edk\u016fm pomohou prov\u00e9st rychlou zm\u011bnu v p\u0159\u00edpad\u011b pot\u0159eby. Automation Cells, Standardn\u00ed automatiza\u010dn\u00ed bu\u0148ky nebo bu\u0148ky vhodn\u00e9 pro individu\u00e1ln\u00ed pot\u0159eby ka\u017ed\u00e9ho z\u00e1kazn\u00edka.<\/strong><\/h6>\n\n\n\n<p>V\u0161echny CNC oh\u00fdba\u010dky dr\u00e1tu<br>h2<br>Za\u010dlen\u011bn\u00ed nejnov\u011bj\u0161\u00ed technologie a designu pro efektivn\u00ed a p\u0159esn\u00e9 tvarov\u00e1n\u00ed.<br>horn\u00ed<br>centrum<br><img decoding=\"async\" src=\"https:\/\/ipautomationinc.com\/wp-content\/uploads\/2022\/09\/i-S-rgb-1.png\" alt=\"je jednohlav\u00e1 CNC oh\u00fdba\u010dka dr\u00e1tu\" \/><br><a href=\"https:\/\/ipautomationinc.com\/cs\/tvarovace-dratu\/\">https:\/\/ipautomationinc.com\/wire-formers\/<\/a><br>m\u011b\u0159\u00edtko ikon<br>72%<br>centrum<br>skr\u00fdt<br><br>P\u0159\u00edslu\u0161enstv\u00ed<br>h2<br>Na\u0161e produkty vytv\u00e1\u0159\u00edme s ohledem na to, \u017ee pot\u0159eby z\u00e1kazn\u00edk\u016f se mohou \u010das od \u010dasu m\u011bnit. To je d\u016fvod, pro\u010d IP Automation poskytuje n\u00e1stroje a vym\u011bniteln\u00e9 d\u00edly, kter\u00e9 z\u00e1kazn\u00edk\u016fm pomohou prov\u00e9st rychlou zm\u011bnu v p\u0159\u00edpad\u011b pot\u0159eby.<br>ikona-lampa<br>horn\u00ed<br>centrum<br><img decoding=\"async\" src=\"https:\/\/ipautomationinc.com\/wp-content\/uploads\/2022\/05\/hp-threader.jpg\" alt=\"navl\u00e9ka\u010d hp\" \/><br><a href=\"https:\/\/ipautomationinc.com\/cs\/prislusenstvi\/\">https:\/\/ipautomationinc.com\/accessories\/<\/a><br>m\u011b\u0159\u00edtko ikon<br>69%<br>skr\u00fdt<br><br>Automatiza\u010dn\u00ed \u010dl\u00e1nky<br>h2<br>Standardn\u00ed automatiza\u010dn\u00ed bu\u0148ky nebo bu\u0148ky vhodn\u00e9 pro individu\u00e1ln\u00ed pot\u0159eby ka\u017ed\u00e9ho z\u00e1kazn\u00edka.<br>ikona-lampa<br>horn\u00ed<br>centrum<br><img decoding=\"async\" src=\"https:\/\/ipautomationinc.com\/wp-content\/uploads\/2021\/11\/RobotThreaderRS.png\" alt=\"RobotThreaderRS\" \/><br><a href=\"https:\/\/ipautomationinc.com\/cs\/automatizacni-bunky\/\">https:\/\/ipautomationinc.com\/automationcells\/<\/a><br>m\u011b\u0159\u00edtko ikon<br>90%<br>skr\u00fdt<br><br><div class=\"image_frame image_item no_link scale-with-grid element_classes alignnone no_border mfn-img-box\" ><div class=\"image_wrapper\"><img decoding=\"async\" class=\"scale-with-grid\" src=\"\" fetchpriority=\"high\" alt=\"\" title=\"\" width=\"\" height=\"\" style=\"\"\/><\/div><\/div>\n\r<br>\r<br><hr class=\"no_line\" style=\"margin: 0 auto 0px auto\"\/>\n\r<br>\r<br><h4>Oh\u00fdba\u010dky dr\u00e1tu<\/h4>\r<br>\t<h6>Za\u010dlen\u011bn\u00ed nejnov\u011bj\u0161\u00ed technologie a designu pro efektivn\u00ed a p\u0159esn\u00e9 tvarov\u00e1n\u00ed.<\/h6>\r<br><br>Stroje na tvarov\u00e1n\u00ed dr\u00e1tu<br>ne-opakovat;uprost\u0159ed naho\u0159e;;<br>auto<br>0 3% 0 0<br><br><div class=\"image_frame image_item no_link scale-with-grid element_classes alignnone no_border mfn-img-box\" ><div class=\"image_wrapper\"><img decoding=\"async\" class=\"scale-with-grid\" src=\"\" fetchpriority=\"high\" alt=\"\" title=\"\" width=\"\" height=\"\" style=\"\"\/><\/div><\/div>\n\r<br><hr class=\"no_line\" style=\"margin: 0 auto 0px auto\"\/>\n\r<br>\r<br><h4>P\u0159\u00edslu\u0161enstv\u00ed<\/h4>\r<br><h6>Na\u0161e produkty vytv\u00e1\u0159\u00edme s ohledem na to, \u017ee pot\u0159eby z\u00e1kazn\u00edk\u016f se mohou \u010das od \u010dasu m\u011bnit. To je d\u016fvod, pro\u010d IP Automation poskytuje n\u00e1stroje a vym\u011bniteln\u00e9 d\u00edly, kter\u00e9 z\u00e1kazn\u00edk\u016fm pomohou prov\u00e9st rychlou zm\u011bnu v p\u0159\u00edpad\u011b pot\u0159eby.<\/h6>\r<br><br>Automatiza\u010dn\u00ed \u010dl\u00e1nky<br>ne-opakovat;uprost\u0159ed naho\u0159e;;<br>auto<br>0 3% 0 0<br><br><div class=\"image_frame image_item no_link scale-with-grid element_classes alignnone no_border mfn-img-box\" ><div class=\"image_wrapper\"><img decoding=\"async\" class=\"scale-with-grid\" src=\"\" fetchpriority=\"high\" alt=\"\" title=\"\" width=\"\" height=\"\" style=\"\"\/><\/div><\/div>\n\r<br><hr class=\"no_line\" style=\"margin: 0 auto 0px auto\"\/>\n\r<br>\r<br><h4>Automatiza\u010dn\u00ed \u010dl\u00e1nky<\/h4>\r<br><h6>Standardn\u00ed automatiza\u010dn\u00ed bu\u0148ky nebo bu\u0148ky vhodn\u00e9 pro individu\u00e1ln\u00ed pot\u0159eby ka\u017ed\u00e9ho z\u00e1kazn\u00edka.<\/h6>\r<br><br>Automatiza\u010dn\u00ed \u010dl\u00e1nky<br>ne-opakovat;uprost\u0159ed naho\u0159e;;<br>auto<br>0 3% 0 0<br><br><h2>SLU\u017dBY<\/h2><br>SLU\u017dBY<br>ne-opakovat;uprost\u0159ed naho\u0159e;;<br>auto<br><br><h6>IP Automation Inc. je hrd\u00e1 na to, \u017ee profesion\u00e1ln\u011b slou\u017e\u00ed ka\u017ed\u00e9mu z\u00e1kazn\u00edkovi a poskytuje slu\u017eby s p\u0159idanou hodnotou, aby splnily individu\u00e1ln\u00ed pot\u0159eby ka\u017ed\u00e9ho klienta. D\u00edky na\u0161im rozs\u00e1hl\u00fdm zku\u0161enostem v oboru tv\u00e1\u0159en\u00ed kov\u016f a automatizace si uv\u011bdomujeme, \u017ee pot\u0159eby z\u00e1kazn\u00edk\u016f se velmi li\u0161\u00ed. Od pomoci z\u00e1kazn\u00edkovi na konzulta\u010dn\u00edm projektu a\u017e po automatizaci cel\u00e9 tov\u00e1rny \u2013 pot\u0159eby ka\u017ed\u00e9ho klienta jsou jeho vlastn\u00ed.<\/h6><br>ne-opakovat;uprost\u0159ed naho\u0159e;;<br>auto<br>0 3% 0 0<br><br>Flexibiln\u00ed n\u00e1strojov\u00e9 syst\u00e9my pro rychlou v\u00fdm\u011bnu a zaveden\u00ed nov\u00fdch model\u016f<br>\r<br>Projektov\u00fd management\r<br>Kompletn\u00ed integrace automatizace\r<br>P\u0159estavba\r<br>In\u017een\u00fdrstv\u00ed\r<br>P\u0159idan\u00e1 hodnota\r<br>Poradenstv\u00ed\r<br><br>fadeInRight<br><br><\/p>","protected":false},"excerpt":{"rendered":"<p>All CNC Wire Bending Machines, Incorporating the latest technology and design for efficient and precise forming. Accessories, We build our<span class=\"excerpt-hellip\"> [\u2026]<\/span><\/p>\n","protected":false},"author":3,"featured_media":0,"parent":0,"menu_order":0,"comment_status":"closed","ping_status":"closed","template":"","meta":{"footnotes":""},"class_list":["post-106","page","type-page","status-publish","hentry"],"yoast_head":"<!-- This site is optimized with the Yoast SEO plugin v27.4 - https:\/\/yoast.com\/product\/yoast-seo-wordpress\/ -->\n<title>Products | IP Automation Inc<\/title>\n<meta name=\"description\" content=\"Learn more about our wire bending products, including wire bending machines, accessories, and automation cell examples.\" \/>\n<meta name=\"robots\" content=\"index, follow, max-snippet:-1, max-image-preview:large, max-video-preview:-1\" \/>\n<link rel=\"canonical\" href=\"https:\/\/ipautomationinc.com\/cs\/produkty-a-sluzby\/\" \/>\n<meta property=\"og:locale\" content=\"cs_CZ\" \/>\n<meta property=\"og:type\" content=\"article\" \/>\n<meta property=\"og:title\" content=\"Products | IP Automation Inc\" \/>\n<meta property=\"og:description\" content=\"Learn more about our wire bending products, including wire bending machines, accessories, and automation cell examples.\" \/>\n<meta property=\"og:url\" content=\"https:\/\/ipautomationinc.com\/cs\/produkty-a-sluzby\/\" \/>\n<meta property=\"og:site_name\" content=\"IP Automation Inc\" \/>\n<meta property=\"article:publisher\" content=\"https:\/\/www.facebook.com\/ipautomationinc\/\" \/>\n<meta property=\"article:modified_time\" content=\"2026-04-06T16:08:32+00:00\" \/>\n<meta property=\"og:image\" content=\"https:\/\/ipautomationinc.com\/wp-content\/uploads\/2022\/09\/i-S-rgb-1.png\" \/>\n<script type=\"application\/ld+json\" class=\"yoast-schema-graph\">{\"@context\":\"https:\\\/\\\/schema.org\",\"@graph\":[{\"@type\":\"WebPage\",\"@id\":\"https:\\\/\\\/ipautomationinc.com\\\/products-and-services\\\/\",\"url\":\"https:\\\/\\\/ipautomationinc.com\\\/products-and-services\\\/\",\"name\":\"Products | IP Automation Inc\",\"isPartOf\":{\"@id\":\"https:\\\/\\\/ipautomationinc.com\\\/#website\"},\"primaryImageOfPage\":{\"@id\":\"https:\\\/\\\/ipautomationinc.com\\\/products-and-services\\\/#primaryimage\"},\"image\":{\"@id\":\"https:\\\/\\\/ipautomationinc.com\\\/products-and-services\\\/#primaryimage\"},\"thumbnailUrl\":\"https:\\\/\\\/ipautomationinc.com\\\/wp-content\\\/uploads\\\/2022\\\/09\\\/i-S-rgb-1.png\",\"datePublished\":\"2017-10-27T22:09:03+00:00\",\"dateModified\":\"2026-04-06T16:08:32+00:00\",\"description\":\"Learn more about our wire bending products, including wire bending machines, accessories, and automation cell examples.\",\"inLanguage\":\"cs\",\"potentialAction\":[{\"@type\":\"ReadAction\",\"target\":[\"https:\\\/\\\/ipautomationinc.com\\\/products-and-services\\\/\"]}]},{\"@type\":\"ImageObject\",\"inLanguage\":\"cs\",\"@id\":\"https:\\\/\\\/ipautomationinc.com\\\/products-and-services\\\/#primaryimage\",\"url\":\"https:\\\/\\\/ipautomationinc.com\\\/wp-content\\\/uploads\\\/2022\\\/09\\\/i-S-rgb-1.png\",\"contentUrl\":\"https:\\\/\\\/ipautomationinc.com\\\/wp-content\\\/uploads\\\/2022\\\/09\\\/i-S-rgb-1.png\"},{\"@type\":\"WebSite\",\"@id\":\"https:\\\/\\\/ipautomationinc.com\\\/#website\",\"url\":\"https:\\\/\\\/ipautomationinc.com\\\/\",\"name\":\"IP Automation Inc\",\"description\":\"Concept... Creation... Reality...\",\"publisher\":{\"@id\":\"https:\\\/\\\/ipautomationinc.com\\\/#organization\"},\"potentialAction\":[{\"@type\":\"SearchAction\",\"target\":{\"@type\":\"EntryPoint\",\"urlTemplate\":\"https:\\\/\\\/ipautomationinc.com\\\/?s={search_term_string}\"},\"query-input\":{\"@type\":\"PropertyValueSpecification\",\"valueRequired\":true,\"valueName\":\"search_term_string\"}}],\"inLanguage\":\"cs\"},{\"@type\":\"Organization\",\"@id\":\"https:\\\/\\\/ipautomationinc.com\\\/#organization\",\"name\":\"IP Automation Inc\",\"url\":\"https:\\\/\\\/ipautomationinc.com\\\/\",\"logo\":{\"@type\":\"ImageObject\",\"inLanguage\":\"cs\",\"@id\":\"https:\\\/\\\/ipautomationinc.com\\\/#\\\/schema\\\/logo\\\/image\\\/\",\"url\":\"https:\\\/\\\/ipautomationinc.com\\\/wp-content\\\/uploads\\\/2022\\\/05\\\/IPA-Favicon.png\",\"contentUrl\":\"https:\\\/\\\/ipautomationinc.com\\\/wp-content\\\/uploads\\\/2022\\\/05\\\/IPA-Favicon.png\",\"width\":513,\"height\":513,\"caption\":\"IP Automation Inc\"},\"image\":{\"@id\":\"https:\\\/\\\/ipautomationinc.com\\\/#\\\/schema\\\/logo\\\/image\\\/\"},\"sameAs\":[\"https:\\\/\\\/www.facebook.com\\\/ipautomationinc\\\/\",\"https:\\\/\\\/www.linkedin.com\\\/company\\\/ip-automation-inc\\\/\",\"https:\\\/\\\/www.youtube.com\\\/@IPAutomation\"]}]}<\/script>\n<!-- \/ Yoast SEO plugin. -->","yoast_head_json":{"title":"Produkty | IP Automation Inc","description":"Zjist\u011bte v\u00edce o na\u0161ich produktech pro oh\u00fdb\u00e1n\u00ed dr\u00e1tu, v\u010detn\u011b stroj\u016f na oh\u00fdb\u00e1n\u00ed dr\u00e1tu, p\u0159\u00edslu\u0161enstv\u00ed a p\u0159\u00edklad\u016f automatiza\u010dn\u00edch bun\u011bk.","robots":{"index":"index","follow":"follow","max-snippet":"max-snippet:-1","max-image-preview":"max-image-preview:large","max-video-preview":"max-video-preview:-1"},"canonical":"https:\/\/ipautomationinc.com\/cs\/produkty-a-sluzby\/","og_locale":"cs_CZ","og_type":"article","og_title":"Products | IP Automation Inc","og_description":"Learn more about our wire bending products, including wire bending machines, accessories, and automation cell examples.","og_url":"https:\/\/ipautomationinc.com\/cs\/produkty-a-sluzby\/","og_site_name":"IP Automation Inc","article_publisher":"https:\/\/www.facebook.com\/ipautomationinc\/","article_modified_time":"2026-04-06T16:08:32+00:00","og_image":[{"url":"https:\/\/ipautomationinc.com\/wp-content\/uploads\/2022\/09\/i-S-rgb-1.png","type":"","width":"","height":""}],"schema":{"@context":"https:\/\/schema.org","@graph":[{"@type":"WebPage","@id":"https:\/\/ipautomationinc.com\/products-and-services\/","url":"https:\/\/ipautomationinc.com\/products-and-services\/","name":"Produkty | IP Automation Inc","isPartOf":{"@id":"https:\/\/ipautomationinc.com\/#website"},"primaryImageOfPage":{"@id":"https:\/\/ipautomationinc.com\/products-and-services\/#primaryimage"},"image":{"@id":"https:\/\/ipautomationinc.com\/products-and-services\/#primaryimage"},"thumbnailUrl":"https:\/\/ipautomationinc.com\/wp-content\/uploads\/2022\/09\/i-S-rgb-1.png","datePublished":"2017-10-27T22:09:03+00:00","dateModified":"2026-04-06T16:08:32+00:00","description":"Zjist\u011bte v\u00edce o na\u0161ich produktech pro oh\u00fdb\u00e1n\u00ed dr\u00e1tu, v\u010detn\u011b stroj\u016f na oh\u00fdb\u00e1n\u00ed dr\u00e1tu, p\u0159\u00edslu\u0161enstv\u00ed a p\u0159\u00edklad\u016f automatiza\u010dn\u00edch bun\u011bk.","inLanguage":"cs","potentialAction":[{"@type":"ReadAction","target":["https:\/\/ipautomationinc.com\/products-and-services\/"]}]},{"@type":"ImageObject","inLanguage":"cs","@id":"https:\/\/ipautomationinc.com\/products-and-services\/#primaryimage","url":"https:\/\/ipautomationinc.com\/wp-content\/uploads\/2022\/09\/i-S-rgb-1.png","contentUrl":"https:\/\/ipautomationinc.com\/wp-content\/uploads\/2022\/09\/i-S-rgb-1.png"},{"@type":"WebSite","@id":"https:\/\/ipautomationinc.com\/#website","url":"https:\/\/ipautomationinc.com\/","name":"IP Automation Inc","description":"Koncept... Tvorba... Realita...","publisher":{"@id":"https:\/\/ipautomationinc.com\/#organization"},"potentialAction":[{"@type":"SearchAction","target":{"@type":"EntryPoint","urlTemplate":"https:\/\/ipautomationinc.com\/?s={search_term_string}"},"query-input":{"@type":"PropertyValueSpecification","valueRequired":true,"valueName":"search_term_string"}}],"inLanguage":"cs"},{"@type":"Organization","@id":"https:\/\/ipautomationinc.com\/#organization","name":"IP Automation Inc","url":"https:\/\/ipautomationinc.com\/","logo":{"@type":"ImageObject","inLanguage":"cs","@id":"https:\/\/ipautomationinc.com\/#\/schema\/logo\/image\/","url":"https:\/\/ipautomationinc.com\/wp-content\/uploads\/2022\/05\/IPA-Favicon.png","contentUrl":"https:\/\/ipautomationinc.com\/wp-content\/uploads\/2022\/05\/IPA-Favicon.png","width":513,"height":513,"caption":"IP Automation Inc"},"image":{"@id":"https:\/\/ipautomationinc.com\/#\/schema\/logo\/image\/"},"sameAs":["https:\/\/www.facebook.com\/ipautomationinc\/","https:\/\/www.linkedin.com\/company\/ip-automation-inc\/","https:\/\/www.youtube.com\/@IPAutomation"]}]}},"_links":{"self":[{"href":"https:\/\/ipautomationinc.com\/cs\/wp-json\/wp\/v2\/pages\/106","targetHints":{"allow":["GET"]}}],"collection":[{"href":"https:\/\/ipautomationinc.com\/cs\/wp-json\/wp\/v2\/pages"}],"about":[{"href":"https:\/\/ipautomationinc.com\/cs\/wp-json\/wp\/v2\/types\/page"}],"author":[{"embeddable":true,"href":"https:\/\/ipautomationinc.com\/cs\/wp-json\/wp\/v2\/users\/3"}],"replies":[{"embeddable":true,"href":"https:\/\/ipautomationinc.com\/cs\/wp-json\/wp\/v2\/comments?post=106"}],"version-history":[{"count":1,"href":"https:\/\/ipautomationinc.com\/cs\/wp-json\/wp\/v2\/pages\/106\/revisions"}],"predecessor-version":[{"id":38049,"href":"https:\/\/ipautomationinc.com\/cs\/wp-json\/wp\/v2\/pages\/106\/revisions\/38049"}],"wp:attachment":[{"href":"https:\/\/ipautomationinc.com\/cs\/wp-json\/wp\/v2\/media?parent=106"}],"curies":[{"name":"wp","href":"https:\/\/api.w.org\/{rel}","templated":true}]}}